{"id":1128,"date":"2024-01-27T07:22:30","date_gmt":"2024-01-27T07:22:30","guid":{"rendered":"https:\/\/www.hotellesseps.com\/desayuno-buffet\/"},"modified":"2026-03-31T16:08:44","modified_gmt":"2026-03-31T16:08:44","slug":"esmorzar-bufet","status":"publish","type":"page","link":"https:\/\/www.hotellesseps.com\/ca\/esmorzar-bufet\/","title":{"rendered":"Esmorzar"},"content":{"rendered":"<p>&nbsp;<\/p>\n<p>Gaudeix del nostre bufet d&#8217;esmorzar mediterrani en un dels millors llocs per allotjar-se a Barcelona. Una deliciosa selecci\u00f3 de plats calents, embotits i amanides, perfectament complementats amb la riquesa de llet, iogurts i fruita de temporada. Beveu sucs mentre explores una varietat de cereals, formatges espanyols, pastes i melmelades, tot mentre assaboreixes un assortiment de pa acabat de fer.<\/p>\n<p>Per completar el mat\u00ed al nostre hotel, tria entre una gamma de caf\u00e8s Nespresso i mescles de caf\u00e8 locals per comen\u00e7ar el dia amb sabor.<\/p>\n<p>Disponible de dilluns a divendres de 7 a 10:30 h, i els dissabtes i diumenges de 8 a 11 h al nostre hotel del districte de Gr\u00e0cia, assegurant-vos que teniu l&#8217;energia necess\u00e0ria per explorar la vibrant ciutat o fer un viatge r\u00e0pid a llocs d&#8217;inter\u00e8s propers com el Park G\u00fcell.<\/p>\n","protected":false},"excerpt":{"rendered":"<p>&nbsp; Gaudeix del nostre bufet d&#8217;esmorzar mediterrani en un dels millors llocs per allotjar-se a Barcelona. Una deliciosa selecci\u00f3 de plats calents, embotits i amanides, perfectament complementats amb la riquesa de llet, iogurts i fruita de temporada. Beveu sucs mentre explores una varietat de cereals, formatges espanyols, pastes i melmelades, tot mentre assaboreixes un assortiment [&hellip;]<\/p>\n","protected":false},"author":504,"featured_media":0,"parent":0,"menu_order":21,"comment_status":"closed","ping_status":"closed","template":"template-single-restaurant.php","meta":{"footnotes":""},"class_list":["post-1128","page","type-page","status-publish","hentry"],"yoast_head":"<!-- This site is optimized with the Yoast SEO plugin v26.9 - https:\/\/yoast.com\/product\/yoast-seo-wordpress\/ -->\n<title>Esmorzar - Hotel Ronda Lesseps -<\/title>\n<meta name=\"description\" content=\"Gaudeix del nostre esmorzar bufet mediterrani amb plats calents, embotits, amanides, iogurts i fruites fresques de temporada.\" \/>\n<meta name=\"robots\" content=\"index, follow, max-snippet:-1, max-image-preview:large, max-video-preview:-1\" \/>\n<link rel=\"canonical\" href=\"https:\/\/www.hotellesseps.com\/ca\/esmorzar-bufet\/\" \/>\n<meta property=\"og:locale\" content=\"ca_ES\" \/>\n<meta property=\"og:type\" content=\"article\" \/>\n<meta property=\"og:title\" content=\"Esmorzar - Hotel Ronda Lesseps -\" \/>\n<meta property=\"og:description\" content=\"Gaudeix del nostre esmorzar bufet mediterrani amb plats calents, embotits, amanides, iogurts i fruites fresques de temporada.\" \/>\n<meta property=\"og:url\" content=\"https:\/\/www.hotellesseps.com\/ca\/esmorzar-bufet\/\" \/>\n<meta property=\"og:site_name\" content=\"Hotel Ronda Lesseps\" \/>\n<meta property=\"article:modified_time\" content=\"2026-03-31T16:08:44+00:00\" \/>\n<meta name=\"twitter:card\" content=\"summary_large_image\" \/>\n<meta name=\"twitter:label1\" content=\"Temps estimat de lectura\" \/>\n\t<meta name=\"twitter:data1\" content=\"1 minut\" \/>\n<script type=\"application\/ld+json\" class=\"yoast-schema-graph\">{\"@context\":\"https:\/\/schema.org\",\"@graph\":[{\"@type\":\"WebPage\",\"@id\":\"https:\/\/www.hotellesseps.com\/ca\/esmorzar-bufet\/\",\"url\":\"https:\/\/www.hotellesseps.com\/ca\/esmorzar-bufet\/\",\"name\":\"Esmorzar - Hotel Ronda Lesseps -\",\"isPartOf\":{\"@id\":\"https:\/\/www.hotellesseps.com\/ca\/#website\"},\"datePublished\":\"2024-01-27T07:22:30+00:00\",\"dateModified\":\"2026-03-31T16:08:44+00:00\",\"description\":\"Gaudeix del nostre esmorzar bufet mediterrani amb plats calents, embotits, amanides, iogurts i fruites fresques de temporada.\",\"breadcrumb\":{\"@id\":\"https:\/\/www.hotellesseps.com\/ca\/esmorzar-bufet\/#breadcrumb\"},\"inLanguage\":\"ca\",\"potentialAction\":[{\"@type\":\"ReadAction\",\"target\":[\"https:\/\/www.hotellesseps.com\/ca\/esmorzar-bufet\/\"]}]},{\"@type\":\"BreadcrumbList\",\"@id\":\"https:\/\/www.hotellesseps.com\/ca\/esmorzar-bufet\/#breadcrumb\",\"itemListElement\":[{\"@type\":\"ListItem\",\"position\":1,\"name\":\"Home\",\"item\":\"https:\/\/www.hotellesseps.com\/ca\/\"},{\"@type\":\"ListItem\",\"position\":2,\"name\":\"Esmorzar\"}]},{\"@type\":\"WebSite\",\"@id\":\"https:\/\/www.hotellesseps.com\/ca\/#website\",\"url\":\"https:\/\/www.hotellesseps.com\/ca\/\",\"name\":\"Hotel Ronda Lesseps\",\"description\":\"Just another ms.decms.eu site\",\"potentialAction\":[{\"@type\":\"SearchAction\",\"target\":{\"@type\":\"EntryPoint\",\"urlTemplate\":\"https:\/\/www.hotellesseps.com\/ca\/?s={search_term_string}\"},\"query-input\":{\"@type\":\"PropertyValueSpecification\",\"valueRequired\":true,\"valueName\":\"search_term_string\"}}],\"inLanguage\":\"ca\"}]}<\/script>\n<!-- \/ Yoast SEO plugin. -->","yoast_head_json":{"title":"Esmorzar - Hotel Ronda Lesseps -","description":"Gaudeix del nostre esmorzar bufet mediterrani amb plats calents, embotits, amanides, iogurts i fruites fresques de temporada.","robots":{"index":"index","follow":"follow","max-snippet":"max-snippet:-1","max-image-preview":"max-image-preview:large","max-video-preview":"max-video-preview:-1"},"canonical":"https:\/\/www.hotellesseps.com\/ca\/esmorzar-bufet\/","og_locale":"ca_ES","og_type":"article","og_title":"Esmorzar - Hotel Ronda Lesseps -","og_description":"Gaudeix del nostre esmorzar bufet mediterrani amb plats calents, embotits, amanides, iogurts i fruites fresques de temporada.","og_url":"https:\/\/www.hotellesseps.com\/ca\/esmorzar-bufet\/","og_site_name":"Hotel Ronda Lesseps","article_modified_time":"2026-03-31T16:08:44+00:00","twitter_card":"summary_large_image","twitter_misc":{"Temps estimat de lectura":"1 minut"},"schema":{"@context":"https:\/\/schema.org","@graph":[{"@type":"WebPage","@id":"https:\/\/www.hotellesseps.com\/ca\/esmorzar-bufet\/","url":"https:\/\/www.hotellesseps.com\/ca\/esmorzar-bufet\/","name":"Esmorzar - Hotel Ronda Lesseps -","isPartOf":{"@id":"https:\/\/www.hotellesseps.com\/ca\/#website"},"datePublished":"2024-01-27T07:22:30+00:00","dateModified":"2026-03-31T16:08:44+00:00","description":"Gaudeix del nostre esmorzar bufet mediterrani amb plats calents, embotits, amanides, iogurts i fruites fresques de temporada.","breadcrumb":{"@id":"https:\/\/www.hotellesseps.com\/ca\/esmorzar-bufet\/#breadcrumb"},"inLanguage":"ca","potentialAction":[{"@type":"ReadAction","target":["https:\/\/www.hotellesseps.com\/ca\/esmorzar-bufet\/"]}]},{"@type":"BreadcrumbList","@id":"https:\/\/www.hotellesseps.com\/ca\/esmorzar-bufet\/#breadcrumb","itemListElement":[{"@type":"ListItem","position":1,"name":"Home","item":"https:\/\/www.hotellesseps.com\/ca\/"},{"@type":"ListItem","position":2,"name":"Esmorzar"}]},{"@type":"WebSite","@id":"https:\/\/www.hotellesseps.com\/ca\/#website","url":"https:\/\/www.hotellesseps.com\/ca\/","name":"Hotel Ronda Lesseps","description":"Just another ms.decms.eu site","potentialAction":[{"@type":"SearchAction","target":{"@type":"EntryPoint","urlTemplate":"https:\/\/www.hotellesseps.com\/ca\/?s={search_term_string}"},"query-input":{"@type":"PropertyValueSpecification","valueRequired":true,"valueName":"search_term_string"}}],"inLanguage":"ca"}]}},"acf":[],"_links":{"self":[{"href":"https:\/\/www.hotellesseps.com\/ca\/wp-json\/wp\/v2\/pages\/1128","targetHints":{"allow":["GET"]}}],"collection":[{"href":"https:\/\/www.hotellesseps.com\/ca\/wp-json\/wp\/v2\/pages"}],"about":[{"href":"https:\/\/www.hotellesseps.com\/ca\/wp-json\/wp\/v2\/types\/page"}],"author":[{"embeddable":true,"href":"https:\/\/www.hotellesseps.com\/ca\/wp-json\/wp\/v2\/users\/504"}],"replies":[{"embeddable":true,"href":"https:\/\/www.hotellesseps.com\/ca\/wp-json\/wp\/v2\/comments?post=1128"}],"version-history":[{"count":0,"href":"https:\/\/www.hotellesseps.com\/ca\/wp-json\/wp\/v2\/pages\/1128\/revisions"}],"wp:attachment":[{"href":"https:\/\/www.hotellesseps.com\/ca\/wp-json\/wp\/v2\/media?parent=1128"}],"curies":[{"name":"wp","href":"https:\/\/api.w.org\/{rel}","templated":true}]}}