{"id":1506,"date":"2026-03-31T15:26:36","date_gmt":"2026-03-31T15:26:36","guid":{"rendered":"https:\/\/www.hotellesseps.com\/?page_id=1506"},"modified":"2026-03-31T15:43:23","modified_gmt":"2026-03-31T15:43:23","slug":"parquing-barcelona","status":"publish","type":"page","link":"https:\/\/www.hotellesseps.com\/ca\/parquing-barcelona\/","title":{"rendered":"P\u00e0rquing"},"content":{"rendered":"<p>&nbsp;<\/p>\n<p><strong>P\u00e0rquing segur a l\u2019hotel<br \/>\n<\/strong>L\u2019Hotel Ronda Lesseps disposa de p\u00e0rquing privat amb acc\u00e9s directe, perqu\u00e8 pugui arribar i aparcar c\u00f2modament sense haver de buscar alternatives a la zona.<\/p>\n<p><strong>P\u00e0rquing garantit per als hostes<br \/>\n<\/strong>Disponible per a tots els clients de l\u2019hotel sense reserva pr\u00e8via. Sempre es garanteix una pla\u00e7a durant la seva estada, perqu\u00e8 pugui arribar amb total tranquil\u00b7litat.<\/p>\n<p><strong>Condicions exclusives per als hostes<br \/>\n<\/strong>Tarifa fixa de <strong>28 \u20ac per 24 hores<\/strong>, amb entrades i sortides il\u00b7limitades durant l\u2019estada.<\/p>\n<p><strong>Tamb\u00e9 disponible per a no hostes<br \/>\n<\/strong>El p\u00e0rquing est\u00e0 obert a clients externs, amb tarifa per minuts i un m\u00e0xim de 32 \u20ac per 24 hores.<\/p>\n<p><strong>Pensat per a la seva comoditat<br \/>\n<\/strong>Altura m\u00e0xima de 2,10 m i <strong>punt de c\u00e0rrega per a vehicles el\u00e8ctrics gratu\u00eft<\/strong>.<\/p>\n","protected":false},"excerpt":{"rendered":"<p>&nbsp; P\u00e0rquing segur a l\u2019hotel L\u2019Hotel Ronda Lesseps disposa de p\u00e0rquing privat amb acc\u00e9s directe, perqu\u00e8 pugui arribar i aparcar c\u00f2modament sense haver de buscar alternatives a la zona. P\u00e0rquing garantit per als hostes Disponible per a tots els clients de l\u2019hotel sense reserva pr\u00e8via. Sempre es garanteix una pla\u00e7a durant la seva estada, perqu\u00e8 [&hellip;]<\/p>\n","protected":false},"author":504,"featured_media":0,"parent":0,"menu_order":0,"comment_status":"closed","ping_status":"closed","template":"template-rooms.php","meta":{"footnotes":""},"class_list":["post-1506","page","type-page","status-publish","hentry"],"yoast_head":"<!-- This site is optimized with the Yoast SEO plugin v26.9 - https:\/\/yoast.com\/product\/yoast-seo-wordpress\/ -->\n<title>Hotel amb p\u00e0rquing a Barcelona (Gr\u00e0cia) | Hotel Ronda Lesseps<\/title>\n<meta name=\"description\" content=\"Web oficial. Hotel amb p\u00e0rquing garantit a Barcelona, sense reserva i ambc\u00e0rrega el\u00e8ctrica.\" \/>\n<meta name=\"robots\" content=\"index, follow, max-snippet:-1, max-image-preview:large, max-video-preview:-1\" \/>\n<link rel=\"canonical\" href=\"https:\/\/www.hotellesseps.com\/ca\/parquing-barcelona\/\" \/>\n<meta property=\"og:locale\" content=\"ca_ES\" \/>\n<meta property=\"og:type\" content=\"article\" \/>\n<meta property=\"og:title\" content=\"Hotel amb p\u00e0rquing a Barcelona (Gr\u00e0cia) | Hotel Ronda Lesseps\" \/>\n<meta property=\"og:description\" content=\"Web oficial. Hotel amb p\u00e0rquing garantit a Barcelona, sense reserva i ambc\u00e0rrega el\u00e8ctrica.\" \/>\n<meta property=\"og:url\" content=\"https:\/\/www.hotellesseps.com\/ca\/parquing-barcelona\/\" \/>\n<meta property=\"og:site_name\" content=\"Hotel Ronda Lesseps\" \/>\n<meta property=\"article:modified_time\" content=\"2026-03-31T15:43:23+00:00\" \/>\n<meta name=\"twitter:card\" content=\"summary_large_image\" \/>\n<meta name=\"twitter:label1\" content=\"Temps estimat de lectura\" \/>\n\t<meta name=\"twitter:data1\" content=\"1 minut\" \/>\n<script type=\"application\/ld+json\" class=\"yoast-schema-graph\">{\"@context\":\"https:\/\/schema.org\",\"@graph\":[{\"@type\":\"WebPage\",\"@id\":\"https:\/\/www.hotellesseps.com\/ca\/parquing-barcelona\/\",\"url\":\"https:\/\/www.hotellesseps.com\/ca\/parquing-barcelona\/\",\"name\":\"Hotel amb p\u00e0rquing a Barcelona (Gr\u00e0cia) | Hotel Ronda Lesseps\",\"isPartOf\":{\"@id\":\"https:\/\/www.hotellesseps.com\/ca\/#website\"},\"datePublished\":\"2026-03-31T15:26:36+00:00\",\"dateModified\":\"2026-03-31T15:43:23+00:00\",\"description\":\"Web oficial. Hotel amb p\u00e0rquing garantit a Barcelona, sense reserva i ambc\u00e0rrega el\u00e8ctrica.\",\"breadcrumb\":{\"@id\":\"https:\/\/www.hotellesseps.com\/ca\/parquing-barcelona\/#breadcrumb\"},\"inLanguage\":\"ca\",\"potentialAction\":[{\"@type\":\"ReadAction\",\"target\":[\"https:\/\/www.hotellesseps.com\/ca\/parquing-barcelona\/\"]}]},{\"@type\":\"BreadcrumbList\",\"@id\":\"https:\/\/www.hotellesseps.com\/ca\/parquing-barcelona\/#breadcrumb\",\"itemListElement\":[{\"@type\":\"ListItem\",\"position\":1,\"name\":\"Home\",\"item\":\"https:\/\/www.hotellesseps.com\/ca\/\"},{\"@type\":\"ListItem\",\"position\":2,\"name\":\"P\u00e0rquing\"}]},{\"@type\":\"WebSite\",\"@id\":\"https:\/\/www.hotellesseps.com\/ca\/#website\",\"url\":\"https:\/\/www.hotellesseps.com\/ca\/\",\"name\":\"Hotel Ronda Lesseps\",\"description\":\"Just another ms.decms.eu site\",\"potentialAction\":[{\"@type\":\"SearchAction\",\"target\":{\"@type\":\"EntryPoint\",\"urlTemplate\":\"https:\/\/www.hotellesseps.com\/ca\/?s={search_term_string}\"},\"query-input\":{\"@type\":\"PropertyValueSpecification\",\"valueRequired\":true,\"valueName\":\"search_term_string\"}}],\"inLanguage\":\"ca\"}]}<\/script>\n<!-- \/ Yoast SEO plugin. -->","yoast_head_json":{"title":"Hotel amb p\u00e0rquing a Barcelona (Gr\u00e0cia) | Hotel Ronda Lesseps","description":"Web oficial. Hotel amb p\u00e0rquing garantit a Barcelona, sense reserva i ambc\u00e0rrega el\u00e8ctrica.","robots":{"index":"index","follow":"follow","max-snippet":"max-snippet:-1","max-image-preview":"max-image-preview:large","max-video-preview":"max-video-preview:-1"},"canonical":"https:\/\/www.hotellesseps.com\/ca\/parquing-barcelona\/","og_locale":"ca_ES","og_type":"article","og_title":"Hotel amb p\u00e0rquing a Barcelona (Gr\u00e0cia) | Hotel Ronda Lesseps","og_description":"Web oficial. Hotel amb p\u00e0rquing garantit a Barcelona, sense reserva i ambc\u00e0rrega el\u00e8ctrica.","og_url":"https:\/\/www.hotellesseps.com\/ca\/parquing-barcelona\/","og_site_name":"Hotel Ronda Lesseps","article_modified_time":"2026-03-31T15:43:23+00:00","twitter_card":"summary_large_image","twitter_misc":{"Temps estimat de lectura":"1 minut"},"schema":{"@context":"https:\/\/schema.org","@graph":[{"@type":"WebPage","@id":"https:\/\/www.hotellesseps.com\/ca\/parquing-barcelona\/","url":"https:\/\/www.hotellesseps.com\/ca\/parquing-barcelona\/","name":"Hotel amb p\u00e0rquing a Barcelona (Gr\u00e0cia) | Hotel Ronda Lesseps","isPartOf":{"@id":"https:\/\/www.hotellesseps.com\/ca\/#website"},"datePublished":"2026-03-31T15:26:36+00:00","dateModified":"2026-03-31T15:43:23+00:00","description":"Web oficial. Hotel amb p\u00e0rquing garantit a Barcelona, sense reserva i ambc\u00e0rrega el\u00e8ctrica.","breadcrumb":{"@id":"https:\/\/www.hotellesseps.com\/ca\/parquing-barcelona\/#breadcrumb"},"inLanguage":"ca","potentialAction":[{"@type":"ReadAction","target":["https:\/\/www.hotellesseps.com\/ca\/parquing-barcelona\/"]}]},{"@type":"BreadcrumbList","@id":"https:\/\/www.hotellesseps.com\/ca\/parquing-barcelona\/#breadcrumb","itemListElement":[{"@type":"ListItem","position":1,"name":"Home","item":"https:\/\/www.hotellesseps.com\/ca\/"},{"@type":"ListItem","position":2,"name":"P\u00e0rquing"}]},{"@type":"WebSite","@id":"https:\/\/www.hotellesseps.com\/ca\/#website","url":"https:\/\/www.hotellesseps.com\/ca\/","name":"Hotel Ronda Lesseps","description":"Just another ms.decms.eu site","potentialAction":[{"@type":"SearchAction","target":{"@type":"EntryPoint","urlTemplate":"https:\/\/www.hotellesseps.com\/ca\/?s={search_term_string}"},"query-input":{"@type":"PropertyValueSpecification","valueRequired":true,"valueName":"search_term_string"}}],"inLanguage":"ca"}]}},"acf":[],"_links":{"self":[{"href":"https:\/\/www.hotellesseps.com\/ca\/wp-json\/wp\/v2\/pages\/1506","targetHints":{"allow":["GET"]}}],"collection":[{"href":"https:\/\/www.hotellesseps.com\/ca\/wp-json\/wp\/v2\/pages"}],"about":[{"href":"https:\/\/www.hotellesseps.com\/ca\/wp-json\/wp\/v2\/types\/page"}],"author":[{"embeddable":true,"href":"https:\/\/www.hotellesseps.com\/ca\/wp-json\/wp\/v2\/users\/504"}],"replies":[{"embeddable":true,"href":"https:\/\/www.hotellesseps.com\/ca\/wp-json\/wp\/v2\/comments?post=1506"}],"version-history":[{"count":0,"href":"https:\/\/www.hotellesseps.com\/ca\/wp-json\/wp\/v2\/pages\/1506\/revisions"}],"wp:attachment":[{"href":"https:\/\/www.hotellesseps.com\/ca\/wp-json\/wp\/v2\/media?parent=1506"}],"curies":[{"name":"wp","href":"https:\/\/api.w.org\/{rel}","templated":true}]}}