{"id":19,"date":"2022-04-20T14:36:54","date_gmt":"2022-04-20T14:36:54","guid":{"rendered":"https:\/\/hotel-ronda-lesseps.ms.decms.eu\/?page_id=19"},"modified":"2026-03-30T07:03:20","modified_gmt":"2026-03-30T07:03:20","slug":"hotel-ronda-lesseps","status":"publish","type":"page","link":"https:\/\/www.hotellesseps.com\/ca\/","title":{"rendered":"Hotel Ronda Lesseps"},"content":{"rendered":"<p>&nbsp;<\/p>\n<p>Benvingut a l&#8217;Hotel Ronda Lesseps, un ep\u00edtom de calidesa i hospitalitat al cor de Barcelona. Instal\u00b7leu-vos en un retir captivador amb dues exquisides terrasses verdes, ideals per als que busquen relaxar-se en un ambient exuberant i ser\u00e8.<\/p>\n<p>Convenientment ubicat a Barcelona, \u200b\u200bel nostre hotel ofereix un acc\u00e9s incomparable a les encantadores atraccions de la ciutat, incl\u00f2s el districte hist\u00f2ric de Gr\u00e0cia. Amb ben comunicat amb transport p\u00fablic i la comoditat de l&#8217;estacionament al lloc, explorar la ciutat \u00e9s f\u00e0cil des de la nostra porta.<\/p>\n<p>Un passeig de nom\u00e9s deu minuts et portar\u00e0 a l&#8217;emblem\u00e0tic Parc G\u00fcell, una obra mestra del llegendari Antoni Gaud\u00ed. Submergeix-te a les impressionants gestes arquitect\u00f2niques i art\u00edstiques del parc i gaudeix de l&#8217;esplendor d&#8217;un dels monuments m\u00e9s importants de Barcelona.<\/p>\n<p>Experimenta la m\u00e0gia de Barcelona amb una estada a Hotel Ronda Lesseps, on cada detall est\u00e0 pensat per a la teva comoditat i conveni\u00e8ncia.<\/p>\n<p>Descobriu els millors llocs per allotjar-vos a Barcelona a l&#8217;Hotel Ronda Lesseps, que ofereix un refugi acollidor amb terrasses verdes, p\u00e0rquing a l&#8217;hotel i f\u00e0cil acc\u00e9s al Parc G\u00fcell ia l&#8217;hist\u00f2ric districte de Gr\u00e0cia. Reserva la teva estada avui!<\/p>\n","protected":false},"excerpt":{"rendered":"<p>&nbsp; Benvingut a l&#8217;Hotel Ronda Lesseps, un ep\u00edtom de calidesa i hospitalitat al cor de Barcelona. Instal\u00b7leu-vos en un retir captivador amb dues exquisides terrasses verdes, ideals per als que busquen relaxar-se en un ambient exuberant i ser\u00e8. Convenientment ubicat a Barcelona, \u200b\u200bel nostre hotel ofereix un acc\u00e9s incomparable a les encantadores atraccions de la [&hellip;]<\/p>\n","protected":false},"author":4,"featured_media":940,"parent":0,"menu_order":0,"comment_status":"closed","ping_status":"closed","template":"","meta":{"footnotes":""},"class_list":["post-19","page","type-page","status-publish","has-post-thumbnail","hentry"],"yoast_head":"<!-- This site is optimized with the Yoast SEO plugin v26.9 - https:\/\/yoast.com\/product\/yoast-seo-wordpress\/ -->\n<title>Hotel Ronda Lesseps a Barcelona | P\u00e0gina Web Oficial<\/title>\n<meta name=\"description\" content=\"Benvingut a l&#039;Hotel Ronda Lesseps, un hotel de 4 estrelles a Barcelona amb f\u00e0cil acc\u00e9s a l&#039;encant de Gr\u00e0cia i a les atraccions de la ciutat.\" \/>\n<meta name=\"robots\" content=\"index, follow, max-snippet:-1, max-image-preview:large, max-video-preview:-1\" \/>\n<link rel=\"canonical\" href=\"https:\/\/www.hotellesseps.com\/ca\/\" \/>\n<meta property=\"og:locale\" content=\"ca_ES\" \/>\n<meta property=\"og:type\" content=\"article\" \/>\n<meta property=\"og:title\" content=\"Hotel Ronda Lesseps a Barcelona | P\u00e0gina Web Oficial\" \/>\n<meta property=\"og:description\" content=\"Benvingut a l&#039;Hotel Ronda Lesseps, un hotel de 4 estrelles a Barcelona amb f\u00e0cil acc\u00e9s a l&#039;encant de Gr\u00e0cia i a les atraccions de la ciutat.\" \/>\n<meta property=\"og:url\" content=\"https:\/\/www.hotellesseps.com\/ca\/\" \/>\n<meta property=\"og:site_name\" content=\"Hotel Ronda Lesseps\" \/>\n<meta property=\"article:modified_time\" content=\"2026-03-30T07:03:20+00:00\" \/>\n<meta property=\"og:image\" content=\"https:\/\/www.hotellesseps.com\/wp-content\/uploads\/sites\/436\/2022\/09\/01-Terrasseta-de-Lesseps-02-HDR_thumb.jpg\" \/>\n\t<meta property=\"og:image:width\" content=\"1200\" \/>\n\t<meta property=\"og:image:height\" content=\"800\" \/>\n\t<meta property=\"og:image:type\" content=\"image\/jpeg\" \/>\n<meta name=\"twitter:card\" content=\"summary_large_image\" \/>\n<meta name=\"twitter:label1\" content=\"Temps estimat de lectura\" \/>\n\t<meta name=\"twitter:data1\" content=\"2 minuts\" \/>\n<script type=\"application\/ld+json\" class=\"yoast-schema-graph\">{\"@context\":\"https:\/\/schema.org\",\"@graph\":[{\"@type\":\"WebPage\",\"@id\":\"https:\/\/www.hotellesseps.com\/ca\/\",\"url\":\"https:\/\/www.hotellesseps.com\/ca\/\",\"name\":\"Hotel Ronda Lesseps a Barcelona | P\u00e0gina Web Oficial\",\"isPartOf\":{\"@id\":\"https:\/\/www.hotellesseps.com\/ca\/#website\"},\"primaryImageOfPage\":{\"@id\":\"https:\/\/www.hotellesseps.com\/ca\/#primaryimage\"},\"image\":{\"@id\":\"https:\/\/www.hotellesseps.com\/ca\/#primaryimage\"},\"thumbnailUrl\":\"https:\/\/www.hotellesseps.com\/wp-content\/uploads\/sites\/436\/2022\/09\/01-Terrasseta-de-Lesseps-02-HDR_thumb.jpg\",\"datePublished\":\"2022-04-20T14:36:54+00:00\",\"dateModified\":\"2026-03-30T07:03:20+00:00\",\"description\":\"Benvingut a l'Hotel Ronda Lesseps, un hotel de 4 estrelles a Barcelona amb f\u00e0cil acc\u00e9s a l'encant de Gr\u00e0cia i a les atraccions de la ciutat.\",\"breadcrumb\":{\"@id\":\"https:\/\/www.hotellesseps.com\/ca\/#breadcrumb\"},\"inLanguage\":\"ca\",\"potentialAction\":[{\"@type\":\"ReadAction\",\"target\":[\"https:\/\/www.hotellesseps.com\/ca\/\"]}]},{\"@type\":\"ImageObject\",\"inLanguage\":\"ca\",\"@id\":\"https:\/\/www.hotellesseps.com\/ca\/#primaryimage\",\"url\":\"https:\/\/www.hotellesseps.com\/wp-content\/uploads\/sites\/436\/2022\/09\/01-Terrasseta-de-Lesseps-02-HDR_thumb.jpg\",\"contentUrl\":\"https:\/\/www.hotellesseps.com\/wp-content\/uploads\/sites\/436\/2022\/09\/01-Terrasseta-de-Lesseps-02-HDR_thumb.jpg\",\"width\":1200,\"height\":800,\"caption\":\"image of the green terrace\"},{\"@type\":\"BreadcrumbList\",\"@id\":\"https:\/\/www.hotellesseps.com\/ca\/#breadcrumb\",\"itemListElement\":[{\"@type\":\"ListItem\",\"position\":1,\"name\":\"Home\",\"item\":\"https:\/\/www.hotellesseps.com\/ca\/\"},{\"@type\":\"ListItem\",\"position\":2,\"name\":\"Hotel Ronda Lesseps\"}]},{\"@type\":\"WebSite\",\"@id\":\"https:\/\/www.hotellesseps.com\/ca\/#website\",\"url\":\"https:\/\/www.hotellesseps.com\/ca\/\",\"name\":\"Hotel Ronda Lesseps\",\"description\":\"Just another ms.decms.eu site\",\"potentialAction\":[{\"@type\":\"SearchAction\",\"target\":{\"@type\":\"EntryPoint\",\"urlTemplate\":\"https:\/\/www.hotellesseps.com\/ca\/?s={search_term_string}\"},\"query-input\":{\"@type\":\"PropertyValueSpecification\",\"valueRequired\":true,\"valueName\":\"search_term_string\"}}],\"inLanguage\":\"ca\"}]}<\/script>\n<!-- \/ Yoast SEO plugin. -->","yoast_head_json":{"title":"Hotel Ronda Lesseps a Barcelona | P\u00e0gina Web Oficial","description":"Benvingut a l'Hotel Ronda Lesseps, un hotel de 4 estrelles a Barcelona amb f\u00e0cil acc\u00e9s a l'encant de Gr\u00e0cia i a les atraccions de la ciutat.","robots":{"index":"index","follow":"follow","max-snippet":"max-snippet:-1","max-image-preview":"max-image-preview:large","max-video-preview":"max-video-preview:-1"},"canonical":"https:\/\/www.hotellesseps.com\/ca\/","og_locale":"ca_ES","og_type":"article","og_title":"Hotel Ronda Lesseps a Barcelona | P\u00e0gina Web Oficial","og_description":"Benvingut a l'Hotel Ronda Lesseps, un hotel de 4 estrelles a Barcelona amb f\u00e0cil acc\u00e9s a l'encant de Gr\u00e0cia i a les atraccions de la ciutat.","og_url":"https:\/\/www.hotellesseps.com\/ca\/","og_site_name":"Hotel Ronda Lesseps","article_modified_time":"2026-03-30T07:03:20+00:00","og_image":[{"width":1200,"height":800,"url":"https:\/\/www.hotellesseps.com\/wp-content\/uploads\/sites\/436\/2022\/09\/01-Terrasseta-de-Lesseps-02-HDR_thumb.jpg","type":"image\/jpeg"}],"twitter_card":"summary_large_image","twitter_misc":{"Temps estimat de lectura":"2 minuts"},"schema":{"@context":"https:\/\/schema.org","@graph":[{"@type":"WebPage","@id":"https:\/\/www.hotellesseps.com\/ca\/","url":"https:\/\/www.hotellesseps.com\/ca\/","name":"Hotel Ronda Lesseps a Barcelona | P\u00e0gina Web Oficial","isPartOf":{"@id":"https:\/\/www.hotellesseps.com\/ca\/#website"},"primaryImageOfPage":{"@id":"https:\/\/www.hotellesseps.com\/ca\/#primaryimage"},"image":{"@id":"https:\/\/www.hotellesseps.com\/ca\/#primaryimage"},"thumbnailUrl":"https:\/\/www.hotellesseps.com\/wp-content\/uploads\/sites\/436\/2022\/09\/01-Terrasseta-de-Lesseps-02-HDR_thumb.jpg","datePublished":"2022-04-20T14:36:54+00:00","dateModified":"2026-03-30T07:03:20+00:00","description":"Benvingut a l'Hotel Ronda Lesseps, un hotel de 4 estrelles a Barcelona amb f\u00e0cil acc\u00e9s a l'encant de Gr\u00e0cia i a les atraccions de la ciutat.","breadcrumb":{"@id":"https:\/\/www.hotellesseps.com\/ca\/#breadcrumb"},"inLanguage":"ca","potentialAction":[{"@type":"ReadAction","target":["https:\/\/www.hotellesseps.com\/ca\/"]}]},{"@type":"ImageObject","inLanguage":"ca","@id":"https:\/\/www.hotellesseps.com\/ca\/#primaryimage","url":"https:\/\/www.hotellesseps.com\/wp-content\/uploads\/sites\/436\/2022\/09\/01-Terrasseta-de-Lesseps-02-HDR_thumb.jpg","contentUrl":"https:\/\/www.hotellesseps.com\/wp-content\/uploads\/sites\/436\/2022\/09\/01-Terrasseta-de-Lesseps-02-HDR_thumb.jpg","width":1200,"height":800,"caption":"image of the green terrace"},{"@type":"BreadcrumbList","@id":"https:\/\/www.hotellesseps.com\/ca\/#breadcrumb","itemListElement":[{"@type":"ListItem","position":1,"name":"Home","item":"https:\/\/www.hotellesseps.com\/ca\/"},{"@type":"ListItem","position":2,"name":"Hotel Ronda Lesseps"}]},{"@type":"WebSite","@id":"https:\/\/www.hotellesseps.com\/ca\/#website","url":"https:\/\/www.hotellesseps.com\/ca\/","name":"Hotel Ronda Lesseps","description":"Just another ms.decms.eu site","potentialAction":[{"@type":"SearchAction","target":{"@type":"EntryPoint","urlTemplate":"https:\/\/www.hotellesseps.com\/ca\/?s={search_term_string}"},"query-input":{"@type":"PropertyValueSpecification","valueRequired":true,"valueName":"search_term_string"}}],"inLanguage":"ca"}]}},"acf":[],"_links":{"self":[{"href":"https:\/\/www.hotellesseps.com\/ca\/wp-json\/wp\/v2\/pages\/19","targetHints":{"allow":["GET"]}}],"collection":[{"href":"https:\/\/www.hotellesseps.com\/ca\/wp-json\/wp\/v2\/pages"}],"about":[{"href":"https:\/\/www.hotellesseps.com\/ca\/wp-json\/wp\/v2\/types\/page"}],"author":[{"embeddable":true,"href":"https:\/\/www.hotellesseps.com\/ca\/wp-json\/wp\/v2\/users\/4"}],"replies":[{"embeddable":true,"href":"https:\/\/www.hotellesseps.com\/ca\/wp-json\/wp\/v2\/comments?post=19"}],"version-history":[{"count":0,"href":"https:\/\/www.hotellesseps.com\/ca\/wp-json\/wp\/v2\/pages\/19\/revisions"}],"wp:featuredmedia":[{"embeddable":true,"href":"https:\/\/www.hotellesseps.com\/ca\/wp-json\/wp\/v2\/media\/940"}],"wp:attachment":[{"href":"https:\/\/www.hotellesseps.com\/ca\/wp-json\/wp\/v2\/media?parent=19"}],"curies":[{"name":"wp","href":"https:\/\/api.w.org\/{rel}","templated":true}]}}