{"id":512,"date":"2022-04-26T10:03:15","date_gmt":"2022-04-26T10:03:15","guid":{"rendered":"https:\/\/hotel-ronda-lesseps.ms.decms.eu\/superior-room-double-for-single-use\/"},"modified":"2025-10-01T09:34:57","modified_gmt":"2025-10-01T09:34:57","slug":"habitacio-superior-individual","status":"publish","type":"page","link":"https:\/\/www.hotellesseps.com\/ca\/habitacions\/habitacio-superior-individual\/","title":{"rendered":"Habitaci\u00f3 Superior Individual"},"content":{"rendered":"<p>&nbsp;<\/p>\n<p>Viu la comoditat moderna a la nostra habitaci\u00f3 d&#8217;hotel de Barcelona per a viatgers sols.<\/p>\n<p>Submergeix-te en un refugi contemporani dissenyat per a aventurers en solitari, que encarna la comoditat, la comoditat i la relaxaci\u00f3 despr\u00e9s d&#8217;explorar els animats carrers de Barcelona.<\/p>\n<p>Gaudeix del luxe d&#8217;un matal\u00e0s viscoel\u00e0stic de 2 metres i d&#8217;una dutxa d&#8217;hidromassatge rejovenidora. Manteniu-vos perfectament connectat amb la Wi-Fi d&#8217;alta velocitat gratu\u00efta i relaxeu-vos amb un televisor de pantalla plana de 42 polzades amb canals premium. Apagueu la vostra set amb aigua di\u00e0ria gratu\u00efta i satisfeu els vostres desitjos de te i caf\u00e8 amb un escalfador d&#8217;aigua i una nevera. Aprofiteu l&#8217;ambient fresc de l&#8217;aire condicionat i tingueu la seguretat de saber que les vostres pertinences estan segures a la caixa forta de l&#8217;habitaci\u00f3.<\/p>\n<p>Millora la teva aventura en solitari a Barcelona a l&#8217;Hotel Ronda Lesseps amb aquesta fant\u00e0stica habitaci\u00f3, que ofereix una combinaci\u00f3 harm\u00f2nica de modernitat i confort feta a mida per als viatgers en solitari.<\/p>\n<p>Reserva el teu allotjament a Barcelona amb nosaltres i gaudeix del millor de la comoditat moderna.<\/p>\n","protected":false},"excerpt":{"rendered":"<p>&nbsp; Viu la comoditat moderna a la nostra habitaci\u00f3 d&#8217;hotel de Barcelona per a viatgers sols. Submergeix-te en un refugi contemporani dissenyat per a aventurers en solitari, que encarna la comoditat, la comoditat i la relaxaci\u00f3 despr\u00e9s d&#8217;explorar els animats carrers de Barcelona. Gaudeix del luxe d&#8217;un matal\u00e0s viscoel\u00e0stic de 2 metres i d&#8217;una dutxa [&hellip;]<\/p>\n","protected":false},"author":4,"featured_media":0,"parent":552,"menu_order":30,"comment_status":"closed","ping_status":"closed","template":"template-single-room.php","meta":{"footnotes":""},"class_list":["post-512","page","type-page","status-publish","hentry"],"yoast_head":"<!-- This site is optimized with the Yoast SEO plugin v26.9 - https:\/\/yoast.com\/product\/yoast-seo-wordpress\/ -->\n<title>Habitaci\u00f3 Superior Individual - Hotel Ronda Lesseps -<\/title>\n<meta name=\"description\" content=\"Habitaci\u00f3 Superior individual a Barcelona: un refugi c\u00f2mode i tranquil per a viatgers en solitari, ideal per a descansar despr\u00e9s d&#039;explorar la ciutat.\" \/>\n<meta name=\"robots\" content=\"index, follow, max-snippet:-1, max-image-preview:large, max-video-preview:-1\" \/>\n<link rel=\"canonical\" href=\"https:\/\/www.hotellesseps.com\/ca\/habitacions\/habitacio-superior-individual\/\" \/>\n<meta property=\"og:locale\" content=\"ca_ES\" \/>\n<meta property=\"og:type\" content=\"article\" \/>\n<meta property=\"og:title\" content=\"Habitaci\u00f3 Superior Individual - Hotel Ronda Lesseps -\" \/>\n<meta property=\"og:description\" content=\"Habitaci\u00f3 Superior individual a Barcelona: un refugi c\u00f2mode i tranquil per a viatgers en solitari, ideal per a descansar despr\u00e9s d&#039;explorar la ciutat.\" \/>\n<meta property=\"og:url\" content=\"https:\/\/www.hotellesseps.com\/ca\/habitacions\/habitacio-superior-individual\/\" \/>\n<meta property=\"og:site_name\" content=\"Hotel Ronda Lesseps\" \/>\n<meta property=\"article:modified_time\" content=\"2025-10-01T09:34:57+00:00\" \/>\n<meta name=\"twitter:card\" content=\"summary_large_image\" \/>\n<meta name=\"twitter:label1\" content=\"Temps estimat de lectura\" \/>\n\t<meta name=\"twitter:data1\" content=\"1 minut\" \/>\n<script type=\"application\/ld+json\" class=\"yoast-schema-graph\">{\"@context\":\"https:\/\/schema.org\",\"@graph\":[{\"@type\":\"WebPage\",\"@id\":\"https:\/\/www.hotellesseps.com\/ca\/habitacions\/habitacio-superior-individual\/\",\"url\":\"https:\/\/www.hotellesseps.com\/ca\/habitacions\/habitacio-superior-individual\/\",\"name\":\"Habitaci\u00f3 Superior Individual - Hotel Ronda Lesseps -\",\"isPartOf\":{\"@id\":\"https:\/\/www.hotellesseps.com\/ca\/#website\"},\"datePublished\":\"2022-04-26T10:03:15+00:00\",\"dateModified\":\"2025-10-01T09:34:57+00:00\",\"description\":\"Habitaci\u00f3 Superior individual a Barcelona: un refugi c\u00f2mode i tranquil per a viatgers en solitari, ideal per a descansar despr\u00e9s d'explorar la ciutat.\",\"breadcrumb\":{\"@id\":\"https:\/\/www.hotellesseps.com\/ca\/habitacions\/habitacio-superior-individual\/#breadcrumb\"},\"inLanguage\":\"ca\",\"potentialAction\":[{\"@type\":\"ReadAction\",\"target\":[\"https:\/\/www.hotellesseps.com\/ca\/habitacions\/habitacio-superior-individual\/\"]}]},{\"@type\":\"BreadcrumbList\",\"@id\":\"https:\/\/www.hotellesseps.com\/ca\/habitacions\/habitacio-superior-individual\/#breadcrumb\",\"itemListElement\":[{\"@type\":\"ListItem\",\"position\":1,\"name\":\"Home\",\"item\":\"https:\/\/www.hotellesseps.com\/ca\/\"},{\"@type\":\"ListItem\",\"position\":2,\"name\":\"Habitacions\",\"item\":\"https:\/\/www.hotellesseps.com\/ca\/habitacions\/\"},{\"@type\":\"ListItem\",\"position\":3,\"name\":\"Habitaci\u00f3 Superior Individual\"}]},{\"@type\":\"WebSite\",\"@id\":\"https:\/\/www.hotellesseps.com\/ca\/#website\",\"url\":\"https:\/\/www.hotellesseps.com\/ca\/\",\"name\":\"Hotel Ronda Lesseps\",\"description\":\"Just another ms.decms.eu site\",\"potentialAction\":[{\"@type\":\"SearchAction\",\"target\":{\"@type\":\"EntryPoint\",\"urlTemplate\":\"https:\/\/www.hotellesseps.com\/ca\/?s={search_term_string}\"},\"query-input\":{\"@type\":\"PropertyValueSpecification\",\"valueRequired\":true,\"valueName\":\"search_term_string\"}}],\"inLanguage\":\"ca\"}]}<\/script>\n<!-- \/ Yoast SEO plugin. -->","yoast_head_json":{"title":"Habitaci\u00f3 Superior Individual - Hotel Ronda Lesseps -","description":"Habitaci\u00f3 Superior individual a Barcelona: un refugi c\u00f2mode i tranquil per a viatgers en solitari, ideal per a descansar despr\u00e9s d'explorar la ciutat.","robots":{"index":"index","follow":"follow","max-snippet":"max-snippet:-1","max-image-preview":"max-image-preview:large","max-video-preview":"max-video-preview:-1"},"canonical":"https:\/\/www.hotellesseps.com\/ca\/habitacions\/habitacio-superior-individual\/","og_locale":"ca_ES","og_type":"article","og_title":"Habitaci\u00f3 Superior Individual - Hotel Ronda Lesseps -","og_description":"Habitaci\u00f3 Superior individual a Barcelona: un refugi c\u00f2mode i tranquil per a viatgers en solitari, ideal per a descansar despr\u00e9s d'explorar la ciutat.","og_url":"https:\/\/www.hotellesseps.com\/ca\/habitacions\/habitacio-superior-individual\/","og_site_name":"Hotel Ronda Lesseps","article_modified_time":"2025-10-01T09:34:57+00:00","twitter_card":"summary_large_image","twitter_misc":{"Temps estimat de lectura":"1 minut"},"schema":{"@context":"https:\/\/schema.org","@graph":[{"@type":"WebPage","@id":"https:\/\/www.hotellesseps.com\/ca\/habitacions\/habitacio-superior-individual\/","url":"https:\/\/www.hotellesseps.com\/ca\/habitacions\/habitacio-superior-individual\/","name":"Habitaci\u00f3 Superior Individual - Hotel Ronda Lesseps -","isPartOf":{"@id":"https:\/\/www.hotellesseps.com\/ca\/#website"},"datePublished":"2022-04-26T10:03:15+00:00","dateModified":"2025-10-01T09:34:57+00:00","description":"Habitaci\u00f3 Superior individual a Barcelona: un refugi c\u00f2mode i tranquil per a viatgers en solitari, ideal per a descansar despr\u00e9s d'explorar la ciutat.","breadcrumb":{"@id":"https:\/\/www.hotellesseps.com\/ca\/habitacions\/habitacio-superior-individual\/#breadcrumb"},"inLanguage":"ca","potentialAction":[{"@type":"ReadAction","target":["https:\/\/www.hotellesseps.com\/ca\/habitacions\/habitacio-superior-individual\/"]}]},{"@type":"BreadcrumbList","@id":"https:\/\/www.hotellesseps.com\/ca\/habitacions\/habitacio-superior-individual\/#breadcrumb","itemListElement":[{"@type":"ListItem","position":1,"name":"Home","item":"https:\/\/www.hotellesseps.com\/ca\/"},{"@type":"ListItem","position":2,"name":"Habitacions","item":"https:\/\/www.hotellesseps.com\/ca\/habitacions\/"},{"@type":"ListItem","position":3,"name":"Habitaci\u00f3 Superior Individual"}]},{"@type":"WebSite","@id":"https:\/\/www.hotellesseps.com\/ca\/#website","url":"https:\/\/www.hotellesseps.com\/ca\/","name":"Hotel Ronda Lesseps","description":"Just another ms.decms.eu site","potentialAction":[{"@type":"SearchAction","target":{"@type":"EntryPoint","urlTemplate":"https:\/\/www.hotellesseps.com\/ca\/?s={search_term_string}"},"query-input":{"@type":"PropertyValueSpecification","valueRequired":true,"valueName":"search_term_string"}}],"inLanguage":"ca"}]}},"acf":[],"_links":{"self":[{"href":"https:\/\/www.hotellesseps.com\/ca\/wp-json\/wp\/v2\/pages\/512","targetHints":{"allow":["GET"]}}],"collection":[{"href":"https:\/\/www.hotellesseps.com\/ca\/wp-json\/wp\/v2\/pages"}],"about":[{"href":"https:\/\/www.hotellesseps.com\/ca\/wp-json\/wp\/v2\/types\/page"}],"author":[{"embeddable":true,"href":"https:\/\/www.hotellesseps.com\/ca\/wp-json\/wp\/v2\/users\/4"}],"replies":[{"embeddable":true,"href":"https:\/\/www.hotellesseps.com\/ca\/wp-json\/wp\/v2\/comments?post=512"}],"version-history":[{"count":0,"href":"https:\/\/www.hotellesseps.com\/ca\/wp-json\/wp\/v2\/pages\/512\/revisions"}],"up":[{"embeddable":true,"href":"https:\/\/www.hotellesseps.com\/ca\/wp-json\/wp\/v2\/pages\/552"}],"wp:attachment":[{"href":"https:\/\/www.hotellesseps.com\/ca\/wp-json\/wp\/v2\/media?parent=512"}],"curies":[{"name":"wp","href":"https:\/\/api.w.org\/{rel}","templated":true}]}}