{"id":528,"date":"2022-08-11T13:17:29","date_gmt":"2022-08-11T13:17:29","guid":{"rendered":"https:\/\/hotel-ronda-lesseps.ms.decms.eu\/superior-twin-room\/"},"modified":"2025-10-01T10:36:03","modified_gmt":"2025-10-01T10:36:03","slug":"habitacio-doble-dos-llits-superior","status":"publish","type":"page","link":"https:\/\/www.hotellesseps.com\/ca\/habitacions\/habitacio-doble-dos-llits-superior\/","title":{"rendered":"Habitaci\u00f3 Superior amb Dos Llits"},"content":{"rendered":"<p>&nbsp;<\/p>\n<p>Descobriu el confort modern a l&#8217;habitaci\u00f3 de dos llits del nostre hotel de Barcelona.<\/p>\n<p>Submergeix-te en un refugi modern dissenyat per a la teva comoditat i relaxaci\u00f3, que ofereix serenitat despr\u00e9s d&#8217;explorar els carrers vibrants de Barcelona.<\/p>\n<p>Gaudiu del luxe de dos matalassos viscoel\u00e0stics de 2 metres i una rejovenidora dutxa d&#8217;hidromassatge. Mantingueu-vos perfectament connectat amb Wi-Fi d&#8217;alta velocitat de cortesia i relaxeu-vos amb un televisor de pantalla plana de 42 polzades amb canals premium. Calmeu la set amb aigua di\u00e0ria de cortesia i satisfaceu els seus desitjos de te i caf\u00e8 amb un escalfador d&#8217;aigua i un refrigerador. Gaudiu de l&#8217;ambient fresc de l&#8217;aire condicionat i tingueu la tranquil\u00b7litat de saber que les seves pertinences estan segures a la caixa forta de l&#8217;habitaci\u00f3.<\/p>\n<p>Milloreu la vostra exploraci\u00f3 de Barcelona a l&#8217;Hotel Ronda Lesseps amb aquesta exclusiva habitaci\u00f3 doble, que ofereix una harmoniosa combinaci\u00f3 de modernitat i confort.<\/p>\n<p>Reserveu el vostre allotjament a Barcelona amb nosaltres i experimenteu el millor del confort modern.<\/p>\n","protected":false},"excerpt":{"rendered":"<p>&nbsp; Descobriu el confort modern a l&#8217;habitaci\u00f3 de dos llits del nostre hotel de Barcelona. Submergeix-te en un refugi modern dissenyat per a la teva comoditat i relaxaci\u00f3, que ofereix serenitat despr\u00e9s d&#8217;explorar els carrers vibrants de Barcelona. Gaudiu del luxe de dos matalassos viscoel\u00e0stics de 2 metres i una rejovenidora dutxa d&#8217;hidromassatge. Mantingueu-vos perfectament [&hellip;]<\/p>\n","protected":false},"author":4,"featured_media":0,"parent":552,"menu_order":20,"comment_status":"closed","ping_status":"closed","template":"template-single-room.php","meta":{"footnotes":""},"class_list":["post-528","page","type-page","status-publish","hentry"],"yoast_head":"<!-- This site is optimized with the Yoast SEO plugin v26.9 - https:\/\/yoast.com\/product\/yoast-seo-wordpress\/ -->\n<title>Habitaci\u00f3 Superior amb Dos Llits - Hotel Ronda Lesseps -<\/title>\n<meta name=\"description\" content=\"Descobreix el confort a la nostra habitaci\u00f3 Superior amb dos llits a Barcelona, ideal per compartir una estada c\u00f2moda i relaxant.\" \/>\n<meta name=\"robots\" content=\"index, follow, max-snippet:-1, max-image-preview:large, max-video-preview:-1\" \/>\n<link rel=\"canonical\" href=\"https:\/\/www.hotellesseps.com\/ca\/habitacions\/habitacio-doble-dos-llits-superior\/\" \/>\n<meta property=\"og:locale\" content=\"ca_ES\" \/>\n<meta property=\"og:type\" content=\"article\" \/>\n<meta property=\"og:title\" content=\"Habitaci\u00f3 Superior amb Dos Llits - Hotel Ronda Lesseps -\" \/>\n<meta property=\"og:description\" content=\"Descobreix el confort a la nostra habitaci\u00f3 Superior amb dos llits a Barcelona, ideal per compartir una estada c\u00f2moda i relaxant.\" \/>\n<meta property=\"og:url\" content=\"https:\/\/www.hotellesseps.com\/ca\/habitacions\/habitacio-doble-dos-llits-superior\/\" \/>\n<meta property=\"og:site_name\" content=\"Hotel Ronda Lesseps\" \/>\n<meta property=\"article:modified_time\" content=\"2025-10-01T10:36:03+00:00\" \/>\n<meta name=\"twitter:card\" content=\"summary_large_image\" \/>\n<meta name=\"twitter:label1\" content=\"Temps estimat de lectura\" \/>\n\t<meta name=\"twitter:data1\" content=\"1 minut\" \/>\n<script type=\"application\/ld+json\" class=\"yoast-schema-graph\">{\"@context\":\"https:\/\/schema.org\",\"@graph\":[{\"@type\":\"WebPage\",\"@id\":\"https:\/\/www.hotellesseps.com\/ca\/habitacions\/habitacio-doble-dos-llits-superior\/\",\"url\":\"https:\/\/www.hotellesseps.com\/ca\/habitacions\/habitacio-doble-dos-llits-superior\/\",\"name\":\"Habitaci\u00f3 Superior amb Dos Llits - Hotel Ronda Lesseps -\",\"isPartOf\":{\"@id\":\"https:\/\/www.hotellesseps.com\/ca\/#website\"},\"datePublished\":\"2022-08-11T13:17:29+00:00\",\"dateModified\":\"2025-10-01T10:36:03+00:00\",\"description\":\"Descobreix el confort a la nostra habitaci\u00f3 Superior amb dos llits a Barcelona, ideal per compartir una estada c\u00f2moda i relaxant.\",\"breadcrumb\":{\"@id\":\"https:\/\/www.hotellesseps.com\/ca\/habitacions\/habitacio-doble-dos-llits-superior\/#breadcrumb\"},\"inLanguage\":\"ca\",\"potentialAction\":[{\"@type\":\"ReadAction\",\"target\":[\"https:\/\/www.hotellesseps.com\/ca\/habitacions\/habitacio-doble-dos-llits-superior\/\"]}]},{\"@type\":\"BreadcrumbList\",\"@id\":\"https:\/\/www.hotellesseps.com\/ca\/habitacions\/habitacio-doble-dos-llits-superior\/#breadcrumb\",\"itemListElement\":[{\"@type\":\"ListItem\",\"position\":1,\"name\":\"Home\",\"item\":\"https:\/\/www.hotellesseps.com\/ca\/\"},{\"@type\":\"ListItem\",\"position\":2,\"name\":\"Habitacions\",\"item\":\"https:\/\/www.hotellesseps.com\/ca\/habitacions\/\"},{\"@type\":\"ListItem\",\"position\":3,\"name\":\"Habitaci\u00f3 Superior amb Dos Llits\"}]},{\"@type\":\"WebSite\",\"@id\":\"https:\/\/www.hotellesseps.com\/ca\/#website\",\"url\":\"https:\/\/www.hotellesseps.com\/ca\/\",\"name\":\"Hotel Ronda Lesseps\",\"description\":\"Just another ms.decms.eu site\",\"potentialAction\":[{\"@type\":\"SearchAction\",\"target\":{\"@type\":\"EntryPoint\",\"urlTemplate\":\"https:\/\/www.hotellesseps.com\/ca\/?s={search_term_string}\"},\"query-input\":{\"@type\":\"PropertyValueSpecification\",\"valueRequired\":true,\"valueName\":\"search_term_string\"}}],\"inLanguage\":\"ca\"}]}<\/script>\n<!-- \/ Yoast SEO plugin. -->","yoast_head_json":{"title":"Habitaci\u00f3 Superior amb Dos Llits - Hotel Ronda Lesseps -","description":"Descobreix el confort a la nostra habitaci\u00f3 Superior amb dos llits a Barcelona, ideal per compartir una estada c\u00f2moda i relaxant.","robots":{"index":"index","follow":"follow","max-snippet":"max-snippet:-1","max-image-preview":"max-image-preview:large","max-video-preview":"max-video-preview:-1"},"canonical":"https:\/\/www.hotellesseps.com\/ca\/habitacions\/habitacio-doble-dos-llits-superior\/","og_locale":"ca_ES","og_type":"article","og_title":"Habitaci\u00f3 Superior amb Dos Llits - Hotel Ronda Lesseps -","og_description":"Descobreix el confort a la nostra habitaci\u00f3 Superior amb dos llits a Barcelona, ideal per compartir una estada c\u00f2moda i relaxant.","og_url":"https:\/\/www.hotellesseps.com\/ca\/habitacions\/habitacio-doble-dos-llits-superior\/","og_site_name":"Hotel Ronda Lesseps","article_modified_time":"2025-10-01T10:36:03+00:00","twitter_card":"summary_large_image","twitter_misc":{"Temps estimat de lectura":"1 minut"},"schema":{"@context":"https:\/\/schema.org","@graph":[{"@type":"WebPage","@id":"https:\/\/www.hotellesseps.com\/ca\/habitacions\/habitacio-doble-dos-llits-superior\/","url":"https:\/\/www.hotellesseps.com\/ca\/habitacions\/habitacio-doble-dos-llits-superior\/","name":"Habitaci\u00f3 Superior amb Dos Llits - Hotel Ronda Lesseps -","isPartOf":{"@id":"https:\/\/www.hotellesseps.com\/ca\/#website"},"datePublished":"2022-08-11T13:17:29+00:00","dateModified":"2025-10-01T10:36:03+00:00","description":"Descobreix el confort a la nostra habitaci\u00f3 Superior amb dos llits a Barcelona, ideal per compartir una estada c\u00f2moda i relaxant.","breadcrumb":{"@id":"https:\/\/www.hotellesseps.com\/ca\/habitacions\/habitacio-doble-dos-llits-superior\/#breadcrumb"},"inLanguage":"ca","potentialAction":[{"@type":"ReadAction","target":["https:\/\/www.hotellesseps.com\/ca\/habitacions\/habitacio-doble-dos-llits-superior\/"]}]},{"@type":"BreadcrumbList","@id":"https:\/\/www.hotellesseps.com\/ca\/habitacions\/habitacio-doble-dos-llits-superior\/#breadcrumb","itemListElement":[{"@type":"ListItem","position":1,"name":"Home","item":"https:\/\/www.hotellesseps.com\/ca\/"},{"@type":"ListItem","position":2,"name":"Habitacions","item":"https:\/\/www.hotellesseps.com\/ca\/habitacions\/"},{"@type":"ListItem","position":3,"name":"Habitaci\u00f3 Superior amb Dos Llits"}]},{"@type":"WebSite","@id":"https:\/\/www.hotellesseps.com\/ca\/#website","url":"https:\/\/www.hotellesseps.com\/ca\/","name":"Hotel Ronda Lesseps","description":"Just another ms.decms.eu site","potentialAction":[{"@type":"SearchAction","target":{"@type":"EntryPoint","urlTemplate":"https:\/\/www.hotellesseps.com\/ca\/?s={search_term_string}"},"query-input":{"@type":"PropertyValueSpecification","valueRequired":true,"valueName":"search_term_string"}}],"inLanguage":"ca"}]}},"acf":[],"_links":{"self":[{"href":"https:\/\/www.hotellesseps.com\/ca\/wp-json\/wp\/v2\/pages\/528","targetHints":{"allow":["GET"]}}],"collection":[{"href":"https:\/\/www.hotellesseps.com\/ca\/wp-json\/wp\/v2\/pages"}],"about":[{"href":"https:\/\/www.hotellesseps.com\/ca\/wp-json\/wp\/v2\/types\/page"}],"author":[{"embeddable":true,"href":"https:\/\/www.hotellesseps.com\/ca\/wp-json\/wp\/v2\/users\/4"}],"replies":[{"embeddable":true,"href":"https:\/\/www.hotellesseps.com\/ca\/wp-json\/wp\/v2\/comments?post=528"}],"version-history":[{"count":0,"href":"https:\/\/www.hotellesseps.com\/ca\/wp-json\/wp\/v2\/pages\/528\/revisions"}],"up":[{"embeddable":true,"href":"https:\/\/www.hotellesseps.com\/ca\/wp-json\/wp\/v2\/pages\/552"}],"wp:attachment":[{"href":"https:\/\/www.hotellesseps.com\/ca\/wp-json\/wp\/v2\/media?parent=528"}],"curies":[{"name":"wp","href":"https:\/\/api.w.org\/{rel}","templated":true}]}}