{"id":536,"date":"2022-04-27T12:45:18","date_gmt":"2022-04-27T12:45:18","guid":{"rendered":"https:\/\/hotel-ronda-lesseps.ms.decms.eu\/deluxe-family-room\/"},"modified":"2024-05-05T15:44:40","modified_gmt":"2024-05-05T15:44:40","slug":"habitacio-familiar-deluxe","status":"publish","type":"page","link":"https:\/\/www.hotellesseps.com\/ca\/habitacions\/habitacio-familiar-deluxe\/","title":{"rendered":"Habitaci\u00f3 Familiar Deluxe"},"content":{"rendered":"<p>&nbsp;<\/p>\n<p>Allotjament familiar de luxe a Barcelona \u2013 Privacitat i comoditat per a fam\u00edlies o amics.<\/p>\n<p>Descobriu la m\u00e0xima comoditat a la nostra habitaci\u00f3 m\u00e9s \u00e0mplia, dissenyada amb dues zones diferenciades per oferir una millor privadesa i relaxaci\u00f3 per a fam\u00edlies o amics que viatgen junts. Perfectament ubicada a prop del Park G\u00fcell i del barri de Gr\u00e0cia, la nostra Habitaci\u00f3 Familiar Deluxe ofereix una base excepcional per explorar Barcelona.<\/p>\n<p>Gaudeix de la comoditat inigualable de dos matalassos viscoel\u00e0stics de 2 metres i gaudeix del luxe d&#8217;una dutxa d&#8217;hidromassatge. Manteniu-vos connectat amb la Wi-Fi d&#8217;alta velocitat gratu\u00efta i entretingueu-vos amb dos televisors de pantalla plana de 42 polzades amb canals premium. L&#8217;habitaci\u00f3 inclou una nevera i un bullidor d&#8217;aigua calenta per a les vostres necessitats de te i caf\u00e8, a m\u00e9s d&#8217;aire condicionat per a la vostra comoditat. Tamb\u00e9 s&#8217;ofereix una caixa forta per protegir els vostres objectes de valor.<\/p>\n<p>Reserva la teva estada a la nostra Habitaci\u00f3 Familiar Deluxe a l&#8217;Hotel Ronda Lesseps i experimenta una combinaci\u00f3 perfecta d&#8217;espai, modernitat i confort, perqu\u00e8 la teva visita a Barcelona sigui inoblidable.<\/p>\n","protected":false},"excerpt":{"rendered":"<p>&nbsp; Allotjament familiar de luxe a Barcelona \u2013 Privacitat i comoditat per a fam\u00edlies o amics. Descobriu la m\u00e0xima comoditat a la nostra habitaci\u00f3 m\u00e9s \u00e0mplia, dissenyada amb dues zones diferenciades per oferir una millor privadesa i relaxaci\u00f3 per a fam\u00edlies o amics que viatgen junts. Perfectament ubicada a prop del Park G\u00fcell i del [&hellip;]<\/p>\n","protected":false},"author":4,"featured_media":0,"parent":552,"menu_order":70,"comment_status":"closed","ping_status":"closed","template":"template-single-room.php","meta":{"footnotes":""},"class_list":["post-536","page","type-page","status-publish","hentry"],"yoast_head":"<!-- This site is optimized with the Yoast SEO plugin v26.9 - https:\/\/yoast.com\/product\/yoast-seo-wordpress\/ -->\n<title>Habitaci\u00f3 Familiar Deluxe - Hotel Ronda Lesseps -<\/title>\n<meta name=\"description\" content=\"&nbsp;  Allotjament familiar de luxe a Barcelona \u2013 Privacitat i comoditat per a fam\u00edlies o amics.  Descobriu la m\u00e0xima comoditat a la nostra habitaci\u00f3 m\u00e9s \u00e0mplia, dissenyada amb dues zones diferenciades per oferir una millor privadesa i relaxaci\u00f3 per a fam\u00edlies o amics que viatgen junts. Perfectament ubicada a prop del Park G\u00fcell i del barri de Gr\u00e0cia, la nostra Habitaci\u00f3 Familiar Deluxe ofereix una base excepcional per explorar Barcelona.  Gaudeix de la comoditat inigualable de dos matalassos viscoel\u00e0stics de 2 metres i gaudeix del luxe d&#039;una dutxa d&#039;hidromassatge\" \/>\n<meta name=\"robots\" content=\"index, follow, max-snippet:-1, max-image-preview:large, max-video-preview:-1\" \/>\n<link rel=\"canonical\" href=\"https:\/\/www.hotellesseps.com\/ca\/habitacions\/habitacio-familiar-deluxe\/\" \/>\n<meta property=\"og:locale\" content=\"ca_ES\" \/>\n<meta property=\"og:type\" content=\"article\" \/>\n<meta property=\"og:title\" content=\"Habitaci\u00f3 Familiar Deluxe - Hotel Ronda Lesseps -\" \/>\n<meta property=\"og:description\" content=\"&nbsp;  Allotjament familiar de luxe a Barcelona \u2013 Privacitat i comoditat per a fam\u00edlies o amics.  Descobriu la m\u00e0xima comoditat a la nostra habitaci\u00f3 m\u00e9s \u00e0mplia, dissenyada amb dues zones diferenciades per oferir una millor privadesa i relaxaci\u00f3 per a fam\u00edlies o amics que viatgen junts. Perfectament ubicada a prop del Park G\u00fcell i del barri de Gr\u00e0cia, la nostra Habitaci\u00f3 Familiar Deluxe ofereix una base excepcional per explorar Barcelona.  Gaudeix de la comoditat inigualable de dos matalassos viscoel\u00e0stics de 2 metres i gaudeix del luxe d&#039;una dutxa d&#039;hidromassatge\" \/>\n<meta property=\"og:url\" content=\"https:\/\/www.hotellesseps.com\/ca\/habitacions\/habitacio-familiar-deluxe\/\" \/>\n<meta property=\"og:site_name\" content=\"Hotel Ronda Lesseps\" \/>\n<meta property=\"article:modified_time\" content=\"2024-05-05T15:44:40+00:00\" \/>\n<meta name=\"twitter:card\" content=\"summary_large_image\" \/>\n<meta name=\"twitter:label1\" content=\"Temps estimat de lectura\" \/>\n\t<meta name=\"twitter:data1\" content=\"1 minut\" \/>\n<script type=\"application\/ld+json\" class=\"yoast-schema-graph\">{\"@context\":\"https:\/\/schema.org\",\"@graph\":[{\"@type\":\"WebPage\",\"@id\":\"https:\/\/www.hotellesseps.com\/ca\/habitacions\/habitacio-familiar-deluxe\/\",\"url\":\"https:\/\/www.hotellesseps.com\/ca\/habitacions\/habitacio-familiar-deluxe\/\",\"name\":\"Habitaci\u00f3 Familiar Deluxe - Hotel Ronda Lesseps -\",\"isPartOf\":{\"@id\":\"https:\/\/www.hotellesseps.com\/ca\/#website\"},\"datePublished\":\"2022-04-27T12:45:18+00:00\",\"dateModified\":\"2024-05-05T15:44:40+00:00\",\"description\":\"&nbsp; Allotjament familiar de luxe a Barcelona \u2013 Privacitat i comoditat per a fam\u00edlies o amics. Descobriu la m\u00e0xima comoditat a la nostra habitaci\u00f3 m\u00e9s \u00e0mplia, dissenyada amb dues zones diferenciades per oferir una millor privadesa i relaxaci\u00f3 per a fam\u00edlies o amics que viatgen junts. Perfectament ubicada a prop del Park G\u00fcell i del barri de Gr\u00e0cia, la nostra Habitaci\u00f3 Familiar Deluxe ofereix una base excepcional per explorar Barcelona. Gaudeix de la comoditat inigualable de dos matalassos viscoel\u00e0stics de 2 metres i gaudeix del luxe d'una dutxa d'hidromassatge\",\"breadcrumb\":{\"@id\":\"https:\/\/www.hotellesseps.com\/ca\/habitacions\/habitacio-familiar-deluxe\/#breadcrumb\"},\"inLanguage\":\"ca\",\"potentialAction\":[{\"@type\":\"ReadAction\",\"target\":[\"https:\/\/www.hotellesseps.com\/ca\/habitacions\/habitacio-familiar-deluxe\/\"]}]},{\"@type\":\"BreadcrumbList\",\"@id\":\"https:\/\/www.hotellesseps.com\/ca\/habitacions\/habitacio-familiar-deluxe\/#breadcrumb\",\"itemListElement\":[{\"@type\":\"ListItem\",\"position\":1,\"name\":\"Home\",\"item\":\"https:\/\/www.hotellesseps.com\/ca\/\"},{\"@type\":\"ListItem\",\"position\":2,\"name\":\"Habitacions\",\"item\":\"https:\/\/www.hotellesseps.com\/ca\/habitacions\/\"},{\"@type\":\"ListItem\",\"position\":3,\"name\":\"Habitaci\u00f3 Familiar Deluxe\"}]},{\"@type\":\"WebSite\",\"@id\":\"https:\/\/www.hotellesseps.com\/ca\/#website\",\"url\":\"https:\/\/www.hotellesseps.com\/ca\/\",\"name\":\"Hotel Ronda Lesseps\",\"description\":\"Just another ms.decms.eu site\",\"potentialAction\":[{\"@type\":\"SearchAction\",\"target\":{\"@type\":\"EntryPoint\",\"urlTemplate\":\"https:\/\/www.hotellesseps.com\/ca\/?s={search_term_string}\"},\"query-input\":{\"@type\":\"PropertyValueSpecification\",\"valueRequired\":true,\"valueName\":\"search_term_string\"}}],\"inLanguage\":\"ca\"}]}<\/script>\n<!-- \/ Yoast SEO plugin. -->","yoast_head_json":{"title":"Habitaci\u00f3 Familiar Deluxe - Hotel Ronda Lesseps -","description":"&nbsp;  Allotjament familiar de luxe a Barcelona \u2013 Privacitat i comoditat per a fam\u00edlies o amics.  Descobriu la m\u00e0xima comoditat a la nostra habitaci\u00f3 m\u00e9s \u00e0mplia, dissenyada amb dues zones diferenciades per oferir una millor privadesa i relaxaci\u00f3 per a fam\u00edlies o amics que viatgen junts. Perfectament ubicada a prop del Park G\u00fcell i del barri de Gr\u00e0cia, la nostra Habitaci\u00f3 Familiar Deluxe ofereix una base excepcional per explorar Barcelona.  Gaudeix de la comoditat inigualable de dos matalassos viscoel\u00e0stics de 2 metres i gaudeix del luxe d'una dutxa d'hidromassatge","robots":{"index":"index","follow":"follow","max-snippet":"max-snippet:-1","max-image-preview":"max-image-preview:large","max-video-preview":"max-video-preview:-1"},"canonical":"https:\/\/www.hotellesseps.com\/ca\/habitacions\/habitacio-familiar-deluxe\/","og_locale":"ca_ES","og_type":"article","og_title":"Habitaci\u00f3 Familiar Deluxe - Hotel Ronda Lesseps -","og_description":"&nbsp;  Allotjament familiar de luxe a Barcelona \u2013 Privacitat i comoditat per a fam\u00edlies o amics.  Descobriu la m\u00e0xima comoditat a la nostra habitaci\u00f3 m\u00e9s \u00e0mplia, dissenyada amb dues zones diferenciades per oferir una millor privadesa i relaxaci\u00f3 per a fam\u00edlies o amics que viatgen junts. Perfectament ubicada a prop del Park G\u00fcell i del barri de Gr\u00e0cia, la nostra Habitaci\u00f3 Familiar Deluxe ofereix una base excepcional per explorar Barcelona.  Gaudeix de la comoditat inigualable de dos matalassos viscoel\u00e0stics de 2 metres i gaudeix del luxe d'una dutxa d'hidromassatge","og_url":"https:\/\/www.hotellesseps.com\/ca\/habitacions\/habitacio-familiar-deluxe\/","og_site_name":"Hotel Ronda Lesseps","article_modified_time":"2024-05-05T15:44:40+00:00","twitter_card":"summary_large_image","twitter_misc":{"Temps estimat de lectura":"1 minut"},"schema":{"@context":"https:\/\/schema.org","@graph":[{"@type":"WebPage","@id":"https:\/\/www.hotellesseps.com\/ca\/habitacions\/habitacio-familiar-deluxe\/","url":"https:\/\/www.hotellesseps.com\/ca\/habitacions\/habitacio-familiar-deluxe\/","name":"Habitaci\u00f3 Familiar Deluxe - Hotel Ronda Lesseps -","isPartOf":{"@id":"https:\/\/www.hotellesseps.com\/ca\/#website"},"datePublished":"2022-04-27T12:45:18+00:00","dateModified":"2024-05-05T15:44:40+00:00","description":"&nbsp; Allotjament familiar de luxe a Barcelona \u2013 Privacitat i comoditat per a fam\u00edlies o amics. Descobriu la m\u00e0xima comoditat a la nostra habitaci\u00f3 m\u00e9s \u00e0mplia, dissenyada amb dues zones diferenciades per oferir una millor privadesa i relaxaci\u00f3 per a fam\u00edlies o amics que viatgen junts. Perfectament ubicada a prop del Park G\u00fcell i del barri de Gr\u00e0cia, la nostra Habitaci\u00f3 Familiar Deluxe ofereix una base excepcional per explorar Barcelona. Gaudeix de la comoditat inigualable de dos matalassos viscoel\u00e0stics de 2 metres i gaudeix del luxe d'una dutxa d'hidromassatge","breadcrumb":{"@id":"https:\/\/www.hotellesseps.com\/ca\/habitacions\/habitacio-familiar-deluxe\/#breadcrumb"},"inLanguage":"ca","potentialAction":[{"@type":"ReadAction","target":["https:\/\/www.hotellesseps.com\/ca\/habitacions\/habitacio-familiar-deluxe\/"]}]},{"@type":"BreadcrumbList","@id":"https:\/\/www.hotellesseps.com\/ca\/habitacions\/habitacio-familiar-deluxe\/#breadcrumb","itemListElement":[{"@type":"ListItem","position":1,"name":"Home","item":"https:\/\/www.hotellesseps.com\/ca\/"},{"@type":"ListItem","position":2,"name":"Habitacions","item":"https:\/\/www.hotellesseps.com\/ca\/habitacions\/"},{"@type":"ListItem","position":3,"name":"Habitaci\u00f3 Familiar Deluxe"}]},{"@type":"WebSite","@id":"https:\/\/www.hotellesseps.com\/ca\/#website","url":"https:\/\/www.hotellesseps.com\/ca\/","name":"Hotel Ronda Lesseps","description":"Just another ms.decms.eu site","potentialAction":[{"@type":"SearchAction","target":{"@type":"EntryPoint","urlTemplate":"https:\/\/www.hotellesseps.com\/ca\/?s={search_term_string}"},"query-input":{"@type":"PropertyValueSpecification","valueRequired":true,"valueName":"search_term_string"}}],"inLanguage":"ca"}]}},"acf":[],"_links":{"self":[{"href":"https:\/\/www.hotellesseps.com\/ca\/wp-json\/wp\/v2\/pages\/536","targetHints":{"allow":["GET"]}}],"collection":[{"href":"https:\/\/www.hotellesseps.com\/ca\/wp-json\/wp\/v2\/pages"}],"about":[{"href":"https:\/\/www.hotellesseps.com\/ca\/wp-json\/wp\/v2\/types\/page"}],"author":[{"embeddable":true,"href":"https:\/\/www.hotellesseps.com\/ca\/wp-json\/wp\/v2\/users\/4"}],"replies":[{"embeddable":true,"href":"https:\/\/www.hotellesseps.com\/ca\/wp-json\/wp\/v2\/comments?post=536"}],"version-history":[{"count":0,"href":"https:\/\/www.hotellesseps.com\/ca\/wp-json\/wp\/v2\/pages\/536\/revisions"}],"up":[{"embeddable":true,"href":"https:\/\/www.hotellesseps.com\/ca\/wp-json\/wp\/v2\/pages\/552"}],"wp:attachment":[{"href":"https:\/\/www.hotellesseps.com\/ca\/wp-json\/wp\/v2\/media?parent=536"}],"curies":[{"name":"wp","href":"https:\/\/api.w.org\/{rel}","templated":true}]}}