{"id":552,"date":"2022-04-26T09:59:44","date_gmt":"2022-04-26T09:59:44","guid":{"rendered":"https:\/\/hotel-ronda-lesseps.ms.decms.eu\/rooms\/"},"modified":"2025-10-01T11:04:21","modified_gmt":"2025-10-01T11:04:21","slug":"habitacions","status":"publish","type":"page","link":"https:\/\/www.hotellesseps.com\/ca\/habitacions\/","title":{"rendered":"Habitacions"},"content":{"rendered":"<p>L&#8217;Hotel Ronda Lesseps ofereix una \u00e0mplia gamma d&#8217;habitacions dissenyades per satisfer les necessitats de cada viatger, garantint comoditat i conveni\u00e8ncia durant la vostra estada a Barcelona. Trieu entre la nostra selecci\u00f3 d&#8217;habitacions bellament decorades, cadascuna dissenyada per millorar la seva experi\u00e8ncia en aquesta vibrant ciutat.<\/p>\n<p>Experimenteu l&#8217;eleg\u00e0ncia i el confort de les nostres Habitacions Superiors, ideals per a viatgers exigents que busquen una estada de luxe a prop del Park G\u00fcell. Per a aquells que busquen practicitat i encant, les nostres habitacions Junior Planta Baixa ofereixen f\u00e0cil accessibilitat i comoditat, cosa que ens converteix en la millor opci\u00f3 entre els hotels a prop del Parc G\u00fcell.<\/p>\n<p>Si preferiu un ambient acollidor i \u00edntim, les nostres habitacions individuals us ofereixen el refugi perfecte despr\u00e9s d&#8217;un dia d&#8217;exploraci\u00f3 al barri de Gr\u00e0cia. L&#8217;Hotel Ronda Lesseps \u00e9s el seu hotel ideal al districte de Gr\u00e0cia, ja que ofereix una ubicaci\u00f3 convenient a prop d&#8217;aquest barri hist\u00f2ric.<\/p>\n<p>Les fam\u00edlies i grups trobaran les nostres habitacions triples i habitacions familiars Deluxe espaioses i acollidores, perfectes per crear junts records duradors durant la visita a Barcelona.<\/p>\n<p>Explora Barcelona des de la comoditat de l\u00b4Hotel Ronda Lesseps, estrat\u00e8gicament situat a prop del Parc G\u00fcell i de l\u00b4encantador districte de Gr\u00e0cia. Descobriu les millors opcions d&#8217;allotjament a Barcelona amb nosaltres!<\/p>\n","protected":false},"excerpt":{"rendered":"<p>L&#8217;Hotel Ronda Lesseps ofereix una \u00e0mplia gamma d&#8217;habitacions dissenyades per satisfer les necessitats de cada viatger, garantint comoditat i conveni\u00e8ncia durant la vostra estada a Barcelona. Trieu entre la nostra selecci\u00f3 d&#8217;habitacions bellament decorades, cadascuna dissenyada per millorar la seva experi\u00e8ncia en aquesta vibrant ciutat. Experimenteu l&#8217;eleg\u00e0ncia i el confort de les nostres Habitacions Superiors, [&hellip;]<\/p>\n","protected":false},"author":4,"featured_media":0,"parent":0,"menu_order":10,"comment_status":"closed","ping_status":"closed","template":"template-rooms.php","meta":{"footnotes":""},"class_list":["post-552","page","type-page","status-publish","hentry"],"yoast_head":"<!-- This site is optimized with the Yoast SEO plugin v26.9 - https:\/\/yoast.com\/product\/yoast-seo-wordpress\/ -->\n<title>Habitacions - Hotel Ronda Lesseps -<\/title>\n<meta name=\"description\" content=\"Descobreix les c\u00f2modes habitacions de l&#039;Hotel Ronda Lesseps a Barcelona, incloent-hi les Habitacions Superiors a prop del Park G\u00fcell.\" \/>\n<meta name=\"robots\" content=\"index, follow, max-snippet:-1, max-image-preview:large, max-video-preview:-1\" \/>\n<link rel=\"canonical\" href=\"https:\/\/www.hotellesseps.com\/ca\/habitacions\/\" \/>\n<meta property=\"og:locale\" content=\"ca_ES\" \/>\n<meta property=\"og:type\" content=\"article\" \/>\n<meta property=\"og:title\" content=\"Habitacions - Hotel Ronda Lesseps -\" \/>\n<meta property=\"og:description\" content=\"Descobreix les c\u00f2modes habitacions de l&#039;Hotel Ronda Lesseps a Barcelona, incloent-hi les Habitacions Superiors a prop del Park G\u00fcell.\" \/>\n<meta property=\"og:url\" content=\"https:\/\/www.hotellesseps.com\/ca\/habitacions\/\" \/>\n<meta property=\"og:site_name\" content=\"Hotel Ronda Lesseps\" \/>\n<meta property=\"article:modified_time\" content=\"2025-10-01T11:04:21+00:00\" \/>\n<meta name=\"twitter:card\" content=\"summary_large_image\" \/>\n<meta name=\"twitter:label1\" content=\"Temps estimat de lectura\" \/>\n\t<meta name=\"twitter:data1\" content=\"1 minut\" \/>\n<script type=\"application\/ld+json\" class=\"yoast-schema-graph\">{\"@context\":\"https:\/\/schema.org\",\"@graph\":[{\"@type\":\"WebPage\",\"@id\":\"https:\/\/www.hotellesseps.com\/ca\/habitacions\/\",\"url\":\"https:\/\/www.hotellesseps.com\/ca\/habitacions\/\",\"name\":\"Habitacions - Hotel Ronda Lesseps -\",\"isPartOf\":{\"@id\":\"https:\/\/www.hotellesseps.com\/ca\/#website\"},\"datePublished\":\"2022-04-26T09:59:44+00:00\",\"dateModified\":\"2025-10-01T11:04:21+00:00\",\"description\":\"Descobreix les c\u00f2modes habitacions de l'Hotel Ronda Lesseps a Barcelona, incloent-hi les Habitacions Superiors a prop del Park G\u00fcell.\",\"breadcrumb\":{\"@id\":\"https:\/\/www.hotellesseps.com\/ca\/habitacions\/#breadcrumb\"},\"inLanguage\":\"ca\",\"potentialAction\":[{\"@type\":\"ReadAction\",\"target\":[\"https:\/\/www.hotellesseps.com\/ca\/habitacions\/\"]}]},{\"@type\":\"BreadcrumbList\",\"@id\":\"https:\/\/www.hotellesseps.com\/ca\/habitacions\/#breadcrumb\",\"itemListElement\":[{\"@type\":\"ListItem\",\"position\":1,\"name\":\"Home\",\"item\":\"https:\/\/www.hotellesseps.com\/ca\/\"},{\"@type\":\"ListItem\",\"position\":2,\"name\":\"Habitacions\"}]},{\"@type\":\"WebSite\",\"@id\":\"https:\/\/www.hotellesseps.com\/ca\/#website\",\"url\":\"https:\/\/www.hotellesseps.com\/ca\/\",\"name\":\"Hotel Ronda Lesseps\",\"description\":\"Just another ms.decms.eu site\",\"potentialAction\":[{\"@type\":\"SearchAction\",\"target\":{\"@type\":\"EntryPoint\",\"urlTemplate\":\"https:\/\/www.hotellesseps.com\/ca\/?s={search_term_string}\"},\"query-input\":{\"@type\":\"PropertyValueSpecification\",\"valueRequired\":true,\"valueName\":\"search_term_string\"}}],\"inLanguage\":\"ca\"}]}<\/script>\n<!-- \/ Yoast SEO plugin. -->","yoast_head_json":{"title":"Habitacions - Hotel Ronda Lesseps -","description":"Descobreix les c\u00f2modes habitacions de l'Hotel Ronda Lesseps a Barcelona, incloent-hi les Habitacions Superiors a prop del Park G\u00fcell.","robots":{"index":"index","follow":"follow","max-snippet":"max-snippet:-1","max-image-preview":"max-image-preview:large","max-video-preview":"max-video-preview:-1"},"canonical":"https:\/\/www.hotellesseps.com\/ca\/habitacions\/","og_locale":"ca_ES","og_type":"article","og_title":"Habitacions - Hotel Ronda Lesseps -","og_description":"Descobreix les c\u00f2modes habitacions de l'Hotel Ronda Lesseps a Barcelona, incloent-hi les Habitacions Superiors a prop del Park G\u00fcell.","og_url":"https:\/\/www.hotellesseps.com\/ca\/habitacions\/","og_site_name":"Hotel Ronda Lesseps","article_modified_time":"2025-10-01T11:04:21+00:00","twitter_card":"summary_large_image","twitter_misc":{"Temps estimat de lectura":"1 minut"},"schema":{"@context":"https:\/\/schema.org","@graph":[{"@type":"WebPage","@id":"https:\/\/www.hotellesseps.com\/ca\/habitacions\/","url":"https:\/\/www.hotellesseps.com\/ca\/habitacions\/","name":"Habitacions - Hotel Ronda Lesseps -","isPartOf":{"@id":"https:\/\/www.hotellesseps.com\/ca\/#website"},"datePublished":"2022-04-26T09:59:44+00:00","dateModified":"2025-10-01T11:04:21+00:00","description":"Descobreix les c\u00f2modes habitacions de l'Hotel Ronda Lesseps a Barcelona, incloent-hi les Habitacions Superiors a prop del Park G\u00fcell.","breadcrumb":{"@id":"https:\/\/www.hotellesseps.com\/ca\/habitacions\/#breadcrumb"},"inLanguage":"ca","potentialAction":[{"@type":"ReadAction","target":["https:\/\/www.hotellesseps.com\/ca\/habitacions\/"]}]},{"@type":"BreadcrumbList","@id":"https:\/\/www.hotellesseps.com\/ca\/habitacions\/#breadcrumb","itemListElement":[{"@type":"ListItem","position":1,"name":"Home","item":"https:\/\/www.hotellesseps.com\/ca\/"},{"@type":"ListItem","position":2,"name":"Habitacions"}]},{"@type":"WebSite","@id":"https:\/\/www.hotellesseps.com\/ca\/#website","url":"https:\/\/www.hotellesseps.com\/ca\/","name":"Hotel Ronda Lesseps","description":"Just another ms.decms.eu site","potentialAction":[{"@type":"SearchAction","target":{"@type":"EntryPoint","urlTemplate":"https:\/\/www.hotellesseps.com\/ca\/?s={search_term_string}"},"query-input":{"@type":"PropertyValueSpecification","valueRequired":true,"valueName":"search_term_string"}}],"inLanguage":"ca"}]}},"acf":[],"_links":{"self":[{"href":"https:\/\/www.hotellesseps.com\/ca\/wp-json\/wp\/v2\/pages\/552","targetHints":{"allow":["GET"]}}],"collection":[{"href":"https:\/\/www.hotellesseps.com\/ca\/wp-json\/wp\/v2\/pages"}],"about":[{"href":"https:\/\/www.hotellesseps.com\/ca\/wp-json\/wp\/v2\/types\/page"}],"author":[{"embeddable":true,"href":"https:\/\/www.hotellesseps.com\/ca\/wp-json\/wp\/v2\/users\/4"}],"replies":[{"embeddable":true,"href":"https:\/\/www.hotellesseps.com\/ca\/wp-json\/wp\/v2\/comments?post=552"}],"version-history":[{"count":0,"href":"https:\/\/www.hotellesseps.com\/ca\/wp-json\/wp\/v2\/pages\/552\/revisions"}],"wp:attachment":[{"href":"https:\/\/www.hotellesseps.com\/ca\/wp-json\/wp\/v2\/media?parent=552"}],"curies":[{"name":"wp","href":"https:\/\/api.w.org\/{rel}","templated":true}]}}