{"id":566,"date":"2022-08-12T14:58:07","date_gmt":"2022-08-12T14:58:07","guid":{"rendered":"https:\/\/hotel-ronda-lesseps.ms.decms.eu\/habitaciones\/small-ground-floor-double-room\/"},"modified":"2025-10-01T09:30:52","modified_gmt":"2025-10-01T09:30:52","slug":"habitacio-petita-a-planta-baixa","status":"publish","type":"page","link":"https:\/\/www.hotellesseps.com\/ca\/habitacions\/habitacio-petita-a-planta-baixa\/","title":{"rendered":"Habitaci\u00f3 Petita a Planta Baixa"},"content":{"rendered":"<p>&nbsp;<\/p>\n<p>Descobreix el nostre allotjament a la planta baixa de Barcelona: assequible i accessible.<\/p>\n<p>Ideal per al viatger intel\u00b7ligent que busca una relaci\u00f3 qualitat-preu excepcional, la nostra habitaci\u00f3 petita a la planta baixa combina comoditat amb rendibilitat, al cor de Barcelona.<\/p>\n<p>Gaudeix de la comoditat d&#8217;un matal\u00e0s viscoel\u00e0stic de 2 metres i gaudeix del luxe d&#8217;una dutxa d&#8217;hidromassatge. Manteniu-vos connectat amb la Wi-Fi d&#8217;alta velocitat gratu\u00efta i entreteniu-vos amb un televisor de pantalla plana de 42 polzades amb canals premium. L&#8217;habitaci\u00f3 inclou una nevera, un bullidor d&#8217;aigua calenta per a les teves necessitats de te i caf\u00e8, aire condicionat i una caixa forta per a la teva tranquil\u00b7litat.<\/p>\n<p>Situada convenientment a la planta baixa per facilitar l&#8217;acc\u00e9s, aquesta habitaci\u00f3 ofereix un espai acollidor i compacte sense comprometre les comoditats de les nostres habitacions superiors.<\/p>\n<p>Trieu l&#8217;Hotel Ronda Lesseps per a una estada econ\u00f2mica que superi les expectatives, assegurant que la vostra visita a Barcelona sigui c\u00f2moda i econ\u00f2mica.<\/p>\n","protected":false},"excerpt":{"rendered":"<p>&nbsp; Descobreix el nostre allotjament a la planta baixa de Barcelona: assequible i accessible. Ideal per al viatger intel\u00b7ligent que busca una relaci\u00f3 qualitat-preu excepcional, la nostra habitaci\u00f3 petita a la planta baixa combina comoditat amb rendibilitat, al cor de Barcelona. Gaudeix de la comoditat d&#8217;un matal\u00e0s viscoel\u00e0stic de 2 metres i gaudeix del luxe [&hellip;]<\/p>\n","protected":false},"author":4,"featured_media":0,"parent":552,"menu_order":40,"comment_status":"closed","ping_status":"closed","template":"template-single-room.php","meta":{"footnotes":""},"class_list":["post-566","page","type-page","status-publish","hentry"],"yoast_head":"<!-- This site is optimized with the Yoast SEO plugin v26.9 - https:\/\/yoast.com\/product\/yoast-seo-wordpress\/ -->\n<title>Habitaci\u00f3 Individual a Planta Baixa | Hotel Ronda Lesseps<\/title>\n<meta name=\"description\" content=\"Habitaci\u00f3 petita a planta baixa per a 2 persones, en una ubicaci\u00f3 tranquil\u00b7la de Barcelona, totalment equipada per una estada c\u00f2moda. Reserva ara!\" \/>\n<meta name=\"robots\" content=\"index, follow, max-snippet:-1, max-image-preview:large, max-video-preview:-1\" \/>\n<link rel=\"canonical\" href=\"https:\/\/www.hotellesseps.com\/ca\/habitacions\/habitacio-petita-a-planta-baixa\/\" \/>\n<meta property=\"og:locale\" content=\"ca_ES\" \/>\n<meta property=\"og:type\" content=\"article\" \/>\n<meta property=\"og:title\" content=\"Habitaci\u00f3 Individual a Planta Baixa | Hotel Ronda Lesseps\" \/>\n<meta property=\"og:description\" content=\"Habitaci\u00f3 petita a planta baixa per a 2 persones, en una ubicaci\u00f3 tranquil\u00b7la de Barcelona, totalment equipada per una estada c\u00f2moda. Reserva ara!\" \/>\n<meta property=\"og:url\" content=\"https:\/\/www.hotellesseps.com\/ca\/habitacions\/habitacio-petita-a-planta-baixa\/\" \/>\n<meta property=\"og:site_name\" content=\"Hotel Ronda Lesseps\" \/>\n<meta property=\"article:modified_time\" content=\"2025-10-01T09:30:52+00:00\" \/>\n<meta name=\"twitter:card\" content=\"summary_large_image\" \/>\n<meta name=\"twitter:label1\" content=\"Temps estimat de lectura\" \/>\n\t<meta name=\"twitter:data1\" content=\"1 minut\" \/>\n<script type=\"application\/ld+json\" class=\"yoast-schema-graph\">{\"@context\":\"https:\/\/schema.org\",\"@graph\":[{\"@type\":\"WebPage\",\"@id\":\"https:\/\/www.hotellesseps.com\/ca\/habitacions\/habitacio-petita-a-planta-baixa\/\",\"url\":\"https:\/\/www.hotellesseps.com\/ca\/habitacions\/habitacio-petita-a-planta-baixa\/\",\"name\":\"Habitaci\u00f3 Individual a Planta Baixa | Hotel Ronda Lesseps\",\"isPartOf\":{\"@id\":\"https:\/\/www.hotellesseps.com\/ca\/#website\"},\"datePublished\":\"2022-08-12T14:58:07+00:00\",\"dateModified\":\"2025-10-01T09:30:52+00:00\",\"description\":\"Habitaci\u00f3 petita a planta baixa per a 2 persones, en una ubicaci\u00f3 tranquil\u00b7la de Barcelona, totalment equipada per una estada c\u00f2moda. Reserva ara!\",\"breadcrumb\":{\"@id\":\"https:\/\/www.hotellesseps.com\/ca\/habitacions\/habitacio-petita-a-planta-baixa\/#breadcrumb\"},\"inLanguage\":\"ca\",\"potentialAction\":[{\"@type\":\"ReadAction\",\"target\":[\"https:\/\/www.hotellesseps.com\/ca\/habitacions\/habitacio-petita-a-planta-baixa\/\"]}]},{\"@type\":\"BreadcrumbList\",\"@id\":\"https:\/\/www.hotellesseps.com\/ca\/habitacions\/habitacio-petita-a-planta-baixa\/#breadcrumb\",\"itemListElement\":[{\"@type\":\"ListItem\",\"position\":1,\"name\":\"Home\",\"item\":\"https:\/\/www.hotellesseps.com\/ca\/\"},{\"@type\":\"ListItem\",\"position\":2,\"name\":\"Habitacions\",\"item\":\"https:\/\/www.hotellesseps.com\/ca\/habitacions\/\"},{\"@type\":\"ListItem\",\"position\":3,\"name\":\"Habitaci\u00f3 Petita a Planta Baixa\"}]},{\"@type\":\"WebSite\",\"@id\":\"https:\/\/www.hotellesseps.com\/ca\/#website\",\"url\":\"https:\/\/www.hotellesseps.com\/ca\/\",\"name\":\"Hotel Ronda Lesseps\",\"description\":\"Just another ms.decms.eu site\",\"potentialAction\":[{\"@type\":\"SearchAction\",\"target\":{\"@type\":\"EntryPoint\",\"urlTemplate\":\"https:\/\/www.hotellesseps.com\/ca\/?s={search_term_string}\"},\"query-input\":{\"@type\":\"PropertyValueSpecification\",\"valueRequired\":true,\"valueName\":\"search_term_string\"}}],\"inLanguage\":\"ca\"}]}<\/script>\n<!-- \/ Yoast SEO plugin. -->","yoast_head_json":{"title":"Habitaci\u00f3 Individual a Planta Baixa | Hotel Ronda Lesseps","description":"Habitaci\u00f3 petita a planta baixa per a 2 persones, en una ubicaci\u00f3 tranquil\u00b7la de Barcelona, totalment equipada per una estada c\u00f2moda. Reserva ara!","robots":{"index":"index","follow":"follow","max-snippet":"max-snippet:-1","max-image-preview":"max-image-preview:large","max-video-preview":"max-video-preview:-1"},"canonical":"https:\/\/www.hotellesseps.com\/ca\/habitacions\/habitacio-petita-a-planta-baixa\/","og_locale":"ca_ES","og_type":"article","og_title":"Habitaci\u00f3 Individual a Planta Baixa | Hotel Ronda Lesseps","og_description":"Habitaci\u00f3 petita a planta baixa per a 2 persones, en una ubicaci\u00f3 tranquil\u00b7la de Barcelona, totalment equipada per una estada c\u00f2moda. Reserva ara!","og_url":"https:\/\/www.hotellesseps.com\/ca\/habitacions\/habitacio-petita-a-planta-baixa\/","og_site_name":"Hotel Ronda Lesseps","article_modified_time":"2025-10-01T09:30:52+00:00","twitter_card":"summary_large_image","twitter_misc":{"Temps estimat de lectura":"1 minut"},"schema":{"@context":"https:\/\/schema.org","@graph":[{"@type":"WebPage","@id":"https:\/\/www.hotellesseps.com\/ca\/habitacions\/habitacio-petita-a-planta-baixa\/","url":"https:\/\/www.hotellesseps.com\/ca\/habitacions\/habitacio-petita-a-planta-baixa\/","name":"Habitaci\u00f3 Individual a Planta Baixa | Hotel Ronda Lesseps","isPartOf":{"@id":"https:\/\/www.hotellesseps.com\/ca\/#website"},"datePublished":"2022-08-12T14:58:07+00:00","dateModified":"2025-10-01T09:30:52+00:00","description":"Habitaci\u00f3 petita a planta baixa per a 2 persones, en una ubicaci\u00f3 tranquil\u00b7la de Barcelona, totalment equipada per una estada c\u00f2moda. Reserva ara!","breadcrumb":{"@id":"https:\/\/www.hotellesseps.com\/ca\/habitacions\/habitacio-petita-a-planta-baixa\/#breadcrumb"},"inLanguage":"ca","potentialAction":[{"@type":"ReadAction","target":["https:\/\/www.hotellesseps.com\/ca\/habitacions\/habitacio-petita-a-planta-baixa\/"]}]},{"@type":"BreadcrumbList","@id":"https:\/\/www.hotellesseps.com\/ca\/habitacions\/habitacio-petita-a-planta-baixa\/#breadcrumb","itemListElement":[{"@type":"ListItem","position":1,"name":"Home","item":"https:\/\/www.hotellesseps.com\/ca\/"},{"@type":"ListItem","position":2,"name":"Habitacions","item":"https:\/\/www.hotellesseps.com\/ca\/habitacions\/"},{"@type":"ListItem","position":3,"name":"Habitaci\u00f3 Petita a Planta Baixa"}]},{"@type":"WebSite","@id":"https:\/\/www.hotellesseps.com\/ca\/#website","url":"https:\/\/www.hotellesseps.com\/ca\/","name":"Hotel Ronda Lesseps","description":"Just another ms.decms.eu site","potentialAction":[{"@type":"SearchAction","target":{"@type":"EntryPoint","urlTemplate":"https:\/\/www.hotellesseps.com\/ca\/?s={search_term_string}"},"query-input":{"@type":"PropertyValueSpecification","valueRequired":true,"valueName":"search_term_string"}}],"inLanguage":"ca"}]}},"acf":[],"_links":{"self":[{"href":"https:\/\/www.hotellesseps.com\/ca\/wp-json\/wp\/v2\/pages\/566","targetHints":{"allow":["GET"]}}],"collection":[{"href":"https:\/\/www.hotellesseps.com\/ca\/wp-json\/wp\/v2\/pages"}],"about":[{"href":"https:\/\/www.hotellesseps.com\/ca\/wp-json\/wp\/v2\/types\/page"}],"author":[{"embeddable":true,"href":"https:\/\/www.hotellesseps.com\/ca\/wp-json\/wp\/v2\/users\/4"}],"replies":[{"embeddable":true,"href":"https:\/\/www.hotellesseps.com\/ca\/wp-json\/wp\/v2\/comments?post=566"}],"version-history":[{"count":0,"href":"https:\/\/www.hotellesseps.com\/ca\/wp-json\/wp\/v2\/pages\/566\/revisions"}],"up":[{"embeddable":true,"href":"https:\/\/www.hotellesseps.com\/ca\/wp-json\/wp\/v2\/pages\/552"}],"wp:attachment":[{"href":"https:\/\/www.hotellesseps.com\/ca\/wp-json\/wp\/v2\/media?parent=566"}],"curies":[{"name":"wp","href":"https:\/\/api.w.org\/{rel}","templated":true}]}}