{"id":574,"date":"2022-08-12T15:16:19","date_gmt":"2022-08-12T15:16:19","guid":{"rendered":"https:\/\/hotel-ronda-lesseps.ms.decms.eu\/habitaciones\/small-ground-floor-triple-room\/"},"modified":"2025-10-01T10:06:33","modified_gmt":"2025-10-01T10:06:33","slug":"habitacio-triple-a-planta-baixa","status":"publish","type":"page","link":"https:\/\/www.hotellesseps.com\/ca\/habitacions\/habitacio-triple-a-planta-baixa\/","title":{"rendered":"Habitaci\u00f3 Triple a Planta Baixa"},"content":{"rendered":"<p>&nbsp;<\/p>\n<p>Allotjament familiar espai\u00f3s a Barcelona, \u200b\u200bideal per a fam\u00edlies.<\/p>\n<p>La nostra Habitaci\u00f3 Triple Planta Baixa ofereix ampli espai i est\u00e0 perfectament equipada per allotjar un grup de tres persones o una petita fam\u00edlia, la qual cosa la converteix en una opci\u00f3 ideal per a aquells que visiten el vibrant barri de Gr\u00e0cia de Barcelona.<\/p>\n<p>Aquesta habitaci\u00f3 disposa de dos matalassos viscoel\u00e0stics de 2 metres i un sof\u00e0 llit addicional per allotjar-se c\u00f2modament a tothom. Gaudeix del luxe revitalitzant d&#8217;una dutxa d&#8217;hidromassatge, complementada amb Wi-Fi d&#8217;alta velocitat gratu\u00efta, un televisor de pantalla plana de 42 polzades amb acc\u00e9s a canals premium, una nevera i un escalfador d&#8217;aigua per a les teves necessitats de te i caf\u00e8. L&#8217;habitaci\u00f3 tamb\u00e9 est\u00e0 equipada amb aire condicionat i caixa forta per a la vostra tranquil\u00b7litat.<\/p>\n<p>Trieu la nostra Habitaci\u00f3 Triple Planta Baixa per a la vostra estada a l&#8217;Hotel Ronda Lesseps per garantir una visita memorable i c\u00f2moda per al vostre grup o fam\u00edlia, en ple cor de la zona m\u00e9s encantadora de Barcelona.<\/p>\n","protected":false},"excerpt":{"rendered":"<p>&nbsp; Allotjament familiar espai\u00f3s a Barcelona, \u200b\u200bideal per a fam\u00edlies. La nostra Habitaci\u00f3 Triple Planta Baixa ofereix ampli espai i est\u00e0 perfectament equipada per allotjar un grup de tres persones o una petita fam\u00edlia, la qual cosa la converteix en una opci\u00f3 ideal per a aquells que visiten el vibrant barri de Gr\u00e0cia de Barcelona. [&hellip;]<\/p>\n","protected":false},"author":4,"featured_media":0,"parent":552,"menu_order":60,"comment_status":"closed","ping_status":"closed","template":"template-single-room.php","meta":{"footnotes":""},"class_list":["post-574","page","type-page","status-publish","hentry"],"yoast_head":"<!-- This site is optimized with the Yoast SEO plugin v26.9 - https:\/\/yoast.com\/product\/yoast-seo-wordpress\/ -->\n<title>Habitaci\u00f3 Triple a Planta Baixa - Hotel Ronda Lesseps -<\/title>\n<meta name=\"description\" content=\"Habitaci\u00f3 triple en planta baixa a Barcelona, ideal per a fam\u00edlies, amb totes les comoditats i en una ubicaci\u00f3 tranquil\u00b7la a prop del centre.\" \/>\n<meta name=\"robots\" content=\"index, follow, max-snippet:-1, max-image-preview:large, max-video-preview:-1\" \/>\n<link rel=\"canonical\" href=\"https:\/\/www.hotellesseps.com\/ca\/habitacions\/habitacio-triple-a-planta-baixa\/\" \/>\n<meta property=\"og:locale\" content=\"ca_ES\" \/>\n<meta property=\"og:type\" content=\"article\" \/>\n<meta property=\"og:title\" content=\"Habitaci\u00f3 Triple a Planta Baixa - Hotel Ronda Lesseps -\" \/>\n<meta property=\"og:description\" content=\"Habitaci\u00f3 triple en planta baixa a Barcelona, ideal per a fam\u00edlies, amb totes les comoditats i en una ubicaci\u00f3 tranquil\u00b7la a prop del centre.\" \/>\n<meta property=\"og:url\" content=\"https:\/\/www.hotellesseps.com\/ca\/habitacions\/habitacio-triple-a-planta-baixa\/\" \/>\n<meta property=\"og:site_name\" content=\"Hotel Ronda Lesseps\" \/>\n<meta property=\"article:modified_time\" content=\"2025-10-01T10:06:33+00:00\" \/>\n<meta name=\"twitter:card\" content=\"summary_large_image\" \/>\n<meta name=\"twitter:label1\" content=\"Temps estimat de lectura\" \/>\n\t<meta name=\"twitter:data1\" content=\"1 minut\" \/>\n<script type=\"application\/ld+json\" class=\"yoast-schema-graph\">{\"@context\":\"https:\/\/schema.org\",\"@graph\":[{\"@type\":\"WebPage\",\"@id\":\"https:\/\/www.hotellesseps.com\/ca\/habitacions\/habitacio-triple-a-planta-baixa\/\",\"url\":\"https:\/\/www.hotellesseps.com\/ca\/habitacions\/habitacio-triple-a-planta-baixa\/\",\"name\":\"Habitaci\u00f3 Triple a Planta Baixa - Hotel Ronda Lesseps -\",\"isPartOf\":{\"@id\":\"https:\/\/www.hotellesseps.com\/ca\/#website\"},\"datePublished\":\"2022-08-12T15:16:19+00:00\",\"dateModified\":\"2025-10-01T10:06:33+00:00\",\"description\":\"Habitaci\u00f3 triple en planta baixa a Barcelona, ideal per a fam\u00edlies, amb totes les comoditats i en una ubicaci\u00f3 tranquil\u00b7la a prop del centre.\",\"breadcrumb\":{\"@id\":\"https:\/\/www.hotellesseps.com\/ca\/habitacions\/habitacio-triple-a-planta-baixa\/#breadcrumb\"},\"inLanguage\":\"ca\",\"potentialAction\":[{\"@type\":\"ReadAction\",\"target\":[\"https:\/\/www.hotellesseps.com\/ca\/habitacions\/habitacio-triple-a-planta-baixa\/\"]}]},{\"@type\":\"BreadcrumbList\",\"@id\":\"https:\/\/www.hotellesseps.com\/ca\/habitacions\/habitacio-triple-a-planta-baixa\/#breadcrumb\",\"itemListElement\":[{\"@type\":\"ListItem\",\"position\":1,\"name\":\"Home\",\"item\":\"https:\/\/www.hotellesseps.com\/ca\/\"},{\"@type\":\"ListItem\",\"position\":2,\"name\":\"Habitacions\",\"item\":\"https:\/\/www.hotellesseps.com\/ca\/habitacions\/\"},{\"@type\":\"ListItem\",\"position\":3,\"name\":\"Habitaci\u00f3 Triple a Planta Baixa\"}]},{\"@type\":\"WebSite\",\"@id\":\"https:\/\/www.hotellesseps.com\/ca\/#website\",\"url\":\"https:\/\/www.hotellesseps.com\/ca\/\",\"name\":\"Hotel Ronda Lesseps\",\"description\":\"Just another ms.decms.eu site\",\"potentialAction\":[{\"@type\":\"SearchAction\",\"target\":{\"@type\":\"EntryPoint\",\"urlTemplate\":\"https:\/\/www.hotellesseps.com\/ca\/?s={search_term_string}\"},\"query-input\":{\"@type\":\"PropertyValueSpecification\",\"valueRequired\":true,\"valueName\":\"search_term_string\"}}],\"inLanguage\":\"ca\"}]}<\/script>\n<!-- \/ Yoast SEO plugin. -->","yoast_head_json":{"title":"Habitaci\u00f3 Triple a Planta Baixa - Hotel Ronda Lesseps -","description":"Habitaci\u00f3 triple en planta baixa a Barcelona, ideal per a fam\u00edlies, amb totes les comoditats i en una ubicaci\u00f3 tranquil\u00b7la a prop del centre.","robots":{"index":"index","follow":"follow","max-snippet":"max-snippet:-1","max-image-preview":"max-image-preview:large","max-video-preview":"max-video-preview:-1"},"canonical":"https:\/\/www.hotellesseps.com\/ca\/habitacions\/habitacio-triple-a-planta-baixa\/","og_locale":"ca_ES","og_type":"article","og_title":"Habitaci\u00f3 Triple a Planta Baixa - Hotel Ronda Lesseps -","og_description":"Habitaci\u00f3 triple en planta baixa a Barcelona, ideal per a fam\u00edlies, amb totes les comoditats i en una ubicaci\u00f3 tranquil\u00b7la a prop del centre.","og_url":"https:\/\/www.hotellesseps.com\/ca\/habitacions\/habitacio-triple-a-planta-baixa\/","og_site_name":"Hotel Ronda Lesseps","article_modified_time":"2025-10-01T10:06:33+00:00","twitter_card":"summary_large_image","twitter_misc":{"Temps estimat de lectura":"1 minut"},"schema":{"@context":"https:\/\/schema.org","@graph":[{"@type":"WebPage","@id":"https:\/\/www.hotellesseps.com\/ca\/habitacions\/habitacio-triple-a-planta-baixa\/","url":"https:\/\/www.hotellesseps.com\/ca\/habitacions\/habitacio-triple-a-planta-baixa\/","name":"Habitaci\u00f3 Triple a Planta Baixa - Hotel Ronda Lesseps -","isPartOf":{"@id":"https:\/\/www.hotellesseps.com\/ca\/#website"},"datePublished":"2022-08-12T15:16:19+00:00","dateModified":"2025-10-01T10:06:33+00:00","description":"Habitaci\u00f3 triple en planta baixa a Barcelona, ideal per a fam\u00edlies, amb totes les comoditats i en una ubicaci\u00f3 tranquil\u00b7la a prop del centre.","breadcrumb":{"@id":"https:\/\/www.hotellesseps.com\/ca\/habitacions\/habitacio-triple-a-planta-baixa\/#breadcrumb"},"inLanguage":"ca","potentialAction":[{"@type":"ReadAction","target":["https:\/\/www.hotellesseps.com\/ca\/habitacions\/habitacio-triple-a-planta-baixa\/"]}]},{"@type":"BreadcrumbList","@id":"https:\/\/www.hotellesseps.com\/ca\/habitacions\/habitacio-triple-a-planta-baixa\/#breadcrumb","itemListElement":[{"@type":"ListItem","position":1,"name":"Home","item":"https:\/\/www.hotellesseps.com\/ca\/"},{"@type":"ListItem","position":2,"name":"Habitacions","item":"https:\/\/www.hotellesseps.com\/ca\/habitacions\/"},{"@type":"ListItem","position":3,"name":"Habitaci\u00f3 Triple a Planta Baixa"}]},{"@type":"WebSite","@id":"https:\/\/www.hotellesseps.com\/ca\/#website","url":"https:\/\/www.hotellesseps.com\/ca\/","name":"Hotel Ronda Lesseps","description":"Just another ms.decms.eu site","potentialAction":[{"@type":"SearchAction","target":{"@type":"EntryPoint","urlTemplate":"https:\/\/www.hotellesseps.com\/ca\/?s={search_term_string}"},"query-input":{"@type":"PropertyValueSpecification","valueRequired":true,"valueName":"search_term_string"}}],"inLanguage":"ca"}]}},"acf":[],"_links":{"self":[{"href":"https:\/\/www.hotellesseps.com\/ca\/wp-json\/wp\/v2\/pages\/574","targetHints":{"allow":["GET"]}}],"collection":[{"href":"https:\/\/www.hotellesseps.com\/ca\/wp-json\/wp\/v2\/pages"}],"about":[{"href":"https:\/\/www.hotellesseps.com\/ca\/wp-json\/wp\/v2\/types\/page"}],"author":[{"embeddable":true,"href":"https:\/\/www.hotellesseps.com\/ca\/wp-json\/wp\/v2\/users\/4"}],"replies":[{"embeddable":true,"href":"https:\/\/www.hotellesseps.com\/ca\/wp-json\/wp\/v2\/comments?post=574"}],"version-history":[{"count":0,"href":"https:\/\/www.hotellesseps.com\/ca\/wp-json\/wp\/v2\/pages\/574\/revisions"}],"up":[{"embeddable":true,"href":"https:\/\/www.hotellesseps.com\/ca\/wp-json\/wp\/v2\/pages\/552"}],"wp:attachment":[{"href":"https:\/\/www.hotellesseps.com\/ca\/wp-json\/wp\/v2\/media?parent=574"}],"curies":[{"name":"wp","href":"https:\/\/api.w.org\/{rel}","templated":true}]}}