{"id":594,"date":"2022-04-28T14:10:32","date_gmt":"2022-04-28T14:10:32","guid":{"rendered":"https:\/\/hotel-ronda-lesseps.ms.decms.eu\/location-contact\/"},"modified":"2025-10-01T10:00:16","modified_gmt":"2025-10-01T10:00:16","slug":"ubicacio-i-contacte","status":"publish","type":"page","link":"https:\/\/www.hotellesseps.com\/ca\/ubicacio-i-contacte\/","title":{"rendered":"Ubicaci\u00f3 i Contacte"},"content":{"rendered":"<p style=\"text-align: center\">Perfectament situat al cor de Barcelona, el nostre hotel ofereix un acc\u00e9s perfecte a les atraccions m\u00e9s interessants de la ciutat gr\u00e0cies a unes excel\u00b7lents connexions de transport p\u00fablic. Abraci l&#8217;esperit del viatger mentre explora el proper barri hist\u00f2ric de Gr\u00e0cia, ple d&#8217;encant i car\u00e0cter.<\/p>\n<p style=\"text-align: center\">I aix\u00f2 no \u00e9s tot: el mundialment conegut Park G\u00fcell, obra del visionari arquitecte Antoni Gaud\u00ed, es a nom\u00e9s un agradable passeig de deu minuts. Preparis per deixar-se hipnotitzar per la seva impressionant bellesa i brillantor creativa.<\/p>\n","protected":false},"excerpt":{"rendered":"<p>Perfectament situat al cor de Barcelona, el nostre hotel ofereix un acc\u00e9s perfecte a les atraccions m\u00e9s interessants de la ciutat gr\u00e0cies a unes excel\u00b7lents connexions de transport p\u00fablic. Abraci l&#8217;esperit del viatger mentre explora el proper barri hist\u00f2ric de Gr\u00e0cia, ple d&#8217;encant i car\u00e0cter. I aix\u00f2 no \u00e9s tot: el mundialment conegut Park G\u00fcell, [&hellip;]<\/p>\n","protected":false},"author":4,"featured_media":0,"parent":0,"menu_order":70,"comment_status":"closed","ping_status":"closed","template":"template-location.php","meta":{"footnotes":""},"class_list":["post-594","page","type-page","status-publish","hentry"],"yoast_head":"<!-- This site is optimized with the Yoast SEO plugin v26.9 - https:\/\/yoast.com\/product\/yoast-seo-wordpress\/ -->\n<title>Ubicaci\u00f3 i Contacte - Hotel Ronda Lesseps -<\/title>\n<meta name=\"description\" content=\"Hotel situat al cor de Barcelona, a prop de Gr\u00e0cia i a 10 minuts a peu del Park G\u00fcell, amb excel\u00b7lents connexions de transport p\u00fablic.\" \/>\n<meta name=\"robots\" content=\"index, follow, max-snippet:-1, max-image-preview:large, max-video-preview:-1\" \/>\n<link rel=\"canonical\" href=\"https:\/\/www.hotellesseps.com\/ca\/ubicacio-i-contacte\/\" \/>\n<meta property=\"og:locale\" content=\"ca_ES\" \/>\n<meta property=\"og:type\" content=\"article\" \/>\n<meta property=\"og:title\" content=\"Ubicaci\u00f3 i Contacte - Hotel Ronda Lesseps -\" \/>\n<meta property=\"og:description\" content=\"Hotel situat al cor de Barcelona, a prop de Gr\u00e0cia i a 10 minuts a peu del Park G\u00fcell, amb excel\u00b7lents connexions de transport p\u00fablic.\" \/>\n<meta property=\"og:url\" content=\"https:\/\/www.hotellesseps.com\/ca\/ubicacio-i-contacte\/\" \/>\n<meta property=\"og:site_name\" content=\"Hotel Ronda Lesseps\" \/>\n<meta property=\"article:modified_time\" content=\"2025-10-01T10:00:16+00:00\" \/>\n<meta name=\"twitter:card\" content=\"summary_large_image\" \/>\n<meta name=\"twitter:label1\" content=\"Temps estimat de lectura\" \/>\n\t<meta name=\"twitter:data1\" content=\"1 minut\" \/>\n<script type=\"application\/ld+json\" class=\"yoast-schema-graph\">{\"@context\":\"https:\/\/schema.org\",\"@graph\":[{\"@type\":\"WebPage\",\"@id\":\"https:\/\/www.hotellesseps.com\/ca\/ubicacio-i-contacte\/\",\"url\":\"https:\/\/www.hotellesseps.com\/ca\/ubicacio-i-contacte\/\",\"name\":\"Ubicaci\u00f3 i Contacte - Hotel Ronda Lesseps -\",\"isPartOf\":{\"@id\":\"https:\/\/www.hotellesseps.com\/ca\/#website\"},\"datePublished\":\"2022-04-28T14:10:32+00:00\",\"dateModified\":\"2025-10-01T10:00:16+00:00\",\"description\":\"Hotel situat al cor de Barcelona, a prop de Gr\u00e0cia i a 10 minuts a peu del Park G\u00fcell, amb excel\u00b7lents connexions de transport p\u00fablic.\",\"breadcrumb\":{\"@id\":\"https:\/\/www.hotellesseps.com\/ca\/ubicacio-i-contacte\/#breadcrumb\"},\"inLanguage\":\"ca\",\"potentialAction\":[{\"@type\":\"ReadAction\",\"target\":[\"https:\/\/www.hotellesseps.com\/ca\/ubicacio-i-contacte\/\"]}]},{\"@type\":\"BreadcrumbList\",\"@id\":\"https:\/\/www.hotellesseps.com\/ca\/ubicacio-i-contacte\/#breadcrumb\",\"itemListElement\":[{\"@type\":\"ListItem\",\"position\":1,\"name\":\"Home\",\"item\":\"https:\/\/www.hotellesseps.com\/ca\/\"},{\"@type\":\"ListItem\",\"position\":2,\"name\":\"Ubicaci\u00f3 i Contacte\"}]},{\"@type\":\"WebSite\",\"@id\":\"https:\/\/www.hotellesseps.com\/ca\/#website\",\"url\":\"https:\/\/www.hotellesseps.com\/ca\/\",\"name\":\"Hotel Ronda Lesseps\",\"description\":\"Just another ms.decms.eu site\",\"potentialAction\":[{\"@type\":\"SearchAction\",\"target\":{\"@type\":\"EntryPoint\",\"urlTemplate\":\"https:\/\/www.hotellesseps.com\/ca\/?s={search_term_string}\"},\"query-input\":{\"@type\":\"PropertyValueSpecification\",\"valueRequired\":true,\"valueName\":\"search_term_string\"}}],\"inLanguage\":\"ca\"}]}<\/script>\n<!-- \/ Yoast SEO plugin. -->","yoast_head_json":{"title":"Ubicaci\u00f3 i Contacte - Hotel Ronda Lesseps -","description":"Hotel situat al cor de Barcelona, a prop de Gr\u00e0cia i a 10 minuts a peu del Park G\u00fcell, amb excel\u00b7lents connexions de transport p\u00fablic.","robots":{"index":"index","follow":"follow","max-snippet":"max-snippet:-1","max-image-preview":"max-image-preview:large","max-video-preview":"max-video-preview:-1"},"canonical":"https:\/\/www.hotellesseps.com\/ca\/ubicacio-i-contacte\/","og_locale":"ca_ES","og_type":"article","og_title":"Ubicaci\u00f3 i Contacte - Hotel Ronda Lesseps -","og_description":"Hotel situat al cor de Barcelona, a prop de Gr\u00e0cia i a 10 minuts a peu del Park G\u00fcell, amb excel\u00b7lents connexions de transport p\u00fablic.","og_url":"https:\/\/www.hotellesseps.com\/ca\/ubicacio-i-contacte\/","og_site_name":"Hotel Ronda Lesseps","article_modified_time":"2025-10-01T10:00:16+00:00","twitter_card":"summary_large_image","twitter_misc":{"Temps estimat de lectura":"1 minut"},"schema":{"@context":"https:\/\/schema.org","@graph":[{"@type":"WebPage","@id":"https:\/\/www.hotellesseps.com\/ca\/ubicacio-i-contacte\/","url":"https:\/\/www.hotellesseps.com\/ca\/ubicacio-i-contacte\/","name":"Ubicaci\u00f3 i Contacte - Hotel Ronda Lesseps -","isPartOf":{"@id":"https:\/\/www.hotellesseps.com\/ca\/#website"},"datePublished":"2022-04-28T14:10:32+00:00","dateModified":"2025-10-01T10:00:16+00:00","description":"Hotel situat al cor de Barcelona, a prop de Gr\u00e0cia i a 10 minuts a peu del Park G\u00fcell, amb excel\u00b7lents connexions de transport p\u00fablic.","breadcrumb":{"@id":"https:\/\/www.hotellesseps.com\/ca\/ubicacio-i-contacte\/#breadcrumb"},"inLanguage":"ca","potentialAction":[{"@type":"ReadAction","target":["https:\/\/www.hotellesseps.com\/ca\/ubicacio-i-contacte\/"]}]},{"@type":"BreadcrumbList","@id":"https:\/\/www.hotellesseps.com\/ca\/ubicacio-i-contacte\/#breadcrumb","itemListElement":[{"@type":"ListItem","position":1,"name":"Home","item":"https:\/\/www.hotellesseps.com\/ca\/"},{"@type":"ListItem","position":2,"name":"Ubicaci\u00f3 i Contacte"}]},{"@type":"WebSite","@id":"https:\/\/www.hotellesseps.com\/ca\/#website","url":"https:\/\/www.hotellesseps.com\/ca\/","name":"Hotel Ronda Lesseps","description":"Just another ms.decms.eu site","potentialAction":[{"@type":"SearchAction","target":{"@type":"EntryPoint","urlTemplate":"https:\/\/www.hotellesseps.com\/ca\/?s={search_term_string}"},"query-input":{"@type":"PropertyValueSpecification","valueRequired":true,"valueName":"search_term_string"}}],"inLanguage":"ca"}]}},"acf":[],"_links":{"self":[{"href":"https:\/\/www.hotellesseps.com\/ca\/wp-json\/wp\/v2\/pages\/594","targetHints":{"allow":["GET"]}}],"collection":[{"href":"https:\/\/www.hotellesseps.com\/ca\/wp-json\/wp\/v2\/pages"}],"about":[{"href":"https:\/\/www.hotellesseps.com\/ca\/wp-json\/wp\/v2\/types\/page"}],"author":[{"embeddable":true,"href":"https:\/\/www.hotellesseps.com\/ca\/wp-json\/wp\/v2\/users\/4"}],"replies":[{"embeddable":true,"href":"https:\/\/www.hotellesseps.com\/ca\/wp-json\/wp\/v2\/comments?post=594"}],"version-history":[{"count":0,"href":"https:\/\/www.hotellesseps.com\/ca\/wp-json\/wp\/v2\/pages\/594\/revisions"}],"wp:attachment":[{"href":"https:\/\/www.hotellesseps.com\/ca\/wp-json\/wp\/v2\/media?parent=594"}],"curies":[{"name":"wp","href":"https:\/\/api.w.org\/{rel}","templated":true}]}}