{"id":1125,"date":"2024-01-27T07:22:30","date_gmt":"2024-01-27T07:22:30","guid":{"rendered":"https:\/\/www.hotellesseps.com\/buffet-breakfast\/"},"modified":"2026-03-31T16:09:19","modified_gmt":"2026-03-31T16:09:19","slug":"desayuno-buffet","status":"publish","type":"page","link":"https:\/\/www.hotellesseps.com\/es\/desayuno-buffet\/","title":{"rendered":"Desayuno"},"content":{"rendered":"<p>&nbsp;<\/p>\n<p>Del\u00e9itese con nuestro desayuno buffet mediterr\u00e1neo en uno de los mejores lugares donde alojarse en Barcelona. Una deliciosa selecci\u00f3n de platos calientes, embutidos y ensaladas, perfectamente complementados con la riqueza de leches, yogures y frutas de temporada. Beba jugos mientras explora una variedad de cereales, quesos espa\u00f1oles, pasteles y mermeladas, mientras saborea una variedad de pan reci\u00e9n horneado.<\/p>\n<p>Para completar su ma\u00f1ana en nuestro hotel, elija entre una variedad de caf\u00e9 Nespresso y mezclas de caf\u00e9 local para comenzar el d\u00eda con sabor.<\/p>\n<p>Disponible de lunes a viernes de 7 a 10:30 h, y los s\u00e1bados y domingos de 8 a 11 h en nuestro hotel del distrito de Gr\u00e0cia, lo que garantiza que tendr\u00e1 la energ\u00eda necesaria para explorar la vibrante ciudad o hacer un viaje r\u00e1pido a atracciones cercanas como el Parque G\u00fcell.<\/p>\n","protected":false},"excerpt":{"rendered":"<p>&nbsp; Del\u00e9itese con nuestro desayuno buffet mediterr\u00e1neo en uno de los mejores lugares donde alojarse en Barcelona. Una deliciosa selecci\u00f3n de platos calientes, embutidos y ensaladas, perfectamente complementados con la riqueza de leches, yogures y frutas de temporada. Beba jugos mientras explora una variedad de cereales, quesos espa\u00f1oles, pasteles y mermeladas, mientras saborea una variedad [&hellip;]<\/p>\n","protected":false},"author":504,"featured_media":0,"parent":0,"menu_order":21,"comment_status":"closed","ping_status":"closed","template":"template-single-restaurant.php","meta":{"footnotes":""},"class_list":["post-1125","page","type-page","status-publish","hentry"],"yoast_head":"<!-- This site is optimized with the Yoast SEO plugin v26.9 - https:\/\/yoast.com\/product\/yoast-seo-wordpress\/ -->\n<title>Desayuno - Hotel Ronda Lesseps -<\/title>\n<meta name=\"description\" content=\"Disfruta de nuestro desayuno buffet mediterr\u00e1neo con platos calientes, embutidos, ensaladas, yogures y frutas frescas de temporada.\" \/>\n<meta name=\"robots\" content=\"index, follow, max-snippet:-1, max-image-preview:large, max-video-preview:-1\" \/>\n<link rel=\"canonical\" href=\"https:\/\/www.hotellesseps.com\/es\/desayuno-buffet\/\" \/>\n<meta property=\"og:locale\" content=\"es_ES\" \/>\n<meta property=\"og:type\" content=\"article\" \/>\n<meta property=\"og:title\" content=\"Desayuno - Hotel Ronda Lesseps -\" \/>\n<meta property=\"og:description\" content=\"Disfruta de nuestro desayuno buffet mediterr\u00e1neo con platos calientes, embutidos, ensaladas, yogures y frutas frescas de temporada.\" \/>\n<meta property=\"og:url\" content=\"https:\/\/www.hotellesseps.com\/es\/desayuno-buffet\/\" \/>\n<meta property=\"og:site_name\" content=\"Hotel Ronda Lesseps\" \/>\n<meta property=\"article:modified_time\" content=\"2026-03-31T16:09:19+00:00\" \/>\n<meta name=\"twitter:card\" content=\"summary_large_image\" \/>\n<meta name=\"twitter:label1\" content=\"Tiempo de lectura\" \/>\n\t<meta name=\"twitter:data1\" content=\"1 minuto\" \/>\n<script type=\"application\/ld+json\" class=\"yoast-schema-graph\">{\"@context\":\"https:\/\/schema.org\",\"@graph\":[{\"@type\":\"WebPage\",\"@id\":\"https:\/\/www.hotellesseps.com\/es\/desayuno-buffet\/\",\"url\":\"https:\/\/www.hotellesseps.com\/es\/desayuno-buffet\/\",\"name\":\"Desayuno - Hotel Ronda Lesseps -\",\"isPartOf\":{\"@id\":\"https:\/\/www.hotellesseps.com\/es\/#website\"},\"datePublished\":\"2024-01-27T07:22:30+00:00\",\"dateModified\":\"2026-03-31T16:09:19+00:00\",\"description\":\"Disfruta de nuestro desayuno buffet mediterr\u00e1neo con platos calientes, embutidos, ensaladas, yogures y frutas frescas de temporada.\",\"breadcrumb\":{\"@id\":\"https:\/\/www.hotellesseps.com\/es\/desayuno-buffet\/#breadcrumb\"},\"inLanguage\":\"es\",\"potentialAction\":[{\"@type\":\"ReadAction\",\"target\":[\"https:\/\/www.hotellesseps.com\/es\/desayuno-buffet\/\"]}]},{\"@type\":\"BreadcrumbList\",\"@id\":\"https:\/\/www.hotellesseps.com\/es\/desayuno-buffet\/#breadcrumb\",\"itemListElement\":[{\"@type\":\"ListItem\",\"position\":1,\"name\":\"Home\",\"item\":\"https:\/\/www.hotellesseps.com\/es\/\"},{\"@type\":\"ListItem\",\"position\":2,\"name\":\"Desayuno\"}]},{\"@type\":\"WebSite\",\"@id\":\"https:\/\/www.hotellesseps.com\/es\/#website\",\"url\":\"https:\/\/www.hotellesseps.com\/es\/\",\"name\":\"Hotel Ronda Lesseps\",\"description\":\"Just another ms.decms.eu site\",\"potentialAction\":[{\"@type\":\"SearchAction\",\"target\":{\"@type\":\"EntryPoint\",\"urlTemplate\":\"https:\/\/www.hotellesseps.com\/es\/?s={search_term_string}\"},\"query-input\":{\"@type\":\"PropertyValueSpecification\",\"valueRequired\":true,\"valueName\":\"search_term_string\"}}],\"inLanguage\":\"es\"}]}<\/script>\n<!-- \/ Yoast SEO plugin. -->","yoast_head_json":{"title":"Desayuno - Hotel Ronda Lesseps -","description":"Disfruta de nuestro desayuno buffet mediterr\u00e1neo con platos calientes, embutidos, ensaladas, yogures y frutas frescas de temporada.","robots":{"index":"index","follow":"follow","max-snippet":"max-snippet:-1","max-image-preview":"max-image-preview:large","max-video-preview":"max-video-preview:-1"},"canonical":"https:\/\/www.hotellesseps.com\/es\/desayuno-buffet\/","og_locale":"es_ES","og_type":"article","og_title":"Desayuno - Hotel Ronda Lesseps -","og_description":"Disfruta de nuestro desayuno buffet mediterr\u00e1neo con platos calientes, embutidos, ensaladas, yogures y frutas frescas de temporada.","og_url":"https:\/\/www.hotellesseps.com\/es\/desayuno-buffet\/","og_site_name":"Hotel Ronda Lesseps","article_modified_time":"2026-03-31T16:09:19+00:00","twitter_card":"summary_large_image","twitter_misc":{"Tiempo de lectura":"1 minuto"},"schema":{"@context":"https:\/\/schema.org","@graph":[{"@type":"WebPage","@id":"https:\/\/www.hotellesseps.com\/es\/desayuno-buffet\/","url":"https:\/\/www.hotellesseps.com\/es\/desayuno-buffet\/","name":"Desayuno - Hotel Ronda Lesseps -","isPartOf":{"@id":"https:\/\/www.hotellesseps.com\/es\/#website"},"datePublished":"2024-01-27T07:22:30+00:00","dateModified":"2026-03-31T16:09:19+00:00","description":"Disfruta de nuestro desayuno buffet mediterr\u00e1neo con platos calientes, embutidos, ensaladas, yogures y frutas frescas de temporada.","breadcrumb":{"@id":"https:\/\/www.hotellesseps.com\/es\/desayuno-buffet\/#breadcrumb"},"inLanguage":"es","potentialAction":[{"@type":"ReadAction","target":["https:\/\/www.hotellesseps.com\/es\/desayuno-buffet\/"]}]},{"@type":"BreadcrumbList","@id":"https:\/\/www.hotellesseps.com\/es\/desayuno-buffet\/#breadcrumb","itemListElement":[{"@type":"ListItem","position":1,"name":"Home","item":"https:\/\/www.hotellesseps.com\/es\/"},{"@type":"ListItem","position":2,"name":"Desayuno"}]},{"@type":"WebSite","@id":"https:\/\/www.hotellesseps.com\/es\/#website","url":"https:\/\/www.hotellesseps.com\/es\/","name":"Hotel Ronda Lesseps","description":"Just another ms.decms.eu site","potentialAction":[{"@type":"SearchAction","target":{"@type":"EntryPoint","urlTemplate":"https:\/\/www.hotellesseps.com\/es\/?s={search_term_string}"},"query-input":{"@type":"PropertyValueSpecification","valueRequired":true,"valueName":"search_term_string"}}],"inLanguage":"es"}]}},"acf":[],"_links":{"self":[{"href":"https:\/\/www.hotellesseps.com\/es\/wp-json\/wp\/v2\/pages\/1125","targetHints":{"allow":["GET"]}}],"collection":[{"href":"https:\/\/www.hotellesseps.com\/es\/wp-json\/wp\/v2\/pages"}],"about":[{"href":"https:\/\/www.hotellesseps.com\/es\/wp-json\/wp\/v2\/types\/page"}],"author":[{"embeddable":true,"href":"https:\/\/www.hotellesseps.com\/es\/wp-json\/wp\/v2\/users\/504"}],"replies":[{"embeddable":true,"href":"https:\/\/www.hotellesseps.com\/es\/wp-json\/wp\/v2\/comments?post=1125"}],"version-history":[{"count":0,"href":"https:\/\/www.hotellesseps.com\/es\/wp-json\/wp\/v2\/pages\/1125\/revisions"}],"wp:attachment":[{"href":"https:\/\/www.hotellesseps.com\/es\/wp-json\/wp\/v2\/media?parent=1125"}],"curies":[{"name":"wp","href":"https:\/\/api.w.org\/{rel}","templated":true}]}}