{"id":1509,"date":"2026-03-31T15:28:02","date_gmt":"2026-03-31T15:28:02","guid":{"rendered":"https:\/\/www.hotellesseps.com\/?page_id=1509"},"modified":"2026-03-31T15:46:22","modified_gmt":"2026-03-31T15:46:22","slug":"parking-barcelona","status":"publish","type":"page","link":"https:\/\/www.hotellesseps.com\/es\/parking-barcelona\/","title":{"rendered":"Parking"},"content":{"rendered":"<p>&nbsp;<\/p>\n<p><strong>Parking seguro en el hotel<\/strong><br \/>\nEl Hotel Ronda Lesseps dispone de parking privado con acceso directo.<\/p>\n<p><strong>Parking garantizado para hu\u00e9spedes<\/strong><br \/>\nDisponible sin reserva previa.<\/p>\n<p><strong>Condiciones exclusivas para hu\u00e9spedes<\/strong><br \/>\nTarifa de 28 \u20ac por 24 horas con entradas y salidas ilimitadas.<\/p>\n<p><strong>Tambi\u00e9n disponible para no hu\u00e9spedes<\/strong><br \/>\nTarifa por minutos con un m\u00e1ximo de 32 \u20ac por 24 horas.<\/p>\n<p><strong>Dise\u00f1ado para su comodidad<\/strong><br \/>\nAltura m\u00e1xima 2,10 m y <strong>punto de carga el\u00e9ctrica gratuito<\/strong>.<\/p>\n","protected":false},"excerpt":{"rendered":"<p>&nbsp; Parking seguro en el hotel El Hotel Ronda Lesseps dispone de parking privado con acceso directo. Parking garantizado para hu\u00e9spedes Disponible sin reserva previa. Condiciones exclusivas para hu\u00e9spedes Tarifa de 28 \u20ac por 24 horas con entradas y salidas ilimitadas. Tambi\u00e9n disponible para no hu\u00e9spedes Tarifa por minutos con un m\u00e1ximo de 32 \u20ac [&hellip;]<\/p>\n","protected":false},"author":504,"featured_media":0,"parent":0,"menu_order":0,"comment_status":"closed","ping_status":"closed","template":"template-rooms.php","meta":{"footnotes":""},"class_list":["post-1509","page","type-page","status-publish","hentry"],"yoast_head":"<!-- This site is optimized with the Yoast SEO plugin v26.9 - https:\/\/yoast.com\/product\/yoast-seo-wordpress\/ -->\n<title>Hotel con parking en Barcelona (Gr\u00e0cia) | Hotel Ronda Lesseps<\/title>\n<meta name=\"description\" content=\"Web oficial. Hotel con parking garantizado en Barcelona (Gr\u00e0cia), cerca delPark G\u00fcell, sin reserva previa y con carga el\u00e9ctrica.\" \/>\n<meta name=\"robots\" content=\"index, follow, max-snippet:-1, max-image-preview:large, max-video-preview:-1\" \/>\n<link rel=\"canonical\" href=\"https:\/\/www.hotellesseps.com\/es\/parking-barcelona\/\" \/>\n<meta property=\"og:locale\" content=\"es_ES\" \/>\n<meta property=\"og:type\" content=\"article\" \/>\n<meta property=\"og:title\" content=\"Hotel con parking en Barcelona (Gr\u00e0cia) | Hotel Ronda Lesseps\" \/>\n<meta property=\"og:description\" content=\"Web oficial. Hotel con parking garantizado en Barcelona (Gr\u00e0cia), cerca delPark G\u00fcell, sin reserva previa y con carga el\u00e9ctrica.\" \/>\n<meta property=\"og:url\" content=\"https:\/\/www.hotellesseps.com\/es\/parking-barcelona\/\" \/>\n<meta property=\"og:site_name\" content=\"Hotel Ronda Lesseps\" \/>\n<meta property=\"article:modified_time\" content=\"2026-03-31T15:46:22+00:00\" \/>\n<meta name=\"twitter:card\" content=\"summary_large_image\" \/>\n<meta name=\"twitter:label1\" content=\"Tiempo de lectura\" \/>\n\t<meta name=\"twitter:data1\" content=\"1 minuto\" \/>\n<script type=\"application\/ld+json\" class=\"yoast-schema-graph\">{\"@context\":\"https:\/\/schema.org\",\"@graph\":[{\"@type\":\"WebPage\",\"@id\":\"https:\/\/www.hotellesseps.com\/es\/parking-barcelona\/\",\"url\":\"https:\/\/www.hotellesseps.com\/es\/parking-barcelona\/\",\"name\":\"Hotel con parking en Barcelona (Gr\u00e0cia) | Hotel Ronda Lesseps\",\"isPartOf\":{\"@id\":\"https:\/\/www.hotellesseps.com\/es\/#website\"},\"datePublished\":\"2026-03-31T15:28:02+00:00\",\"dateModified\":\"2026-03-31T15:46:22+00:00\",\"description\":\"Web oficial. Hotel con parking garantizado en Barcelona (Gr\u00e0cia), cerca delPark G\u00fcell, sin reserva previa y con carga el\u00e9ctrica.\",\"breadcrumb\":{\"@id\":\"https:\/\/www.hotellesseps.com\/es\/parking-barcelona\/#breadcrumb\"},\"inLanguage\":\"es\",\"potentialAction\":[{\"@type\":\"ReadAction\",\"target\":[\"https:\/\/www.hotellesseps.com\/es\/parking-barcelona\/\"]}]},{\"@type\":\"BreadcrumbList\",\"@id\":\"https:\/\/www.hotellesseps.com\/es\/parking-barcelona\/#breadcrumb\",\"itemListElement\":[{\"@type\":\"ListItem\",\"position\":1,\"name\":\"Home\",\"item\":\"https:\/\/www.hotellesseps.com\/es\/\"},{\"@type\":\"ListItem\",\"position\":2,\"name\":\"Parking\"}]},{\"@type\":\"WebSite\",\"@id\":\"https:\/\/www.hotellesseps.com\/es\/#website\",\"url\":\"https:\/\/www.hotellesseps.com\/es\/\",\"name\":\"Hotel Ronda Lesseps\",\"description\":\"Just another ms.decms.eu site\",\"potentialAction\":[{\"@type\":\"SearchAction\",\"target\":{\"@type\":\"EntryPoint\",\"urlTemplate\":\"https:\/\/www.hotellesseps.com\/es\/?s={search_term_string}\"},\"query-input\":{\"@type\":\"PropertyValueSpecification\",\"valueRequired\":true,\"valueName\":\"search_term_string\"}}],\"inLanguage\":\"es\"}]}<\/script>\n<!-- \/ Yoast SEO plugin. -->","yoast_head_json":{"title":"Hotel con parking en Barcelona (Gr\u00e0cia) | Hotel Ronda Lesseps","description":"Web oficial. Hotel con parking garantizado en Barcelona (Gr\u00e0cia), cerca delPark G\u00fcell, sin reserva previa y con carga el\u00e9ctrica.","robots":{"index":"index","follow":"follow","max-snippet":"max-snippet:-1","max-image-preview":"max-image-preview:large","max-video-preview":"max-video-preview:-1"},"canonical":"https:\/\/www.hotellesseps.com\/es\/parking-barcelona\/","og_locale":"es_ES","og_type":"article","og_title":"Hotel con parking en Barcelona (Gr\u00e0cia) | Hotel Ronda Lesseps","og_description":"Web oficial. Hotel con parking garantizado en Barcelona (Gr\u00e0cia), cerca delPark G\u00fcell, sin reserva previa y con carga el\u00e9ctrica.","og_url":"https:\/\/www.hotellesseps.com\/es\/parking-barcelona\/","og_site_name":"Hotel Ronda Lesseps","article_modified_time":"2026-03-31T15:46:22+00:00","twitter_card":"summary_large_image","twitter_misc":{"Tiempo de lectura":"1 minuto"},"schema":{"@context":"https:\/\/schema.org","@graph":[{"@type":"WebPage","@id":"https:\/\/www.hotellesseps.com\/es\/parking-barcelona\/","url":"https:\/\/www.hotellesseps.com\/es\/parking-barcelona\/","name":"Hotel con parking en Barcelona (Gr\u00e0cia) | Hotel Ronda Lesseps","isPartOf":{"@id":"https:\/\/www.hotellesseps.com\/es\/#website"},"datePublished":"2026-03-31T15:28:02+00:00","dateModified":"2026-03-31T15:46:22+00:00","description":"Web oficial. Hotel con parking garantizado en Barcelona (Gr\u00e0cia), cerca delPark G\u00fcell, sin reserva previa y con carga el\u00e9ctrica.","breadcrumb":{"@id":"https:\/\/www.hotellesseps.com\/es\/parking-barcelona\/#breadcrumb"},"inLanguage":"es","potentialAction":[{"@type":"ReadAction","target":["https:\/\/www.hotellesseps.com\/es\/parking-barcelona\/"]}]},{"@type":"BreadcrumbList","@id":"https:\/\/www.hotellesseps.com\/es\/parking-barcelona\/#breadcrumb","itemListElement":[{"@type":"ListItem","position":1,"name":"Home","item":"https:\/\/www.hotellesseps.com\/es\/"},{"@type":"ListItem","position":2,"name":"Parking"}]},{"@type":"WebSite","@id":"https:\/\/www.hotellesseps.com\/es\/#website","url":"https:\/\/www.hotellesseps.com\/es\/","name":"Hotel Ronda Lesseps","description":"Just another ms.decms.eu site","potentialAction":[{"@type":"SearchAction","target":{"@type":"EntryPoint","urlTemplate":"https:\/\/www.hotellesseps.com\/es\/?s={search_term_string}"},"query-input":{"@type":"PropertyValueSpecification","valueRequired":true,"valueName":"search_term_string"}}],"inLanguage":"es"}]}},"acf":[],"_links":{"self":[{"href":"https:\/\/www.hotellesseps.com\/es\/wp-json\/wp\/v2\/pages\/1509","targetHints":{"allow":["GET"]}}],"collection":[{"href":"https:\/\/www.hotellesseps.com\/es\/wp-json\/wp\/v2\/pages"}],"about":[{"href":"https:\/\/www.hotellesseps.com\/es\/wp-json\/wp\/v2\/types\/page"}],"author":[{"embeddable":true,"href":"https:\/\/www.hotellesseps.com\/es\/wp-json\/wp\/v2\/users\/504"}],"replies":[{"embeddable":true,"href":"https:\/\/www.hotellesseps.com\/es\/wp-json\/wp\/v2\/comments?post=1509"}],"version-history":[{"count":0,"href":"https:\/\/www.hotellesseps.com\/es\/wp-json\/wp\/v2\/pages\/1509\/revisions"}],"wp:attachment":[{"href":"https:\/\/www.hotellesseps.com\/es\/wp-json\/wp\/v2\/media?parent=1509"}],"curies":[{"name":"wp","href":"https:\/\/api.w.org\/{rel}","templated":true}]}}