{"id":539,"date":"2022-04-27T12:45:18","date_gmt":"2022-04-27T12:45:18","guid":{"rendered":"https:\/\/hotel-ronda-lesseps.ms.decms.eu\/deluxe-family-room\/"},"modified":"2026-04-28T14:00:27","modified_gmt":"2026-04-28T14:00:27","slug":"habitacion-familiar-deluxe","status":"publish","type":"page","link":"https:\/\/www.hotellesseps.com\/es\/habitaciones\/habitacion-familiar-deluxe\/","title":{"rendered":"Habitaci\u00f3n Familiar Deluxe"},"content":{"rendered":"<p>&nbsp;<\/p>\n<p class=\"p1\"><b>M\u00e1s espacio para compartir<\/b><br \/>\nPensada para familias o peque\u00f1os grupos, es nuestra habitaci\u00f3n m\u00e1s amplia, con dos espacios diferenciados que permiten tanto compartir tiempo como disfrutar de mayor privacidad.<\/p>\n<p class=\"p1\"><b>Dos ambientes, m\u00e1s flexibilidad<\/b><br \/>\nLa distribuci\u00f3n facilita disfrutar de la estancia a su propio ritmo, ya sea viajando con ni\u00f1os o con amigos.<\/p>\n<p class=\"p1\"><b>Confort que se adapta a su estancia<\/b><br \/>\nUna cama king size y espacio adicional para dormir garantizan una estancia c\u00f3moda, con amplitud suficiente para familias que necesitan m\u00e1s espacio.<\/p>\n<p class=\"p3\"><b>Una estancia m\u00e1s tranquila, bien conectada<\/b><br \/>\nUbicado en Gr\u00e0cia, cerca del Park G\u00fcell, el hotel ofrece un ambiente m\u00e1s calmado sin renunciar a una buena conexi\u00f3n con el resto de Barcelona.<\/p>\n","protected":false},"excerpt":{"rendered":"<p>&nbsp; M\u00e1s espacio para compartir Pensada para familias o peque\u00f1os grupos, es nuestra habitaci\u00f3n m\u00e1s amplia, con dos espacios diferenciados que permiten tanto compartir tiempo como disfrutar de mayor privacidad. Dos ambientes, m\u00e1s flexibilidad La distribuci\u00f3n facilita disfrutar de la estancia a su propio ritmo, ya sea viajando con ni\u00f1os o con amigos. Confort que [&hellip;]<\/p>\n","protected":false},"author":4,"featured_media":0,"parent":555,"menu_order":70,"comment_status":"closed","ping_status":"closed","template":"template-single-room.php","meta":{"footnotes":""},"class_list":["post-539","page","type-page","status-publish","hentry"],"yoast_head":"<!-- This site is optimized with the Yoast SEO plugin v26.9 - https:\/\/yoast.com\/product\/yoast-seo-wordpress\/ -->\n<title>Habitaci\u00f3n Familiar Deluxe en Barcelona cerca del Park G\u00fcell | Hotel Ronda Lesseps<\/title>\n<meta name=\"description\" content=\"Habitaci\u00f3n Familiar Deluxe en Barcelona, con m\u00e1s espacio y dos ambientes diferenciados. Ideal para familias, en Gr\u00e0cia cerca del Park G\u00fcell, para una estancia c\u00f3moda y tranquila.\" \/>\n<meta name=\"robots\" content=\"index, follow, max-snippet:-1, max-image-preview:large, max-video-preview:-1\" \/>\n<link rel=\"canonical\" href=\"https:\/\/www.hotellesseps.com\/es\/habitaciones\/habitacion-familiar-deluxe\/\" \/>\n<meta property=\"og:locale\" content=\"es_ES\" \/>\n<meta property=\"og:type\" content=\"article\" \/>\n<meta property=\"og:title\" content=\"Habitaci\u00f3n Familiar Deluxe en Barcelona cerca del Park G\u00fcell | Hotel Ronda Lesseps\" \/>\n<meta property=\"og:description\" content=\"Habitaci\u00f3n Familiar Deluxe en Barcelona, con m\u00e1s espacio y dos ambientes diferenciados. Ideal para familias, en Gr\u00e0cia cerca del Park G\u00fcell, para una estancia c\u00f3moda y tranquila.\" \/>\n<meta property=\"og:url\" content=\"https:\/\/www.hotellesseps.com\/es\/habitaciones\/habitacion-familiar-deluxe\/\" \/>\n<meta property=\"og:site_name\" content=\"Hotel Ronda Lesseps\" \/>\n<meta property=\"article:modified_time\" content=\"2026-04-28T14:00:27+00:00\" \/>\n<meta name=\"twitter:card\" content=\"summary_large_image\" \/>\n<meta name=\"twitter:label1\" content=\"Tiempo de lectura\" \/>\n\t<meta name=\"twitter:data1\" content=\"1 minuto\" \/>\n<script type=\"application\/ld+json\" class=\"yoast-schema-graph\">{\"@context\":\"https:\/\/schema.org\",\"@graph\":[{\"@type\":\"WebPage\",\"@id\":\"https:\/\/www.hotellesseps.com\/es\/habitaciones\/habitacion-familiar-deluxe\/\",\"url\":\"https:\/\/www.hotellesseps.com\/es\/habitaciones\/habitacion-familiar-deluxe\/\",\"name\":\"Habitaci\u00f3n Familiar Deluxe en Barcelona cerca del Park G\u00fcell | Hotel Ronda Lesseps\",\"isPartOf\":{\"@id\":\"https:\/\/www.hotellesseps.com\/es\/#website\"},\"datePublished\":\"2022-04-27T12:45:18+00:00\",\"dateModified\":\"2026-04-28T14:00:27+00:00\",\"description\":\"Habitaci\u00f3n Familiar Deluxe en Barcelona, con m\u00e1s espacio y dos ambientes diferenciados. Ideal para familias, en Gr\u00e0cia cerca del Park G\u00fcell, para una estancia c\u00f3moda y tranquila.\",\"breadcrumb\":{\"@id\":\"https:\/\/www.hotellesseps.com\/es\/habitaciones\/habitacion-familiar-deluxe\/#breadcrumb\"},\"inLanguage\":\"es\",\"potentialAction\":[{\"@type\":\"ReadAction\",\"target\":[\"https:\/\/www.hotellesseps.com\/es\/habitaciones\/habitacion-familiar-deluxe\/\"]}]},{\"@type\":\"BreadcrumbList\",\"@id\":\"https:\/\/www.hotellesseps.com\/es\/habitaciones\/habitacion-familiar-deluxe\/#breadcrumb\",\"itemListElement\":[{\"@type\":\"ListItem\",\"position\":1,\"name\":\"Home\",\"item\":\"https:\/\/www.hotellesseps.com\/es\/\"},{\"@type\":\"ListItem\",\"position\":2,\"name\":\"Habitaciones\",\"item\":\"https:\/\/www.hotellesseps.com\/es\/habitaciones\/\"},{\"@type\":\"ListItem\",\"position\":3,\"name\":\"Habitaci\u00f3n Familiar Deluxe\"}]},{\"@type\":\"WebSite\",\"@id\":\"https:\/\/www.hotellesseps.com\/es\/#website\",\"url\":\"https:\/\/www.hotellesseps.com\/es\/\",\"name\":\"Hotel Ronda Lesseps\",\"description\":\"Just another ms.decms.eu site\",\"potentialAction\":[{\"@type\":\"SearchAction\",\"target\":{\"@type\":\"EntryPoint\",\"urlTemplate\":\"https:\/\/www.hotellesseps.com\/es\/?s={search_term_string}\"},\"query-input\":{\"@type\":\"PropertyValueSpecification\",\"valueRequired\":true,\"valueName\":\"search_term_string\"}}],\"inLanguage\":\"es\"}]}<\/script>\n<!-- \/ Yoast SEO plugin. -->","yoast_head_json":{"title":"Habitaci\u00f3n Familiar Deluxe en Barcelona cerca del Park G\u00fcell | Hotel Ronda Lesseps","description":"Habitaci\u00f3n Familiar Deluxe en Barcelona, con m\u00e1s espacio y dos ambientes diferenciados. Ideal para familias, en Gr\u00e0cia cerca del Park G\u00fcell, para una estancia c\u00f3moda y tranquila.","robots":{"index":"index","follow":"follow","max-snippet":"max-snippet:-1","max-image-preview":"max-image-preview:large","max-video-preview":"max-video-preview:-1"},"canonical":"https:\/\/www.hotellesseps.com\/es\/habitaciones\/habitacion-familiar-deluxe\/","og_locale":"es_ES","og_type":"article","og_title":"Habitaci\u00f3n Familiar Deluxe en Barcelona cerca del Park G\u00fcell | Hotel Ronda Lesseps","og_description":"Habitaci\u00f3n Familiar Deluxe en Barcelona, con m\u00e1s espacio y dos ambientes diferenciados. Ideal para familias, en Gr\u00e0cia cerca del Park G\u00fcell, para una estancia c\u00f3moda y tranquila.","og_url":"https:\/\/www.hotellesseps.com\/es\/habitaciones\/habitacion-familiar-deluxe\/","og_site_name":"Hotel Ronda Lesseps","article_modified_time":"2026-04-28T14:00:27+00:00","twitter_card":"summary_large_image","twitter_misc":{"Tiempo de lectura":"1 minuto"},"schema":{"@context":"https:\/\/schema.org","@graph":[{"@type":"WebPage","@id":"https:\/\/www.hotellesseps.com\/es\/habitaciones\/habitacion-familiar-deluxe\/","url":"https:\/\/www.hotellesseps.com\/es\/habitaciones\/habitacion-familiar-deluxe\/","name":"Habitaci\u00f3n Familiar Deluxe en Barcelona cerca del Park G\u00fcell | Hotel Ronda Lesseps","isPartOf":{"@id":"https:\/\/www.hotellesseps.com\/es\/#website"},"datePublished":"2022-04-27T12:45:18+00:00","dateModified":"2026-04-28T14:00:27+00:00","description":"Habitaci\u00f3n Familiar Deluxe en Barcelona, con m\u00e1s espacio y dos ambientes diferenciados. Ideal para familias, en Gr\u00e0cia cerca del Park G\u00fcell, para una estancia c\u00f3moda y tranquila.","breadcrumb":{"@id":"https:\/\/www.hotellesseps.com\/es\/habitaciones\/habitacion-familiar-deluxe\/#breadcrumb"},"inLanguage":"es","potentialAction":[{"@type":"ReadAction","target":["https:\/\/www.hotellesseps.com\/es\/habitaciones\/habitacion-familiar-deluxe\/"]}]},{"@type":"BreadcrumbList","@id":"https:\/\/www.hotellesseps.com\/es\/habitaciones\/habitacion-familiar-deluxe\/#breadcrumb","itemListElement":[{"@type":"ListItem","position":1,"name":"Home","item":"https:\/\/www.hotellesseps.com\/es\/"},{"@type":"ListItem","position":2,"name":"Habitaciones","item":"https:\/\/www.hotellesseps.com\/es\/habitaciones\/"},{"@type":"ListItem","position":3,"name":"Habitaci\u00f3n Familiar Deluxe"}]},{"@type":"WebSite","@id":"https:\/\/www.hotellesseps.com\/es\/#website","url":"https:\/\/www.hotellesseps.com\/es\/","name":"Hotel Ronda Lesseps","description":"Just another ms.decms.eu site","potentialAction":[{"@type":"SearchAction","target":{"@type":"EntryPoint","urlTemplate":"https:\/\/www.hotellesseps.com\/es\/?s={search_term_string}"},"query-input":{"@type":"PropertyValueSpecification","valueRequired":true,"valueName":"search_term_string"}}],"inLanguage":"es"}]}},"acf":[],"_links":{"self":[{"href":"https:\/\/www.hotellesseps.com\/es\/wp-json\/wp\/v2\/pages\/539","targetHints":{"allow":["GET"]}}],"collection":[{"href":"https:\/\/www.hotellesseps.com\/es\/wp-json\/wp\/v2\/pages"}],"about":[{"href":"https:\/\/www.hotellesseps.com\/es\/wp-json\/wp\/v2\/types\/page"}],"author":[{"embeddable":true,"href":"https:\/\/www.hotellesseps.com\/es\/wp-json\/wp\/v2\/users\/4"}],"replies":[{"embeddable":true,"href":"https:\/\/www.hotellesseps.com\/es\/wp-json\/wp\/v2\/comments?post=539"}],"version-history":[{"count":0,"href":"https:\/\/www.hotellesseps.com\/es\/wp-json\/wp\/v2\/pages\/539\/revisions"}],"up":[{"embeddable":true,"href":"https:\/\/www.hotellesseps.com\/es\/wp-json\/wp\/v2\/pages\/555"}],"wp:attachment":[{"href":"https:\/\/www.hotellesseps.com\/es\/wp-json\/wp\/v2\/media?parent=539"}],"curies":[{"name":"wp","href":"https:\/\/api.w.org\/{rel}","templated":true}]}}