{"id":555,"date":"2022-04-26T09:59:44","date_gmt":"2022-04-26T09:59:44","guid":{"rendered":"https:\/\/hotel-ronda-lesseps.ms.decms.eu\/rooms\/"},"modified":"2026-04-26T15:45:58","modified_gmt":"2026-04-26T15:45:58","slug":"habitaciones","status":"publish","type":"page","link":"https:\/\/www.hotellesseps.com\/es\/habitaciones\/","title":{"rendered":"Habitaciones"},"content":{"rendered":"<p class=\"p1\"><b>Confort, a un ritmo m\u00e1s pausado<\/b><br \/>\nLas habitaciones del Hotel Ronda Lesseps est\u00e1n dise\u00f1adas para el confort, la luz natural y una forma m\u00e1s relajada de alojarse en Barcelona.<\/p>\n<p class=\"p1\"><b>Espacios pensados para desconectar<\/b><br \/>\nCada habitaci\u00f3n combina un dise\u00f1o sencillo con detalles cuidados para crear un entorno donde realmente poder desconectar tras un d\u00eda en la ciudad.<\/p>\n<p class=\"p1\"><b>En Gr\u00e0cia, cerca del Park G\u00fcell<\/b><br \/>\nUbicado en uno de los barrios m\u00e1s agradables de Barcelona, el hotel ofrece una estancia bien conectada, alejada del bullicio de las zonas m\u00e1s concurridas.<\/p>\n<p class=\"p3\"><b>Bien conectado, sin la intensidad<\/b><br \/>\nCon diferentes tipolog\u00edas de habitaciones, parking en el propio hotel y f\u00e1cil acceso al transporte p\u00fablico, el Hotel Ronda Lesseps combina comodidad con un ambiente notablemente m\u00e1s tranquilo.<\/p>\n","protected":false},"excerpt":{"rendered":"<p>Confort, a un ritmo m\u00e1s pausado Las habitaciones del Hotel Ronda Lesseps est\u00e1n dise\u00f1adas para el confort, la luz natural y una forma m\u00e1s relajada de alojarse en Barcelona. Espacios pensados para desconectar Cada habitaci\u00f3n combina un dise\u00f1o sencillo con detalles cuidados para crear un entorno donde realmente poder desconectar tras un d\u00eda en la [&hellip;]<\/p>\n","protected":false},"author":4,"featured_media":0,"parent":0,"menu_order":10,"comment_status":"closed","ping_status":"closed","template":"template-rooms.php","meta":{"footnotes":""},"class_list":["post-555","page","type-page","status-publish","hentry"],"yoast_head":"<!-- This site is optimized with the Yoast SEO plugin v26.9 - https:\/\/yoast.com\/product\/yoast-seo-wordpress\/ -->\n<title>Hotel Rooms in Barcelona near Park G\u00fcell | Hotel Ronda Lesseps<\/title>\n<meta name=\"description\" content=\"Al\u00f3jese en c\u00f3modas habitaciones de hotel en Barcelona, situadas en Gr\u00e0cia cerca del Park G\u00fcell. Luz natural, entorno verde y una forma m\u00e1s relajada de vivir la ciudad.\" \/>\n<meta name=\"robots\" content=\"index, follow, max-snippet:-1, max-image-preview:large, max-video-preview:-1\" \/>\n<link rel=\"canonical\" href=\"https:\/\/www.hotellesseps.com\/es\/habitaciones\/\" \/>\n<meta property=\"og:locale\" content=\"es_ES\" \/>\n<meta property=\"og:type\" content=\"article\" \/>\n<meta property=\"og:title\" content=\"Hotel Rooms in Barcelona near Park G\u00fcell | Hotel Ronda Lesseps\" \/>\n<meta property=\"og:description\" content=\"Al\u00f3jese en c\u00f3modas habitaciones de hotel en Barcelona, situadas en Gr\u00e0cia cerca del Park G\u00fcell. Luz natural, entorno verde y una forma m\u00e1s relajada de vivir la ciudad.\" \/>\n<meta property=\"og:url\" content=\"https:\/\/www.hotellesseps.com\/es\/habitaciones\/\" \/>\n<meta property=\"og:site_name\" content=\"Hotel Ronda Lesseps\" \/>\n<meta property=\"article:modified_time\" content=\"2026-04-26T15:45:58+00:00\" \/>\n<meta name=\"twitter:card\" content=\"summary_large_image\" \/>\n<meta name=\"twitter:label1\" content=\"Tiempo de lectura\" \/>\n\t<meta name=\"twitter:data1\" content=\"1 minuto\" \/>\n<script type=\"application\/ld+json\" class=\"yoast-schema-graph\">{\"@context\":\"https:\/\/schema.org\",\"@graph\":[{\"@type\":\"WebPage\",\"@id\":\"https:\/\/www.hotellesseps.com\/es\/habitaciones\/\",\"url\":\"https:\/\/www.hotellesseps.com\/es\/habitaciones\/\",\"name\":\"Hotel Rooms in Barcelona near Park G\u00fcell | Hotel Ronda Lesseps\",\"isPartOf\":{\"@id\":\"https:\/\/www.hotellesseps.com\/es\/#website\"},\"datePublished\":\"2022-04-26T09:59:44+00:00\",\"dateModified\":\"2026-04-26T15:45:58+00:00\",\"description\":\"Al\u00f3jese en c\u00f3modas habitaciones de hotel en Barcelona, situadas en Gr\u00e0cia cerca del Park G\u00fcell. Luz natural, entorno verde y una forma m\u00e1s relajada de vivir la ciudad.\",\"breadcrumb\":{\"@id\":\"https:\/\/www.hotellesseps.com\/es\/habitaciones\/#breadcrumb\"},\"inLanguage\":\"es\",\"potentialAction\":[{\"@type\":\"ReadAction\",\"target\":[\"https:\/\/www.hotellesseps.com\/es\/habitaciones\/\"]}]},{\"@type\":\"BreadcrumbList\",\"@id\":\"https:\/\/www.hotellesseps.com\/es\/habitaciones\/#breadcrumb\",\"itemListElement\":[{\"@type\":\"ListItem\",\"position\":1,\"name\":\"Home\",\"item\":\"https:\/\/www.hotellesseps.com\/es\/\"},{\"@type\":\"ListItem\",\"position\":2,\"name\":\"Habitaciones\"}]},{\"@type\":\"WebSite\",\"@id\":\"https:\/\/www.hotellesseps.com\/es\/#website\",\"url\":\"https:\/\/www.hotellesseps.com\/es\/\",\"name\":\"Hotel Ronda Lesseps\",\"description\":\"Just another ms.decms.eu site\",\"potentialAction\":[{\"@type\":\"SearchAction\",\"target\":{\"@type\":\"EntryPoint\",\"urlTemplate\":\"https:\/\/www.hotellesseps.com\/es\/?s={search_term_string}\"},\"query-input\":{\"@type\":\"PropertyValueSpecification\",\"valueRequired\":true,\"valueName\":\"search_term_string\"}}],\"inLanguage\":\"es\"}]}<\/script>\n<!-- \/ Yoast SEO plugin. -->","yoast_head_json":{"title":"Hotel Rooms in Barcelona near Park G\u00fcell | Hotel Ronda Lesseps","description":"Al\u00f3jese en c\u00f3modas habitaciones de hotel en Barcelona, situadas en Gr\u00e0cia cerca del Park G\u00fcell. Luz natural, entorno verde y una forma m\u00e1s relajada de vivir la ciudad.","robots":{"index":"index","follow":"follow","max-snippet":"max-snippet:-1","max-image-preview":"max-image-preview:large","max-video-preview":"max-video-preview:-1"},"canonical":"https:\/\/www.hotellesseps.com\/es\/habitaciones\/","og_locale":"es_ES","og_type":"article","og_title":"Hotel Rooms in Barcelona near Park G\u00fcell | Hotel Ronda Lesseps","og_description":"Al\u00f3jese en c\u00f3modas habitaciones de hotel en Barcelona, situadas en Gr\u00e0cia cerca del Park G\u00fcell. Luz natural, entorno verde y una forma m\u00e1s relajada de vivir la ciudad.","og_url":"https:\/\/www.hotellesseps.com\/es\/habitaciones\/","og_site_name":"Hotel Ronda Lesseps","article_modified_time":"2026-04-26T15:45:58+00:00","twitter_card":"summary_large_image","twitter_misc":{"Tiempo de lectura":"1 minuto"},"schema":{"@context":"https:\/\/schema.org","@graph":[{"@type":"WebPage","@id":"https:\/\/www.hotellesseps.com\/es\/habitaciones\/","url":"https:\/\/www.hotellesseps.com\/es\/habitaciones\/","name":"Hotel Rooms in Barcelona near Park G\u00fcell | Hotel Ronda Lesseps","isPartOf":{"@id":"https:\/\/www.hotellesseps.com\/es\/#website"},"datePublished":"2022-04-26T09:59:44+00:00","dateModified":"2026-04-26T15:45:58+00:00","description":"Al\u00f3jese en c\u00f3modas habitaciones de hotel en Barcelona, situadas en Gr\u00e0cia cerca del Park G\u00fcell. Luz natural, entorno verde y una forma m\u00e1s relajada de vivir la ciudad.","breadcrumb":{"@id":"https:\/\/www.hotellesseps.com\/es\/habitaciones\/#breadcrumb"},"inLanguage":"es","potentialAction":[{"@type":"ReadAction","target":["https:\/\/www.hotellesseps.com\/es\/habitaciones\/"]}]},{"@type":"BreadcrumbList","@id":"https:\/\/www.hotellesseps.com\/es\/habitaciones\/#breadcrumb","itemListElement":[{"@type":"ListItem","position":1,"name":"Home","item":"https:\/\/www.hotellesseps.com\/es\/"},{"@type":"ListItem","position":2,"name":"Habitaciones"}]},{"@type":"WebSite","@id":"https:\/\/www.hotellesseps.com\/es\/#website","url":"https:\/\/www.hotellesseps.com\/es\/","name":"Hotel Ronda Lesseps","description":"Just another ms.decms.eu site","potentialAction":[{"@type":"SearchAction","target":{"@type":"EntryPoint","urlTemplate":"https:\/\/www.hotellesseps.com\/es\/?s={search_term_string}"},"query-input":{"@type":"PropertyValueSpecification","valueRequired":true,"valueName":"search_term_string"}}],"inLanguage":"es"}]}},"acf":[],"_links":{"self":[{"href":"https:\/\/www.hotellesseps.com\/es\/wp-json\/wp\/v2\/pages\/555","targetHints":{"allow":["GET"]}}],"collection":[{"href":"https:\/\/www.hotellesseps.com\/es\/wp-json\/wp\/v2\/pages"}],"about":[{"href":"https:\/\/www.hotellesseps.com\/es\/wp-json\/wp\/v2\/types\/page"}],"author":[{"embeddable":true,"href":"https:\/\/www.hotellesseps.com\/es\/wp-json\/wp\/v2\/users\/4"}],"replies":[{"embeddable":true,"href":"https:\/\/www.hotellesseps.com\/es\/wp-json\/wp\/v2\/comments?post=555"}],"version-history":[{"count":0,"href":"https:\/\/www.hotellesseps.com\/es\/wp-json\/wp\/v2\/pages\/555\/revisions"}],"wp:attachment":[{"href":"https:\/\/www.hotellesseps.com\/es\/wp-json\/wp\/v2\/media?parent=555"}],"curies":[{"name":"wp","href":"https:\/\/api.w.org\/{rel}","templated":true}]}}