{"id":559,"date":"2022-04-27T14:34:37","date_gmt":"2022-04-27T14:34:37","guid":{"rendered":"https:\/\/hotel-ronda-lesseps.ms.decms.eu\/habitaciones\/small-ground-floor-room-single-use\/"},"modified":"2025-10-01T09:59:29","modified_gmt":"2025-10-01T09:59:29","slug":"habitacion-individual-pequena-en-planta-baja","status":"publish","type":"page","link":"https:\/\/www.hotellesseps.com\/es\/habitaciones\/habitacion-individual-pequena-en-planta-baja\/","title":{"rendered":"Habitaci\u00f3n Individual Peque\u00f1a en Planta Baja"},"content":{"rendered":"<p>&nbsp;<\/p>\n<p>Alojamiento \u00f3ptimo en Barcelona para viajeros solitarios: compacto y rentable.<\/p>\n<p>Dise\u00f1ada espec\u00edficamente para exploradores solitarios, nuestra habitaci\u00f3n peque\u00f1a en la planta baja de uso individual garantiza una estancia c\u00f3moda y econ\u00f3mica en Barcelona. Ubicada en la planta baja, esta habitaci\u00f3n ofrece f\u00e1cil acceso y un ambiente acogedor, perfecto para hu\u00e9spedes que viajan solos.<\/p>\n<p>Disfrute del m\u00e1ximo confort de un colch\u00f3n viscoel\u00e1stico de 2 metros, combinado con la sensaci\u00f3n de lujo de una ducha de hidromasaje. Mant\u00e9ngase conectado con Wi-Fi de alta velocidad de cortes\u00eda y divi\u00e9rtase con un televisor de pantalla plana de 42 pulgadas con acceso a canales premium. La habitaci\u00f3n cuenta con nevera, calentador de agua para t\u00e9 y caf\u00e9, aire acondicionado y caja fuerte para sus pertenencias.<\/p>\n<p>Experimente un equilibrio entre comodidad y conveniencia en el Hotel Ronda Lesseps, dise\u00f1ado para que sus viajes en solitario sean placenteros y asequibles.<\/p>\n","protected":false},"excerpt":{"rendered":"<p>&nbsp; Alojamiento \u00f3ptimo en Barcelona para viajeros solitarios: compacto y rentable. Dise\u00f1ada espec\u00edficamente para exploradores solitarios, nuestra habitaci\u00f3n peque\u00f1a en la planta baja de uso individual garantiza una estancia c\u00f3moda y econ\u00f3mica en Barcelona. Ubicada en la planta baja, esta habitaci\u00f3n ofrece f\u00e1cil acceso y un ambiente acogedor, perfecto para hu\u00e9spedes que viajan solos. Disfrute [&hellip;]<\/p>\n","protected":false},"author":4,"featured_media":0,"parent":555,"menu_order":50,"comment_status":"closed","ping_status":"closed","template":"template-single-room.php","meta":{"footnotes":""},"class_list":["post-559","page","type-page","status-publish","hentry"],"yoast_head":"<!-- This site is optimized with the Yoast SEO plugin v26.9 - https:\/\/yoast.com\/product\/yoast-seo-wordpress\/ -->\n<title>Habitaci\u00f3n Individual en Planta Baja | Hotel Ronda Lesseps<\/title>\n<meta name=\"description\" content=\"\u00bfBuscas una habitaci\u00f3n individual en Barcelona? Peque\u00f1a, c\u00f3moda y perfecta para un viajero que busca confort y buena ubicaci\u00f3n.\" \/>\n<meta name=\"robots\" content=\"index, follow, max-snippet:-1, max-image-preview:large, max-video-preview:-1\" \/>\n<link rel=\"canonical\" href=\"https:\/\/www.hotellesseps.com\/es\/habitaciones\/habitacion-individual-pequena-en-planta-baja\/\" \/>\n<meta property=\"og:locale\" content=\"es_ES\" \/>\n<meta property=\"og:type\" content=\"article\" \/>\n<meta property=\"og:title\" content=\"Habitaci\u00f3n Individual en Planta Baja | Hotel Ronda Lesseps\" \/>\n<meta property=\"og:description\" content=\"\u00bfBuscas una habitaci\u00f3n individual en Barcelona? Peque\u00f1a, c\u00f3moda y perfecta para un viajero que busca confort y buena ubicaci\u00f3n.\" \/>\n<meta property=\"og:url\" content=\"https:\/\/www.hotellesseps.com\/es\/habitaciones\/habitacion-individual-pequena-en-planta-baja\/\" \/>\n<meta property=\"og:site_name\" content=\"Hotel Ronda Lesseps\" \/>\n<meta property=\"article:modified_time\" content=\"2025-10-01T09:59:29+00:00\" \/>\n<meta name=\"twitter:card\" content=\"summary_large_image\" \/>\n<meta name=\"twitter:label1\" content=\"Tiempo de lectura\" \/>\n\t<meta name=\"twitter:data1\" content=\"1 minuto\" \/>\n<script type=\"application\/ld+json\" class=\"yoast-schema-graph\">{\"@context\":\"https:\/\/schema.org\",\"@graph\":[{\"@type\":\"WebPage\",\"@id\":\"https:\/\/www.hotellesseps.com\/es\/habitaciones\/habitacion-individual-pequena-en-planta-baja\/\",\"url\":\"https:\/\/www.hotellesseps.com\/es\/habitaciones\/habitacion-individual-pequena-en-planta-baja\/\",\"name\":\"Habitaci\u00f3n Individual en Planta Baja | Hotel Ronda Lesseps\",\"isPartOf\":{\"@id\":\"https:\/\/www.hotellesseps.com\/es\/#website\"},\"datePublished\":\"2022-04-27T14:34:37+00:00\",\"dateModified\":\"2025-10-01T09:59:29+00:00\",\"description\":\"\u00bfBuscas una habitaci\u00f3n individual en Barcelona? Peque\u00f1a, c\u00f3moda y perfecta para un viajero que busca confort y buena ubicaci\u00f3n.\",\"breadcrumb\":{\"@id\":\"https:\/\/www.hotellesseps.com\/es\/habitaciones\/habitacion-individual-pequena-en-planta-baja\/#breadcrumb\"},\"inLanguage\":\"es\",\"potentialAction\":[{\"@type\":\"ReadAction\",\"target\":[\"https:\/\/www.hotellesseps.com\/es\/habitaciones\/habitacion-individual-pequena-en-planta-baja\/\"]}]},{\"@type\":\"BreadcrumbList\",\"@id\":\"https:\/\/www.hotellesseps.com\/es\/habitaciones\/habitacion-individual-pequena-en-planta-baja\/#breadcrumb\",\"itemListElement\":[{\"@type\":\"ListItem\",\"position\":1,\"name\":\"Home\",\"item\":\"https:\/\/www.hotellesseps.com\/es\/\"},{\"@type\":\"ListItem\",\"position\":2,\"name\":\"Habitaciones\",\"item\":\"https:\/\/www.hotellesseps.com\/es\/habitaciones\/\"},{\"@type\":\"ListItem\",\"position\":3,\"name\":\"Habitaci\u00f3n Individual Peque\u00f1a en Planta Baja\"}]},{\"@type\":\"WebSite\",\"@id\":\"https:\/\/www.hotellesseps.com\/es\/#website\",\"url\":\"https:\/\/www.hotellesseps.com\/es\/\",\"name\":\"Hotel Ronda Lesseps\",\"description\":\"Just another ms.decms.eu site\",\"potentialAction\":[{\"@type\":\"SearchAction\",\"target\":{\"@type\":\"EntryPoint\",\"urlTemplate\":\"https:\/\/www.hotellesseps.com\/es\/?s={search_term_string}\"},\"query-input\":{\"@type\":\"PropertyValueSpecification\",\"valueRequired\":true,\"valueName\":\"search_term_string\"}}],\"inLanguage\":\"es\"}]}<\/script>\n<!-- \/ Yoast SEO plugin. -->","yoast_head_json":{"title":"Habitaci\u00f3n Individual en Planta Baja | Hotel Ronda Lesseps","description":"\u00bfBuscas una habitaci\u00f3n individual en Barcelona? Peque\u00f1a, c\u00f3moda y perfecta para un viajero que busca confort y buena ubicaci\u00f3n.","robots":{"index":"index","follow":"follow","max-snippet":"max-snippet:-1","max-image-preview":"max-image-preview:large","max-video-preview":"max-video-preview:-1"},"canonical":"https:\/\/www.hotellesseps.com\/es\/habitaciones\/habitacion-individual-pequena-en-planta-baja\/","og_locale":"es_ES","og_type":"article","og_title":"Habitaci\u00f3n Individual en Planta Baja | Hotel Ronda Lesseps","og_description":"\u00bfBuscas una habitaci\u00f3n individual en Barcelona? Peque\u00f1a, c\u00f3moda y perfecta para un viajero que busca confort y buena ubicaci\u00f3n.","og_url":"https:\/\/www.hotellesseps.com\/es\/habitaciones\/habitacion-individual-pequena-en-planta-baja\/","og_site_name":"Hotel Ronda Lesseps","article_modified_time":"2025-10-01T09:59:29+00:00","twitter_card":"summary_large_image","twitter_misc":{"Tiempo de lectura":"1 minuto"},"schema":{"@context":"https:\/\/schema.org","@graph":[{"@type":"WebPage","@id":"https:\/\/www.hotellesseps.com\/es\/habitaciones\/habitacion-individual-pequena-en-planta-baja\/","url":"https:\/\/www.hotellesseps.com\/es\/habitaciones\/habitacion-individual-pequena-en-planta-baja\/","name":"Habitaci\u00f3n Individual en Planta Baja | Hotel Ronda Lesseps","isPartOf":{"@id":"https:\/\/www.hotellesseps.com\/es\/#website"},"datePublished":"2022-04-27T14:34:37+00:00","dateModified":"2025-10-01T09:59:29+00:00","description":"\u00bfBuscas una habitaci\u00f3n individual en Barcelona? Peque\u00f1a, c\u00f3moda y perfecta para un viajero que busca confort y buena ubicaci\u00f3n.","breadcrumb":{"@id":"https:\/\/www.hotellesseps.com\/es\/habitaciones\/habitacion-individual-pequena-en-planta-baja\/#breadcrumb"},"inLanguage":"es","potentialAction":[{"@type":"ReadAction","target":["https:\/\/www.hotellesseps.com\/es\/habitaciones\/habitacion-individual-pequena-en-planta-baja\/"]}]},{"@type":"BreadcrumbList","@id":"https:\/\/www.hotellesseps.com\/es\/habitaciones\/habitacion-individual-pequena-en-planta-baja\/#breadcrumb","itemListElement":[{"@type":"ListItem","position":1,"name":"Home","item":"https:\/\/www.hotellesseps.com\/es\/"},{"@type":"ListItem","position":2,"name":"Habitaciones","item":"https:\/\/www.hotellesseps.com\/es\/habitaciones\/"},{"@type":"ListItem","position":3,"name":"Habitaci\u00f3n Individual Peque\u00f1a en Planta Baja"}]},{"@type":"WebSite","@id":"https:\/\/www.hotellesseps.com\/es\/#website","url":"https:\/\/www.hotellesseps.com\/es\/","name":"Hotel Ronda Lesseps","description":"Just another ms.decms.eu site","potentialAction":[{"@type":"SearchAction","target":{"@type":"EntryPoint","urlTemplate":"https:\/\/www.hotellesseps.com\/es\/?s={search_term_string}"},"query-input":{"@type":"PropertyValueSpecification","valueRequired":true,"valueName":"search_term_string"}}],"inLanguage":"es"}]}},"acf":[],"_links":{"self":[{"href":"https:\/\/www.hotellesseps.com\/es\/wp-json\/wp\/v2\/pages\/559","targetHints":{"allow":["GET"]}}],"collection":[{"href":"https:\/\/www.hotellesseps.com\/es\/wp-json\/wp\/v2\/pages"}],"about":[{"href":"https:\/\/www.hotellesseps.com\/es\/wp-json\/wp\/v2\/types\/page"}],"author":[{"embeddable":true,"href":"https:\/\/www.hotellesseps.com\/es\/wp-json\/wp\/v2\/users\/4"}],"replies":[{"embeddable":true,"href":"https:\/\/www.hotellesseps.com\/es\/wp-json\/wp\/v2\/comments?post=559"}],"version-history":[{"count":0,"href":"https:\/\/www.hotellesseps.com\/es\/wp-json\/wp\/v2\/pages\/559\/revisions"}],"up":[{"embeddable":true,"href":"https:\/\/www.hotellesseps.com\/es\/wp-json\/wp\/v2\/pages\/555"}],"wp:attachment":[{"href":"https:\/\/www.hotellesseps.com\/es\/wp-json\/wp\/v2\/media?parent=559"}],"curies":[{"name":"wp","href":"https:\/\/api.w.org\/{rel}","templated":true}]}}