{"id":577,"date":"2022-08-12T15:16:19","date_gmt":"2022-08-12T15:16:19","guid":{"rendered":"https:\/\/hotel-ronda-lesseps.ms.decms.eu\/habitaciones\/small-ground-floor-triple-room\/"},"modified":"2026-04-28T13:52:23","modified_gmt":"2026-04-28T13:52:23","slug":"habitacion-triple-en-planta-baja","status":"publish","type":"page","link":"https:\/\/www.hotellesseps.com\/es\/habitaciones\/habitacion-triple-en-planta-baja\/","title":{"rendered":"Habitaci\u00f3n Triple en Planta Baja"},"content":{"rendered":"<p>&nbsp;<\/p>\n<p class=\"p1\"><b>M\u00e1s espacio para familias y peque\u00f1os grupos<\/b><br \/>\nLa Habitaci\u00f3n Triple en Planta Baja ofrece m\u00e1s espacio que nuestras habitaciones superiores, pensada para familias o peque\u00f1os grupos que viajan juntos.<\/p>\n<p class=\"p1\"><b>Una distribuci\u00f3n flexible para dormir<\/b><br \/>\nLa habitaci\u00f3n cuenta con una cama king size y un sof\u00e1 cama adicional (190 \u00d7 80 cm), adecuado para una persona o para ni\u00f1os.<\/p>\n<p class=\"p1\"><b>Ubicada en planta baja<\/b><br \/>\nEstas habitaciones se encuentran en la planta baja, lo que facilita el acceso y permite una estancia pr\u00e1ctica.<\/p>\n<p class=\"p1\"><b>M\u00e1s espacio, con una distribuci\u00f3n diferente<\/b><br \/>\nGracias a su mayor tama\u00f1o, estas habitaciones permiten una disposici\u00f3n m\u00e1s flexible, incluyendo espacio para una cuna si es necesario.<\/p>\n<p class=\"p3\"><b>Todo lo necesario para una estancia confortable<\/b><br \/>\nEncontrar\u00e1 los mismos elementos esenciales que en el resto del hotel: una cama confortable, aire acondicionado, WiFi, TV y un ba\u00f1o bien equipado.<\/p>\n","protected":false},"excerpt":{"rendered":"<p>&nbsp; M\u00e1s espacio para familias y peque\u00f1os grupos La Habitaci\u00f3n Triple en Planta Baja ofrece m\u00e1s espacio que nuestras habitaciones superiores, pensada para familias o peque\u00f1os grupos que viajan juntos. Una distribuci\u00f3n flexible para dormir La habitaci\u00f3n cuenta con una cama king size y un sof\u00e1 cama adicional (190 \u00d7 80 cm), adecuado para una [&hellip;]<\/p>\n","protected":false},"author":4,"featured_media":0,"parent":555,"menu_order":60,"comment_status":"closed","ping_status":"closed","template":"template-single-room.php","meta":{"footnotes":""},"class_list":["post-577","page","type-page","status-publish","hentry"],"yoast_head":"<!-- This site is optimized with the Yoast SEO plugin v26.9 - https:\/\/yoast.com\/product\/yoast-seo-wordpress\/ -->\n<title>Habitaci\u00f3n Triple en Planta Baja en Barcelona (Gr\u00e0cia), cerca del Park G\u00fcell | Hotel Ronda Lesseps<\/title>\n<meta name=\"description\" content=\"Habitaci\u00f3n triple en planta baja en Barcelona, ideal para familias o peque\u00f1os grupos. M\u00e1s espacio, cama king size y sof\u00e1 cama, en Gr\u00e0cia cerca del Park G\u00fcell.\" \/>\n<meta name=\"robots\" content=\"index, follow, max-snippet:-1, max-image-preview:large, max-video-preview:-1\" \/>\n<link rel=\"canonical\" href=\"https:\/\/www.hotellesseps.com\/es\/habitaciones\/habitacion-triple-en-planta-baja\/\" \/>\n<meta property=\"og:locale\" content=\"es_ES\" \/>\n<meta property=\"og:type\" content=\"article\" \/>\n<meta property=\"og:title\" content=\"Habitaci\u00f3n Triple en Planta Baja en Barcelona (Gr\u00e0cia), cerca del Park G\u00fcell | Hotel Ronda Lesseps\" \/>\n<meta property=\"og:description\" content=\"Habitaci\u00f3n triple en planta baja en Barcelona, ideal para familias o peque\u00f1os grupos. M\u00e1s espacio, cama king size y sof\u00e1 cama, en Gr\u00e0cia cerca del Park G\u00fcell.\" \/>\n<meta property=\"og:url\" content=\"https:\/\/www.hotellesseps.com\/es\/habitaciones\/habitacion-triple-en-planta-baja\/\" \/>\n<meta property=\"og:site_name\" content=\"Hotel Ronda Lesseps\" \/>\n<meta property=\"article:modified_time\" content=\"2026-04-28T13:52:23+00:00\" \/>\n<meta name=\"twitter:card\" content=\"summary_large_image\" \/>\n<meta name=\"twitter:label1\" content=\"Tiempo de lectura\" \/>\n\t<meta name=\"twitter:data1\" content=\"1 minuto\" \/>\n<script type=\"application\/ld+json\" class=\"yoast-schema-graph\">{\"@context\":\"https:\/\/schema.org\",\"@graph\":[{\"@type\":\"WebPage\",\"@id\":\"https:\/\/www.hotellesseps.com\/es\/habitaciones\/habitacion-triple-en-planta-baja\/\",\"url\":\"https:\/\/www.hotellesseps.com\/es\/habitaciones\/habitacion-triple-en-planta-baja\/\",\"name\":\"Habitaci\u00f3n Triple en Planta Baja en Barcelona (Gr\u00e0cia), cerca del Park G\u00fcell | Hotel Ronda Lesseps\",\"isPartOf\":{\"@id\":\"https:\/\/www.hotellesseps.com\/es\/#website\"},\"datePublished\":\"2022-08-12T15:16:19+00:00\",\"dateModified\":\"2026-04-28T13:52:23+00:00\",\"description\":\"Habitaci\u00f3n triple en planta baja en Barcelona, ideal para familias o peque\u00f1os grupos. M\u00e1s espacio, cama king size y sof\u00e1 cama, en Gr\u00e0cia cerca del Park G\u00fcell.\",\"breadcrumb\":{\"@id\":\"https:\/\/www.hotellesseps.com\/es\/habitaciones\/habitacion-triple-en-planta-baja\/#breadcrumb\"},\"inLanguage\":\"es\",\"potentialAction\":[{\"@type\":\"ReadAction\",\"target\":[\"https:\/\/www.hotellesseps.com\/es\/habitaciones\/habitacion-triple-en-planta-baja\/\"]}]},{\"@type\":\"BreadcrumbList\",\"@id\":\"https:\/\/www.hotellesseps.com\/es\/habitaciones\/habitacion-triple-en-planta-baja\/#breadcrumb\",\"itemListElement\":[{\"@type\":\"ListItem\",\"position\":1,\"name\":\"Home\",\"item\":\"https:\/\/www.hotellesseps.com\/es\/\"},{\"@type\":\"ListItem\",\"position\":2,\"name\":\"Habitaciones\",\"item\":\"https:\/\/www.hotellesseps.com\/es\/habitaciones\/\"},{\"@type\":\"ListItem\",\"position\":3,\"name\":\"Habitaci\u00f3n Triple en Planta Baja\"}]},{\"@type\":\"WebSite\",\"@id\":\"https:\/\/www.hotellesseps.com\/es\/#website\",\"url\":\"https:\/\/www.hotellesseps.com\/es\/\",\"name\":\"Hotel Ronda Lesseps\",\"description\":\"Just another ms.decms.eu site\",\"potentialAction\":[{\"@type\":\"SearchAction\",\"target\":{\"@type\":\"EntryPoint\",\"urlTemplate\":\"https:\/\/www.hotellesseps.com\/es\/?s={search_term_string}\"},\"query-input\":{\"@type\":\"PropertyValueSpecification\",\"valueRequired\":true,\"valueName\":\"search_term_string\"}}],\"inLanguage\":\"es\"}]}<\/script>\n<!-- \/ Yoast SEO plugin. -->","yoast_head_json":{"title":"Habitaci\u00f3n Triple en Planta Baja en Barcelona (Gr\u00e0cia), cerca del Park G\u00fcell | Hotel Ronda Lesseps","description":"Habitaci\u00f3n triple en planta baja en Barcelona, ideal para familias o peque\u00f1os grupos. M\u00e1s espacio, cama king size y sof\u00e1 cama, en Gr\u00e0cia cerca del Park G\u00fcell.","robots":{"index":"index","follow":"follow","max-snippet":"max-snippet:-1","max-image-preview":"max-image-preview:large","max-video-preview":"max-video-preview:-1"},"canonical":"https:\/\/www.hotellesseps.com\/es\/habitaciones\/habitacion-triple-en-planta-baja\/","og_locale":"es_ES","og_type":"article","og_title":"Habitaci\u00f3n Triple en Planta Baja en Barcelona (Gr\u00e0cia), cerca del Park G\u00fcell | Hotel Ronda Lesseps","og_description":"Habitaci\u00f3n triple en planta baja en Barcelona, ideal para familias o peque\u00f1os grupos. M\u00e1s espacio, cama king size y sof\u00e1 cama, en Gr\u00e0cia cerca del Park G\u00fcell.","og_url":"https:\/\/www.hotellesseps.com\/es\/habitaciones\/habitacion-triple-en-planta-baja\/","og_site_name":"Hotel Ronda Lesseps","article_modified_time":"2026-04-28T13:52:23+00:00","twitter_card":"summary_large_image","twitter_misc":{"Tiempo de lectura":"1 minuto"},"schema":{"@context":"https:\/\/schema.org","@graph":[{"@type":"WebPage","@id":"https:\/\/www.hotellesseps.com\/es\/habitaciones\/habitacion-triple-en-planta-baja\/","url":"https:\/\/www.hotellesseps.com\/es\/habitaciones\/habitacion-triple-en-planta-baja\/","name":"Habitaci\u00f3n Triple en Planta Baja en Barcelona (Gr\u00e0cia), cerca del Park G\u00fcell | Hotel Ronda Lesseps","isPartOf":{"@id":"https:\/\/www.hotellesseps.com\/es\/#website"},"datePublished":"2022-08-12T15:16:19+00:00","dateModified":"2026-04-28T13:52:23+00:00","description":"Habitaci\u00f3n triple en planta baja en Barcelona, ideal para familias o peque\u00f1os grupos. M\u00e1s espacio, cama king size y sof\u00e1 cama, en Gr\u00e0cia cerca del Park G\u00fcell.","breadcrumb":{"@id":"https:\/\/www.hotellesseps.com\/es\/habitaciones\/habitacion-triple-en-planta-baja\/#breadcrumb"},"inLanguage":"es","potentialAction":[{"@type":"ReadAction","target":["https:\/\/www.hotellesseps.com\/es\/habitaciones\/habitacion-triple-en-planta-baja\/"]}]},{"@type":"BreadcrumbList","@id":"https:\/\/www.hotellesseps.com\/es\/habitaciones\/habitacion-triple-en-planta-baja\/#breadcrumb","itemListElement":[{"@type":"ListItem","position":1,"name":"Home","item":"https:\/\/www.hotellesseps.com\/es\/"},{"@type":"ListItem","position":2,"name":"Habitaciones","item":"https:\/\/www.hotellesseps.com\/es\/habitaciones\/"},{"@type":"ListItem","position":3,"name":"Habitaci\u00f3n Triple en Planta Baja"}]},{"@type":"WebSite","@id":"https:\/\/www.hotellesseps.com\/es\/#website","url":"https:\/\/www.hotellesseps.com\/es\/","name":"Hotel Ronda Lesseps","description":"Just another ms.decms.eu site","potentialAction":[{"@type":"SearchAction","target":{"@type":"EntryPoint","urlTemplate":"https:\/\/www.hotellesseps.com\/es\/?s={search_term_string}"},"query-input":{"@type":"PropertyValueSpecification","valueRequired":true,"valueName":"search_term_string"}}],"inLanguage":"es"}]}},"acf":[],"_links":{"self":[{"href":"https:\/\/www.hotellesseps.com\/es\/wp-json\/wp\/v2\/pages\/577","targetHints":{"allow":["GET"]}}],"collection":[{"href":"https:\/\/www.hotellesseps.com\/es\/wp-json\/wp\/v2\/pages"}],"about":[{"href":"https:\/\/www.hotellesseps.com\/es\/wp-json\/wp\/v2\/types\/page"}],"author":[{"embeddable":true,"href":"https:\/\/www.hotellesseps.com\/es\/wp-json\/wp\/v2\/users\/4"}],"replies":[{"embeddable":true,"href":"https:\/\/www.hotellesseps.com\/es\/wp-json\/wp\/v2\/comments?post=577"}],"version-history":[{"count":0,"href":"https:\/\/www.hotellesseps.com\/es\/wp-json\/wp\/v2\/pages\/577\/revisions"}],"up":[{"embeddable":true,"href":"https:\/\/www.hotellesseps.com\/es\/wp-json\/wp\/v2\/pages\/555"}],"wp:attachment":[{"href":"https:\/\/www.hotellesseps.com\/es\/wp-json\/wp\/v2\/media?parent=577"}],"curies":[{"name":"wp","href":"https:\/\/api.w.org\/{rel}","templated":true}]}}