{"id":585,"date":"2022-05-09T12:27:38","date_gmt":"2022-05-09T12:27:38","guid":{"rendered":"https:\/\/hotel-ronda-lesseps.ms.decms.eu\/la-terrasseta-del-lesseps\/"},"modified":"2026-03-31T16:04:35","modified_gmt":"2026-03-31T16:04:35","slug":"la-terrasseta-del-lesseps","status":"publish","type":"page","link":"https:\/\/www.hotellesseps.com\/es\/la-terrasseta-del-lesseps\/","title":{"rendered":"La Terrasseta \u00b7 Bar y Caf\u00e9"},"content":{"rendered":"<p>&nbsp;<\/p>\n<p>Venga a La Terrasseta del Lesseps, un vibrante oasis urbano ubicado dentro del Hotel Ronda Lesseps, donde la exuberante vegetaci\u00f3n se combina con un encanto relajado. Disfrute del ambiente acogedor de nuestras dos impresionantes terrazas interiores adornadas con un follaje vibrante, que ofrecen un refugio tranquilo y relajante en el coraz\u00f3n de la plaza Lesseps de Barcelona.<\/p>\n<p><strong>Experiencia de cafeter\u00eda y bar en el barrio de Gracia con tapas, vino y caf\u00e9.<\/strong><br \/>\n\u00danase a nosotros para disfrutar de un delicioso men\u00fa que incluye tapas, s\u00e1ndwiches, ensaladas y m\u00e1s; Todo elaborado con excelencia simple. Combine su comida con uno de nuestros 10 vinos por copa o elija entre una selecci\u00f3n de cervezas locales, o comience bien el d\u00eda con una selecci\u00f3n de opciones de desayuno y caf\u00e9 reci\u00e9n hecho.<\/p>\n<p><strong>Rel\u00e1jese y rejuvenezca en un entorno verde<\/strong><br \/>\nRel\u00e1jese en nuestro entorno id\u00edlico dise\u00f1ado para su relajaci\u00f3n y rejuvenecimiento. La Terrasseta del Lesseps ofrece el lugar perfecto para escapar del bullicio de la ciudad y disfrutar de buena comida en un ambiente acogedor y verde a pocos minutos del Parque G\u00fcell.<\/p>\n<p>Visite La Terrasseta del Lesseps para vivir una experiencia relajada en Barcelona, \u200b\u200bdonde podr\u00e1 disfrutar de tapas, copas de vino y una variedad de opciones de caf\u00e9.<\/p>\n","protected":false},"excerpt":{"rendered":"<p>&nbsp; Venga a La Terrasseta del Lesseps, un vibrante oasis urbano ubicado dentro del Hotel Ronda Lesseps, donde la exuberante vegetaci\u00f3n se combina con un encanto relajado. Disfrute del ambiente acogedor de nuestras dos impresionantes terrazas interiores adornadas con un follaje vibrante, que ofrecen un refugio tranquilo y relajante en el coraz\u00f3n de la plaza [&hellip;]<\/p>\n","protected":false},"author":4,"featured_media":0,"parent":0,"menu_order":20,"comment_status":"closed","ping_status":"closed","template":"template-single-restaurant.php","meta":{"footnotes":""},"class_list":["post-585","page","type-page","status-publish","hentry"],"yoast_head":"<!-- This site is optimized with the Yoast SEO plugin v26.9 - https:\/\/yoast.com\/product\/yoast-seo-wordpress\/ -->\n<title>La Terrasseta \u00b7 Bar y Caf\u00e9 - Hotel Ronda Lesseps -<\/title>\n<meta name=\"description\" content=\"Disfruta de La Terrasseta del Lesseps, un oasis urbano en Barcelona con terrazas verdes, tapas, vino y caf\u00e9 en el relajado barrio de Gr\u00e0cia.\" \/>\n<meta name=\"robots\" content=\"index, follow, max-snippet:-1, max-image-preview:large, max-video-preview:-1\" \/>\n<link rel=\"canonical\" href=\"https:\/\/www.hotellesseps.com\/es\/la-terrasseta-del-lesseps\/\" \/>\n<meta property=\"og:locale\" content=\"es_ES\" \/>\n<meta property=\"og:type\" content=\"article\" \/>\n<meta property=\"og:title\" content=\"La Terrasseta \u00b7 Bar y Caf\u00e9 - Hotel Ronda Lesseps -\" \/>\n<meta property=\"og:description\" content=\"Disfruta de La Terrasseta del Lesseps, un oasis urbano en Barcelona con terrazas verdes, tapas, vino y caf\u00e9 en el relajado barrio de Gr\u00e0cia.\" \/>\n<meta property=\"og:url\" content=\"https:\/\/www.hotellesseps.com\/es\/la-terrasseta-del-lesseps\/\" \/>\n<meta property=\"og:site_name\" content=\"Hotel Ronda Lesseps\" \/>\n<meta property=\"article:modified_time\" content=\"2026-03-31T16:04:35+00:00\" \/>\n<meta name=\"twitter:card\" content=\"summary_large_image\" \/>\n<meta name=\"twitter:label1\" content=\"Tiempo de lectura\" \/>\n\t<meta name=\"twitter:data1\" content=\"1 minuto\" \/>\n<script type=\"application\/ld+json\" class=\"yoast-schema-graph\">{\"@context\":\"https:\/\/schema.org\",\"@graph\":[{\"@type\":\"WebPage\",\"@id\":\"https:\/\/www.hotellesseps.com\/es\/la-terrasseta-del-lesseps\/\",\"url\":\"https:\/\/www.hotellesseps.com\/es\/la-terrasseta-del-lesseps\/\",\"name\":\"La Terrasseta \u00b7 Bar y Caf\u00e9 - Hotel Ronda Lesseps -\",\"isPartOf\":{\"@id\":\"https:\/\/www.hotellesseps.com\/es\/#website\"},\"datePublished\":\"2022-05-09T12:27:38+00:00\",\"dateModified\":\"2026-03-31T16:04:35+00:00\",\"description\":\"Disfruta de La Terrasseta del Lesseps, un oasis urbano en Barcelona con terrazas verdes, tapas, vino y caf\u00e9 en el relajado barrio de Gr\u00e0cia.\",\"breadcrumb\":{\"@id\":\"https:\/\/www.hotellesseps.com\/es\/la-terrasseta-del-lesseps\/#breadcrumb\"},\"inLanguage\":\"es\",\"potentialAction\":[{\"@type\":\"ReadAction\",\"target\":[\"https:\/\/www.hotellesseps.com\/es\/la-terrasseta-del-lesseps\/\"]}]},{\"@type\":\"BreadcrumbList\",\"@id\":\"https:\/\/www.hotellesseps.com\/es\/la-terrasseta-del-lesseps\/#breadcrumb\",\"itemListElement\":[{\"@type\":\"ListItem\",\"position\":1,\"name\":\"Home\",\"item\":\"https:\/\/www.hotellesseps.com\/es\/\"},{\"@type\":\"ListItem\",\"position\":2,\"name\":\"La Terrasseta \u00b7 Bar y Caf\u00e9\"}]},{\"@type\":\"WebSite\",\"@id\":\"https:\/\/www.hotellesseps.com\/es\/#website\",\"url\":\"https:\/\/www.hotellesseps.com\/es\/\",\"name\":\"Hotel Ronda Lesseps\",\"description\":\"Just another ms.decms.eu site\",\"potentialAction\":[{\"@type\":\"SearchAction\",\"target\":{\"@type\":\"EntryPoint\",\"urlTemplate\":\"https:\/\/www.hotellesseps.com\/es\/?s={search_term_string}\"},\"query-input\":{\"@type\":\"PropertyValueSpecification\",\"valueRequired\":true,\"valueName\":\"search_term_string\"}}],\"inLanguage\":\"es\"}]}<\/script>\n<!-- \/ Yoast SEO plugin. -->","yoast_head_json":{"title":"La Terrasseta \u00b7 Bar y Caf\u00e9 - Hotel Ronda Lesseps -","description":"Disfruta de La Terrasseta del Lesseps, un oasis urbano en Barcelona con terrazas verdes, tapas, vino y caf\u00e9 en el relajado barrio de Gr\u00e0cia.","robots":{"index":"index","follow":"follow","max-snippet":"max-snippet:-1","max-image-preview":"max-image-preview:large","max-video-preview":"max-video-preview:-1"},"canonical":"https:\/\/www.hotellesseps.com\/es\/la-terrasseta-del-lesseps\/","og_locale":"es_ES","og_type":"article","og_title":"La Terrasseta \u00b7 Bar y Caf\u00e9 - Hotel Ronda Lesseps -","og_description":"Disfruta de La Terrasseta del Lesseps, un oasis urbano en Barcelona con terrazas verdes, tapas, vino y caf\u00e9 en el relajado barrio de Gr\u00e0cia.","og_url":"https:\/\/www.hotellesseps.com\/es\/la-terrasseta-del-lesseps\/","og_site_name":"Hotel Ronda Lesseps","article_modified_time":"2026-03-31T16:04:35+00:00","twitter_card":"summary_large_image","twitter_misc":{"Tiempo de lectura":"1 minuto"},"schema":{"@context":"https:\/\/schema.org","@graph":[{"@type":"WebPage","@id":"https:\/\/www.hotellesseps.com\/es\/la-terrasseta-del-lesseps\/","url":"https:\/\/www.hotellesseps.com\/es\/la-terrasseta-del-lesseps\/","name":"La Terrasseta \u00b7 Bar y Caf\u00e9 - Hotel Ronda Lesseps -","isPartOf":{"@id":"https:\/\/www.hotellesseps.com\/es\/#website"},"datePublished":"2022-05-09T12:27:38+00:00","dateModified":"2026-03-31T16:04:35+00:00","description":"Disfruta de La Terrasseta del Lesseps, un oasis urbano en Barcelona con terrazas verdes, tapas, vino y caf\u00e9 en el relajado barrio de Gr\u00e0cia.","breadcrumb":{"@id":"https:\/\/www.hotellesseps.com\/es\/la-terrasseta-del-lesseps\/#breadcrumb"},"inLanguage":"es","potentialAction":[{"@type":"ReadAction","target":["https:\/\/www.hotellesseps.com\/es\/la-terrasseta-del-lesseps\/"]}]},{"@type":"BreadcrumbList","@id":"https:\/\/www.hotellesseps.com\/es\/la-terrasseta-del-lesseps\/#breadcrumb","itemListElement":[{"@type":"ListItem","position":1,"name":"Home","item":"https:\/\/www.hotellesseps.com\/es\/"},{"@type":"ListItem","position":2,"name":"La Terrasseta \u00b7 Bar y Caf\u00e9"}]},{"@type":"WebSite","@id":"https:\/\/www.hotellesseps.com\/es\/#website","url":"https:\/\/www.hotellesseps.com\/es\/","name":"Hotel Ronda Lesseps","description":"Just another ms.decms.eu site","potentialAction":[{"@type":"SearchAction","target":{"@type":"EntryPoint","urlTemplate":"https:\/\/www.hotellesseps.com\/es\/?s={search_term_string}"},"query-input":{"@type":"PropertyValueSpecification","valueRequired":true,"valueName":"search_term_string"}}],"inLanguage":"es"}]}},"acf":[],"_links":{"self":[{"href":"https:\/\/www.hotellesseps.com\/es\/wp-json\/wp\/v2\/pages\/585","targetHints":{"allow":["GET"]}}],"collection":[{"href":"https:\/\/www.hotellesseps.com\/es\/wp-json\/wp\/v2\/pages"}],"about":[{"href":"https:\/\/www.hotellesseps.com\/es\/wp-json\/wp\/v2\/types\/page"}],"author":[{"embeddable":true,"href":"https:\/\/www.hotellesseps.com\/es\/wp-json\/wp\/v2\/users\/4"}],"replies":[{"embeddable":true,"href":"https:\/\/www.hotellesseps.com\/es\/wp-json\/wp\/v2\/comments?post=585"}],"version-history":[{"count":0,"href":"https:\/\/www.hotellesseps.com\/es\/wp-json\/wp\/v2\/pages\/585\/revisions"}],"wp:attachment":[{"href":"https:\/\/www.hotellesseps.com\/es\/wp-json\/wp\/v2\/media?parent=585"}],"curies":[{"name":"wp","href":"https:\/\/api.w.org\/{rel}","templated":true}]}}