{"id":1131,"date":"2024-01-27T07:22:30","date_gmt":"2024-01-27T07:22:30","guid":{"rendered":"https:\/\/www.hotellesseps.com\/esmorzar-bufet\/"},"modified":"2026-03-31T16:09:02","modified_gmt":"2026-03-31T16:09:02","slug":"petit-dejeuner-buffet","status":"publish","type":"page","link":"https:\/\/www.hotellesseps.com\/fr\/petit-dejeuner-buffet\/","title":{"rendered":"Petit-d\u00e9jeuner"},"content":{"rendered":"<p>&nbsp;<\/p>\n<p>Offrez-vous notre petit-d\u00e9jeuner buffet m\u00e9diterran\u00e9en dans l&rsquo;un des meilleurs endroits o\u00f9 s\u00e9journer \u00e0 Barcelone. Une d\u00e9licieuse s\u00e9lection de plats chauds, de charcuterie et de salades, parfaitement compl\u00e9t\u00e9e par la richesse du lait, des yaourts et des fruits de saison. Sirotez des jus de fruits tout en explorant une vari\u00e9t\u00e9 de c\u00e9r\u00e9ales, de fromages espagnols, de p\u00e2tisseries et de confitures, tout en savourant un assortiment de pains fra\u00eechement sortis du four.<\/p>\n<p>Pour compl\u00e9ter votre matin\u00e9e dans notre h\u00f4tel, choisissez parmi une gamme de caf\u00e9s Nespresso et de m\u00e9langes de caf\u00e9s locaux pour un d\u00e9but de journ\u00e9e savoureux.<\/p>\n<p>Disponible du lundi au vendredi de 7 h \u00e0 10 h 30, et le samedi et le dimanche de 8 h \u00e0 11 h dans notre h\u00f4tel du quartier de Gr\u00e0cia, vous garantissant l&rsquo;\u00e9nergie n\u00e9cessaire pour explorer la ville anim\u00e9e ou faire un tour rapide vers les attractions \u00e0 proximit\u00e9 comme le parc G\u00fcell.<\/p>\n","protected":false},"excerpt":{"rendered":"<p>&nbsp; Offrez-vous notre petit-d\u00e9jeuner buffet m\u00e9diterran\u00e9en dans l&rsquo;un des meilleurs endroits o\u00f9 s\u00e9journer \u00e0 Barcelone. Une d\u00e9licieuse s\u00e9lection de plats chauds, de charcuterie et de salades, parfaitement compl\u00e9t\u00e9e par la richesse du lait, des yaourts et des fruits de saison. Sirotez des jus de fruits tout en explorant une vari\u00e9t\u00e9 de c\u00e9r\u00e9ales, de fromages espagnols, [&hellip;]<\/p>\n","protected":false},"author":504,"featured_media":0,"parent":0,"menu_order":21,"comment_status":"closed","ping_status":"closed","template":"template-single-restaurant.php","meta":{"footnotes":""},"class_list":["post-1131","page","type-page","status-publish","hentry"],"yoast_head":"<!-- This site is optimized with the Yoast SEO plugin v26.9 - https:\/\/yoast.com\/product\/yoast-seo-wordpress\/ -->\n<title>Petit-d\u00e9jeuner - Hotel Ronda Lesseps -<\/title>\n<meta name=\"description\" content=\"Profitez de notre petit-d\u00e9jeuner buffet m\u00e9diterran\u00e9en compos\u00e9 de plats chauds, de charcuterie, de salades, de yaourts et de fruits frais de saison.\" \/>\n<meta name=\"robots\" content=\"index, follow, max-snippet:-1, max-image-preview:large, max-video-preview:-1\" \/>\n<link rel=\"canonical\" href=\"https:\/\/www.hotellesseps.com\/fr\/petit-dejeuner-buffet\/\" \/>\n<meta property=\"og:locale\" content=\"fr_FR\" \/>\n<meta property=\"og:type\" content=\"article\" \/>\n<meta property=\"og:title\" content=\"Petit-d\u00e9jeuner - Hotel Ronda Lesseps -\" \/>\n<meta property=\"og:description\" content=\"Profitez de notre petit-d\u00e9jeuner buffet m\u00e9diterran\u00e9en compos\u00e9 de plats chauds, de charcuterie, de salades, de yaourts et de fruits frais de saison.\" \/>\n<meta property=\"og:url\" content=\"https:\/\/www.hotellesseps.com\/fr\/petit-dejeuner-buffet\/\" \/>\n<meta property=\"og:site_name\" content=\"Hotel Ronda Lesseps\" \/>\n<meta property=\"article:modified_time\" content=\"2026-03-31T16:09:02+00:00\" \/>\n<meta name=\"twitter:card\" content=\"summary_large_image\" \/>\n<meta name=\"twitter:label1\" content=\"Dur\u00e9e de lecture estim\u00e9e\" \/>\n\t<meta name=\"twitter:data1\" content=\"1 minute\" \/>\n<script type=\"application\/ld+json\" class=\"yoast-schema-graph\">{\"@context\":\"https:\/\/schema.org\",\"@graph\":[{\"@type\":\"WebPage\",\"@id\":\"https:\/\/www.hotellesseps.com\/fr\/petit-dejeuner-buffet\/\",\"url\":\"https:\/\/www.hotellesseps.com\/fr\/petit-dejeuner-buffet\/\",\"name\":\"Petit-d\u00e9jeuner - Hotel Ronda Lesseps -\",\"isPartOf\":{\"@id\":\"https:\/\/www.hotellesseps.com\/fr\/#website\"},\"datePublished\":\"2024-01-27T07:22:30+00:00\",\"dateModified\":\"2026-03-31T16:09:02+00:00\",\"description\":\"Profitez de notre petit-d\u00e9jeuner buffet m\u00e9diterran\u00e9en compos\u00e9 de plats chauds, de charcuterie, de salades, de yaourts et de fruits frais de saison.\",\"breadcrumb\":{\"@id\":\"https:\/\/www.hotellesseps.com\/fr\/petit-dejeuner-buffet\/#breadcrumb\"},\"inLanguage\":\"fr-FR\",\"potentialAction\":[{\"@type\":\"ReadAction\",\"target\":[\"https:\/\/www.hotellesseps.com\/fr\/petit-dejeuner-buffet\/\"]}]},{\"@type\":\"BreadcrumbList\",\"@id\":\"https:\/\/www.hotellesseps.com\/fr\/petit-dejeuner-buffet\/#breadcrumb\",\"itemListElement\":[{\"@type\":\"ListItem\",\"position\":1,\"name\":\"Home\",\"item\":\"https:\/\/www.hotellesseps.com\/fr\/\"},{\"@type\":\"ListItem\",\"position\":2,\"name\":\"Petit-d\u00e9jeuner\"}]},{\"@type\":\"WebSite\",\"@id\":\"https:\/\/www.hotellesseps.com\/fr\/#website\",\"url\":\"https:\/\/www.hotellesseps.com\/fr\/\",\"name\":\"Hotel Ronda Lesseps\",\"description\":\"Just another ms.decms.eu site\",\"potentialAction\":[{\"@type\":\"SearchAction\",\"target\":{\"@type\":\"EntryPoint\",\"urlTemplate\":\"https:\/\/www.hotellesseps.com\/fr\/?s={search_term_string}\"},\"query-input\":{\"@type\":\"PropertyValueSpecification\",\"valueRequired\":true,\"valueName\":\"search_term_string\"}}],\"inLanguage\":\"fr-FR\"}]}<\/script>\n<!-- \/ Yoast SEO plugin. -->","yoast_head_json":{"title":"Petit-d\u00e9jeuner - Hotel Ronda Lesseps -","description":"Profitez de notre petit-d\u00e9jeuner buffet m\u00e9diterran\u00e9en compos\u00e9 de plats chauds, de charcuterie, de salades, de yaourts et de fruits frais de saison.","robots":{"index":"index","follow":"follow","max-snippet":"max-snippet:-1","max-image-preview":"max-image-preview:large","max-video-preview":"max-video-preview:-1"},"canonical":"https:\/\/www.hotellesseps.com\/fr\/petit-dejeuner-buffet\/","og_locale":"fr_FR","og_type":"article","og_title":"Petit-d\u00e9jeuner - Hotel Ronda Lesseps -","og_description":"Profitez de notre petit-d\u00e9jeuner buffet m\u00e9diterran\u00e9en compos\u00e9 de plats chauds, de charcuterie, de salades, de yaourts et de fruits frais de saison.","og_url":"https:\/\/www.hotellesseps.com\/fr\/petit-dejeuner-buffet\/","og_site_name":"Hotel Ronda Lesseps","article_modified_time":"2026-03-31T16:09:02+00:00","twitter_card":"summary_large_image","twitter_misc":{"Dur\u00e9e de lecture estim\u00e9e":"1 minute"},"schema":{"@context":"https:\/\/schema.org","@graph":[{"@type":"WebPage","@id":"https:\/\/www.hotellesseps.com\/fr\/petit-dejeuner-buffet\/","url":"https:\/\/www.hotellesseps.com\/fr\/petit-dejeuner-buffet\/","name":"Petit-d\u00e9jeuner - Hotel Ronda Lesseps -","isPartOf":{"@id":"https:\/\/www.hotellesseps.com\/fr\/#website"},"datePublished":"2024-01-27T07:22:30+00:00","dateModified":"2026-03-31T16:09:02+00:00","description":"Profitez de notre petit-d\u00e9jeuner buffet m\u00e9diterran\u00e9en compos\u00e9 de plats chauds, de charcuterie, de salades, de yaourts et de fruits frais de saison.","breadcrumb":{"@id":"https:\/\/www.hotellesseps.com\/fr\/petit-dejeuner-buffet\/#breadcrumb"},"inLanguage":"fr-FR","potentialAction":[{"@type":"ReadAction","target":["https:\/\/www.hotellesseps.com\/fr\/petit-dejeuner-buffet\/"]}]},{"@type":"BreadcrumbList","@id":"https:\/\/www.hotellesseps.com\/fr\/petit-dejeuner-buffet\/#breadcrumb","itemListElement":[{"@type":"ListItem","position":1,"name":"Home","item":"https:\/\/www.hotellesseps.com\/fr\/"},{"@type":"ListItem","position":2,"name":"Petit-d\u00e9jeuner"}]},{"@type":"WebSite","@id":"https:\/\/www.hotellesseps.com\/fr\/#website","url":"https:\/\/www.hotellesseps.com\/fr\/","name":"Hotel Ronda Lesseps","description":"Just another ms.decms.eu site","potentialAction":[{"@type":"SearchAction","target":{"@type":"EntryPoint","urlTemplate":"https:\/\/www.hotellesseps.com\/fr\/?s={search_term_string}"},"query-input":{"@type":"PropertyValueSpecification","valueRequired":true,"valueName":"search_term_string"}}],"inLanguage":"fr-FR"}]}},"acf":[],"_links":{"self":[{"href":"https:\/\/www.hotellesseps.com\/fr\/wp-json\/wp\/v2\/pages\/1131","targetHints":{"allow":["GET"]}}],"collection":[{"href":"https:\/\/www.hotellesseps.com\/fr\/wp-json\/wp\/v2\/pages"}],"about":[{"href":"https:\/\/www.hotellesseps.com\/fr\/wp-json\/wp\/v2\/types\/page"}],"author":[{"embeddable":true,"href":"https:\/\/www.hotellesseps.com\/fr\/wp-json\/wp\/v2\/users\/504"}],"replies":[{"embeddable":true,"href":"https:\/\/www.hotellesseps.com\/fr\/wp-json\/wp\/v2\/comments?post=1131"}],"version-history":[{"count":0,"href":"https:\/\/www.hotellesseps.com\/fr\/wp-json\/wp\/v2\/pages\/1131\/revisions"}],"wp:attachment":[{"href":"https:\/\/www.hotellesseps.com\/fr\/wp-json\/wp\/v2\/media?parent=1131"}],"curies":[{"name":"wp","href":"https:\/\/api.w.org\/{rel}","templated":true}]}}