{"id":1507,"date":"2026-03-31T15:27:20","date_gmt":"2026-03-31T15:27:20","guid":{"rendered":"https:\/\/www.hotellesseps.com\/?page_id=1507"},"modified":"2026-03-31T15:49:33","modified_gmt":"2026-03-31T15:49:33","slug":"parking-barcelona","status":"publish","type":"page","link":"https:\/\/www.hotellesseps.com\/fr\/parking-barcelona\/","title":{"rendered":"Parking"},"content":{"rendered":"<p>&nbsp;<\/p>\n<p><strong>Parking s\u00e9curis\u00e9 \u00e0 l\u2019h\u00f4tel<\/strong><br \/>\nL\u2019Hotel Ronda Lesseps dispose d\u2019un parking priv\u00e9 avec acc\u00e8s direct, pour vous permettre d\u2019arriver et de vous garer facilement sans chercher d\u2019alternative \u00e0 proximit\u00e9.<\/p>\n<p><strong>Parking garanti pour les clients de l\u2019h\u00f4tel<br \/>\n<\/strong>Disponible pour tous les clients sans r\u00e9servation pr\u00e9alable. Une place est toujours assur\u00e9e pendant votre s\u00e9jour, pour une arriv\u00e9e en toute tranquillit\u00e9.<\/p>\n<p><strong>Conditions exclusives pour les clients<br \/>\n<\/strong>Tarif fixe de <strong>28 \u20ac par 24 heures<\/strong>, avec entr\u00e9es et sorties illimit\u00e9es pendant le s\u00e9jour.<\/p>\n<p><strong>\u00c9galement disponible pour les non-clients<br \/>\n<\/strong>Le parking est ouvert aux visiteurs ext\u00e9rieurs, avec un tarif \u00e0 la minute et un maximum de 32 \u20ac par 24 heures.<\/p>\n<p><strong>Pens\u00e9 pour votre confort<br \/>\n<\/strong>Hauteur maximale de 2,10 m et <strong>borne de recharge pour v\u00e9hicules \u00e9lectriques gratuite<\/strong>.<\/p>\n","protected":false},"excerpt":{"rendered":"<p>&nbsp; Parking s\u00e9curis\u00e9 \u00e0 l\u2019h\u00f4tel L\u2019Hotel Ronda Lesseps dispose d\u2019un parking priv\u00e9 avec acc\u00e8s direct, pour vous permettre d\u2019arriver et de vous garer facilement sans chercher d\u2019alternative \u00e0 proximit\u00e9. Parking garanti pour les clients de l\u2019h\u00f4tel Disponible pour tous les clients sans r\u00e9servation pr\u00e9alable. Une place est toujours assur\u00e9e pendant votre s\u00e9jour, pour une arriv\u00e9e [&hellip;]<\/p>\n","protected":false},"author":504,"featured_media":0,"parent":0,"menu_order":0,"comment_status":"closed","ping_status":"closed","template":"template-rooms.php","meta":{"footnotes":""},"class_list":["post-1507","page","type-page","status-publish","hentry"],"yoast_head":"<!-- This site is optimized with the Yoast SEO plugin v26.9 - https:\/\/yoast.com\/product\/yoast-seo-wordpress\/ -->\n<title>H\u00f4tel avec parking \u00e0 Barcelone (Gr\u00e0cia) | Hotel Ronda Lesseps<\/title>\n<meta name=\"description\" content=\"Site officiel. H\u00f4tel avec parking garanti \u00e0 Barcelone, sans r\u00e9servation, avecrecharge \u00e9lectrique.\" \/>\n<meta name=\"robots\" content=\"index, follow, max-snippet:-1, max-image-preview:large, max-video-preview:-1\" \/>\n<link rel=\"canonical\" href=\"https:\/\/www.hotellesseps.com\/fr\/parking-barcelona\/\" \/>\n<meta property=\"og:locale\" content=\"fr_FR\" \/>\n<meta property=\"og:type\" content=\"article\" \/>\n<meta property=\"og:title\" content=\"H\u00f4tel avec parking \u00e0 Barcelone (Gr\u00e0cia) | Hotel Ronda Lesseps\" \/>\n<meta property=\"og:description\" content=\"Site officiel. H\u00f4tel avec parking garanti \u00e0 Barcelone, sans r\u00e9servation, avecrecharge \u00e9lectrique.\" \/>\n<meta property=\"og:url\" content=\"https:\/\/www.hotellesseps.com\/fr\/parking-barcelona\/\" \/>\n<meta property=\"og:site_name\" content=\"Hotel Ronda Lesseps\" \/>\n<meta property=\"article:modified_time\" content=\"2026-03-31T15:49:33+00:00\" \/>\n<meta name=\"twitter:card\" content=\"summary_large_image\" \/>\n<meta name=\"twitter:label1\" content=\"Dur\u00e9e de lecture estim\u00e9e\" \/>\n\t<meta name=\"twitter:data1\" content=\"1 minute\" \/>\n<script type=\"application\/ld+json\" class=\"yoast-schema-graph\">{\"@context\":\"https:\/\/schema.org\",\"@graph\":[{\"@type\":\"WebPage\",\"@id\":\"https:\/\/www.hotellesseps.com\/fr\/parking-barcelona\/\",\"url\":\"https:\/\/www.hotellesseps.com\/fr\/parking-barcelona\/\",\"name\":\"H\u00f4tel avec parking \u00e0 Barcelone (Gr\u00e0cia) | Hotel Ronda Lesseps\",\"isPartOf\":{\"@id\":\"https:\/\/www.hotellesseps.com\/fr\/#website\"},\"datePublished\":\"2026-03-31T15:27:20+00:00\",\"dateModified\":\"2026-03-31T15:49:33+00:00\",\"description\":\"Site officiel. H\u00f4tel avec parking garanti \u00e0 Barcelone, sans r\u00e9servation, avecrecharge \u00e9lectrique.\",\"breadcrumb\":{\"@id\":\"https:\/\/www.hotellesseps.com\/fr\/parking-barcelona\/#breadcrumb\"},\"inLanguage\":\"fr-FR\",\"potentialAction\":[{\"@type\":\"ReadAction\",\"target\":[\"https:\/\/www.hotellesseps.com\/fr\/parking-barcelona\/\"]}]},{\"@type\":\"BreadcrumbList\",\"@id\":\"https:\/\/www.hotellesseps.com\/fr\/parking-barcelona\/#breadcrumb\",\"itemListElement\":[{\"@type\":\"ListItem\",\"position\":1,\"name\":\"Home\",\"item\":\"https:\/\/www.hotellesseps.com\/fr\/\"},{\"@type\":\"ListItem\",\"position\":2,\"name\":\"Parking\"}]},{\"@type\":\"WebSite\",\"@id\":\"https:\/\/www.hotellesseps.com\/fr\/#website\",\"url\":\"https:\/\/www.hotellesseps.com\/fr\/\",\"name\":\"Hotel Ronda Lesseps\",\"description\":\"Just another ms.decms.eu site\",\"potentialAction\":[{\"@type\":\"SearchAction\",\"target\":{\"@type\":\"EntryPoint\",\"urlTemplate\":\"https:\/\/www.hotellesseps.com\/fr\/?s={search_term_string}\"},\"query-input\":{\"@type\":\"PropertyValueSpecification\",\"valueRequired\":true,\"valueName\":\"search_term_string\"}}],\"inLanguage\":\"fr-FR\"}]}<\/script>\n<!-- \/ Yoast SEO plugin. -->","yoast_head_json":{"title":"H\u00f4tel avec parking \u00e0 Barcelone (Gr\u00e0cia) | Hotel Ronda Lesseps","description":"Site officiel. H\u00f4tel avec parking garanti \u00e0 Barcelone, sans r\u00e9servation, avecrecharge \u00e9lectrique.","robots":{"index":"index","follow":"follow","max-snippet":"max-snippet:-1","max-image-preview":"max-image-preview:large","max-video-preview":"max-video-preview:-1"},"canonical":"https:\/\/www.hotellesseps.com\/fr\/parking-barcelona\/","og_locale":"fr_FR","og_type":"article","og_title":"H\u00f4tel avec parking \u00e0 Barcelone (Gr\u00e0cia) | Hotel Ronda Lesseps","og_description":"Site officiel. H\u00f4tel avec parking garanti \u00e0 Barcelone, sans r\u00e9servation, avecrecharge \u00e9lectrique.","og_url":"https:\/\/www.hotellesseps.com\/fr\/parking-barcelona\/","og_site_name":"Hotel Ronda Lesseps","article_modified_time":"2026-03-31T15:49:33+00:00","twitter_card":"summary_large_image","twitter_misc":{"Dur\u00e9e de lecture estim\u00e9e":"1 minute"},"schema":{"@context":"https:\/\/schema.org","@graph":[{"@type":"WebPage","@id":"https:\/\/www.hotellesseps.com\/fr\/parking-barcelona\/","url":"https:\/\/www.hotellesseps.com\/fr\/parking-barcelona\/","name":"H\u00f4tel avec parking \u00e0 Barcelone (Gr\u00e0cia) | Hotel Ronda Lesseps","isPartOf":{"@id":"https:\/\/www.hotellesseps.com\/fr\/#website"},"datePublished":"2026-03-31T15:27:20+00:00","dateModified":"2026-03-31T15:49:33+00:00","description":"Site officiel. H\u00f4tel avec parking garanti \u00e0 Barcelone, sans r\u00e9servation, avecrecharge \u00e9lectrique.","breadcrumb":{"@id":"https:\/\/www.hotellesseps.com\/fr\/parking-barcelona\/#breadcrumb"},"inLanguage":"fr-FR","potentialAction":[{"@type":"ReadAction","target":["https:\/\/www.hotellesseps.com\/fr\/parking-barcelona\/"]}]},{"@type":"BreadcrumbList","@id":"https:\/\/www.hotellesseps.com\/fr\/parking-barcelona\/#breadcrumb","itemListElement":[{"@type":"ListItem","position":1,"name":"Home","item":"https:\/\/www.hotellesseps.com\/fr\/"},{"@type":"ListItem","position":2,"name":"Parking"}]},{"@type":"WebSite","@id":"https:\/\/www.hotellesseps.com\/fr\/#website","url":"https:\/\/www.hotellesseps.com\/fr\/","name":"Hotel Ronda Lesseps","description":"Just another ms.decms.eu site","potentialAction":[{"@type":"SearchAction","target":{"@type":"EntryPoint","urlTemplate":"https:\/\/www.hotellesseps.com\/fr\/?s={search_term_string}"},"query-input":{"@type":"PropertyValueSpecification","valueRequired":true,"valueName":"search_term_string"}}],"inLanguage":"fr-FR"}]}},"acf":[],"_links":{"self":[{"href":"https:\/\/www.hotellesseps.com\/fr\/wp-json\/wp\/v2\/pages\/1507","targetHints":{"allow":["GET"]}}],"collection":[{"href":"https:\/\/www.hotellesseps.com\/fr\/wp-json\/wp\/v2\/pages"}],"about":[{"href":"https:\/\/www.hotellesseps.com\/fr\/wp-json\/wp\/v2\/types\/page"}],"author":[{"embeddable":true,"href":"https:\/\/www.hotellesseps.com\/fr\/wp-json\/wp\/v2\/users\/504"}],"replies":[{"embeddable":true,"href":"https:\/\/www.hotellesseps.com\/fr\/wp-json\/wp\/v2\/comments?post=1507"}],"version-history":[{"count":0,"href":"https:\/\/www.hotellesseps.com\/fr\/wp-json\/wp\/v2\/pages\/1507\/revisions"}],"wp:attachment":[{"href":"https:\/\/www.hotellesseps.com\/fr\/wp-json\/wp\/v2\/media?parent=1507"}],"curies":[{"name":"wp","href":"https:\/\/api.w.org\/{rel}","templated":true}]}}