{"id":20,"date":"2022-04-20T14:37:36","date_gmt":"2022-04-20T14:37:36","guid":{"rendered":"https:\/\/hotel-ronda-lesseps.ms.decms.eu\/?page_id=20"},"modified":"2026-03-30T07:04:13","modified_gmt":"2026-03-30T07:04:13","slug":"hotel-ronda-lesseps","status":"publish","type":"page","link":"https:\/\/www.hotellesseps.com\/fr\/","title":{"rendered":"H\u00f4tel Ronda Lesseps"},"content":{"rendered":"<p>&nbsp;<\/p>\n<p>Bienvenue \u00e0 l&rsquo;H\u00f4tel Ronda Lesseps, un exemple de chaleur et d&rsquo;hospitalit\u00e9 au c\u0153ur de Barcelone. Installez-vous dans un refuge captivant dot\u00e9 de deux terrasses verdoyantes exquises, id\u00e9ales pour ceux qui cherchent \u00e0 se d\u00e9tendre dans un environnement luxuriant et serein.<\/p>\n<p>Id\u00e9alement situ\u00e9 \u00e0 Barcelone, notre h\u00f4tel offre un acc\u00e8s in\u00e9gal\u00e9 aux charmantes attractions de la ville, notamment au quartier historique de Gr\u00e0cia. Gr\u00e2ce \u00e0 d&rsquo;excellentes liaisons de transports en commun et \u00e0 la commodit\u00e9 d&rsquo;un parking sur place, explorer la ville est facile depuis notre porte.<\/p>\n<p>Une promenade de seulement dix minutes vous m\u00e8nera \u00e0 l&#8217;embl\u00e9matique Parc G\u00fcell, chef-d&rsquo;\u0153uvre du l\u00e9gendaire Antoni Gaud\u00ed. Plongez dans les impressionnantes prouesses architecturales et artistiques du parc et profitez de la splendeur de l&rsquo;un des monuments les plus importants de Barcelone.<\/p>\n<p>D\u00e9couvrez la magie de Barcelone en s\u00e9journant \u00e0 l&rsquo;h\u00f4tel Ronda Lesseps, o\u00f9 chaque d\u00e9tail est con\u00e7u pour votre confort et votre commodit\u00e9.<\/p>\n<p>D\u00e9couvrez les meilleurs endroits pour s\u00e9journer \u00e0 Barcelone \u00e0 l&rsquo;H\u00f4tel Ronda Lesseps, offrant un refuge accueillant avec des terrasses verdoyantes, un parking sur place et un acc\u00e8s facile au parc G\u00fcell et au quartier historique de Gr\u00e0cia. R\u00e9servez votre s\u00e9jour d\u00e8s aujourd&rsquo;hui !<\/p>\n","protected":false},"excerpt":{"rendered":"<p>&nbsp; Bienvenue \u00e0 l&rsquo;H\u00f4tel Ronda Lesseps, un exemple de chaleur et d&rsquo;hospitalit\u00e9 au c\u0153ur de Barcelone. Installez-vous dans un refuge captivant dot\u00e9 de deux terrasses verdoyantes exquises, id\u00e9ales pour ceux qui cherchent \u00e0 se d\u00e9tendre dans un environnement luxuriant et serein. Id\u00e9alement situ\u00e9 \u00e0 Barcelone, notre h\u00f4tel offre un acc\u00e8s in\u00e9gal\u00e9 aux charmantes attractions de [&hellip;]<\/p>\n","protected":false},"author":4,"featured_media":940,"parent":0,"menu_order":0,"comment_status":"closed","ping_status":"closed","template":"","meta":{"footnotes":""},"class_list":["post-20","page","type-page","status-publish","has-post-thumbnail","hentry"],"yoast_head":"<!-- This site is optimized with the Yoast SEO plugin v26.9 - https:\/\/yoast.com\/product\/yoast-seo-wordpress\/ -->\n<title>H\u00f4tel Ronda Lesseps \u00e0 Barcelone | Site Web Officiel<\/title>\n<meta name=\"description\" content=\"Bienvenue \u00e0 l&#039;H\u00f4tel Ronda Lesseps, un h\u00f4tel 4 \u00e9toiles \u00e0 Barcelone offrant un acc\u00e8s facile au charme du quartier de Gr\u00e0cia et aux attractions de la ville.\" \/>\n<meta name=\"robots\" content=\"index, follow, max-snippet:-1, max-image-preview:large, max-video-preview:-1\" \/>\n<link rel=\"canonical\" href=\"https:\/\/www.hotellesseps.com\/fr\/\" \/>\n<meta property=\"og:locale\" content=\"fr_FR\" \/>\n<meta property=\"og:type\" content=\"article\" \/>\n<meta property=\"og:title\" content=\"H\u00f4tel Ronda Lesseps \u00e0 Barcelone | Site Web Officiel\" \/>\n<meta property=\"og:description\" content=\"Bienvenue \u00e0 l&#039;H\u00f4tel Ronda Lesseps, un h\u00f4tel 4 \u00e9toiles \u00e0 Barcelone offrant un acc\u00e8s facile au charme du quartier de Gr\u00e0cia et aux attractions de la ville.\" \/>\n<meta property=\"og:url\" content=\"https:\/\/www.hotellesseps.com\/fr\/\" \/>\n<meta property=\"og:site_name\" content=\"Hotel Ronda Lesseps\" \/>\n<meta property=\"article:modified_time\" content=\"2026-03-30T07:04:13+00:00\" \/>\n<meta property=\"og:image\" content=\"https:\/\/www.hotellesseps.com\/wp-content\/uploads\/sites\/436\/2022\/09\/01-Terrasseta-de-Lesseps-02-HDR_thumb.jpg\" \/>\n\t<meta property=\"og:image:width\" content=\"1200\" \/>\n\t<meta property=\"og:image:height\" content=\"800\" \/>\n\t<meta property=\"og:image:type\" content=\"image\/jpeg\" \/>\n<meta name=\"twitter:card\" content=\"summary_large_image\" \/>\n<meta name=\"twitter:label1\" content=\"Dur\u00e9e de lecture estim\u00e9e\" \/>\n\t<meta name=\"twitter:data1\" content=\"2 minutes\" \/>\n<script type=\"application\/ld+json\" class=\"yoast-schema-graph\">{\"@context\":\"https:\/\/schema.org\",\"@graph\":[{\"@type\":\"WebPage\",\"@id\":\"https:\/\/www.hotellesseps.com\/fr\/\",\"url\":\"https:\/\/www.hotellesseps.com\/fr\/\",\"name\":\"H\u00f4tel Ronda Lesseps \u00e0 Barcelone | Site Web Officiel\",\"isPartOf\":{\"@id\":\"https:\/\/www.hotellesseps.com\/fr\/#website\"},\"primaryImageOfPage\":{\"@id\":\"https:\/\/www.hotellesseps.com\/fr\/#primaryimage\"},\"image\":{\"@id\":\"https:\/\/www.hotellesseps.com\/fr\/#primaryimage\"},\"thumbnailUrl\":\"https:\/\/www.hotellesseps.com\/wp-content\/uploads\/sites\/436\/2022\/09\/01-Terrasseta-de-Lesseps-02-HDR_thumb.jpg\",\"datePublished\":\"2022-04-20T14:37:36+00:00\",\"dateModified\":\"2026-03-30T07:04:13+00:00\",\"description\":\"Bienvenue \u00e0 l'H\u00f4tel Ronda Lesseps, un h\u00f4tel 4 \u00e9toiles \u00e0 Barcelone offrant un acc\u00e8s facile au charme du quartier de Gr\u00e0cia et aux attractions de la ville.\",\"breadcrumb\":{\"@id\":\"https:\/\/www.hotellesseps.com\/fr\/#breadcrumb\"},\"inLanguage\":\"fr-FR\",\"potentialAction\":[{\"@type\":\"ReadAction\",\"target\":[\"https:\/\/www.hotellesseps.com\/fr\/\"]}]},{\"@type\":\"ImageObject\",\"inLanguage\":\"fr-FR\",\"@id\":\"https:\/\/www.hotellesseps.com\/fr\/#primaryimage\",\"url\":\"https:\/\/www.hotellesseps.com\/wp-content\/uploads\/sites\/436\/2022\/09\/01-Terrasseta-de-Lesseps-02-HDR_thumb.jpg\",\"contentUrl\":\"https:\/\/www.hotellesseps.com\/wp-content\/uploads\/sites\/436\/2022\/09\/01-Terrasseta-de-Lesseps-02-HDR_thumb.jpg\",\"width\":1200,\"height\":800,\"caption\":\"image of the green terrace\"},{\"@type\":\"BreadcrumbList\",\"@id\":\"https:\/\/www.hotellesseps.com\/fr\/#breadcrumb\",\"itemListElement\":[{\"@type\":\"ListItem\",\"position\":1,\"name\":\"Home\",\"item\":\"https:\/\/www.hotellesseps.com\/fr\/\"},{\"@type\":\"ListItem\",\"position\":2,\"name\":\"H\u00f4tel Ronda Lesseps\"}]},{\"@type\":\"WebSite\",\"@id\":\"https:\/\/www.hotellesseps.com\/fr\/#website\",\"url\":\"https:\/\/www.hotellesseps.com\/fr\/\",\"name\":\"Hotel Ronda Lesseps\",\"description\":\"Just another ms.decms.eu site\",\"potentialAction\":[{\"@type\":\"SearchAction\",\"target\":{\"@type\":\"EntryPoint\",\"urlTemplate\":\"https:\/\/www.hotellesseps.com\/fr\/?s={search_term_string}\"},\"query-input\":{\"@type\":\"PropertyValueSpecification\",\"valueRequired\":true,\"valueName\":\"search_term_string\"}}],\"inLanguage\":\"fr-FR\"}]}<\/script>\n<!-- \/ Yoast SEO plugin. -->","yoast_head_json":{"title":"H\u00f4tel Ronda Lesseps \u00e0 Barcelone | Site Web Officiel","description":"Bienvenue \u00e0 l'H\u00f4tel Ronda Lesseps, un h\u00f4tel 4 \u00e9toiles \u00e0 Barcelone offrant un acc\u00e8s facile au charme du quartier de Gr\u00e0cia et aux attractions de la ville.","robots":{"index":"index","follow":"follow","max-snippet":"max-snippet:-1","max-image-preview":"max-image-preview:large","max-video-preview":"max-video-preview:-1"},"canonical":"https:\/\/www.hotellesseps.com\/fr\/","og_locale":"fr_FR","og_type":"article","og_title":"H\u00f4tel Ronda Lesseps \u00e0 Barcelone | Site Web Officiel","og_description":"Bienvenue \u00e0 l'H\u00f4tel Ronda Lesseps, un h\u00f4tel 4 \u00e9toiles \u00e0 Barcelone offrant un acc\u00e8s facile au charme du quartier de Gr\u00e0cia et aux attractions de la ville.","og_url":"https:\/\/www.hotellesseps.com\/fr\/","og_site_name":"Hotel Ronda Lesseps","article_modified_time":"2026-03-30T07:04:13+00:00","og_image":[{"width":1200,"height":800,"url":"https:\/\/www.hotellesseps.com\/wp-content\/uploads\/sites\/436\/2022\/09\/01-Terrasseta-de-Lesseps-02-HDR_thumb.jpg","type":"image\/jpeg"}],"twitter_card":"summary_large_image","twitter_misc":{"Dur\u00e9e de lecture estim\u00e9e":"2 minutes"},"schema":{"@context":"https:\/\/schema.org","@graph":[{"@type":"WebPage","@id":"https:\/\/www.hotellesseps.com\/fr\/","url":"https:\/\/www.hotellesseps.com\/fr\/","name":"H\u00f4tel Ronda Lesseps \u00e0 Barcelone | Site Web Officiel","isPartOf":{"@id":"https:\/\/www.hotellesseps.com\/fr\/#website"},"primaryImageOfPage":{"@id":"https:\/\/www.hotellesseps.com\/fr\/#primaryimage"},"image":{"@id":"https:\/\/www.hotellesseps.com\/fr\/#primaryimage"},"thumbnailUrl":"https:\/\/www.hotellesseps.com\/wp-content\/uploads\/sites\/436\/2022\/09\/01-Terrasseta-de-Lesseps-02-HDR_thumb.jpg","datePublished":"2022-04-20T14:37:36+00:00","dateModified":"2026-03-30T07:04:13+00:00","description":"Bienvenue \u00e0 l'H\u00f4tel Ronda Lesseps, un h\u00f4tel 4 \u00e9toiles \u00e0 Barcelone offrant un acc\u00e8s facile au charme du quartier de Gr\u00e0cia et aux attractions de la ville.","breadcrumb":{"@id":"https:\/\/www.hotellesseps.com\/fr\/#breadcrumb"},"inLanguage":"fr-FR","potentialAction":[{"@type":"ReadAction","target":["https:\/\/www.hotellesseps.com\/fr\/"]}]},{"@type":"ImageObject","inLanguage":"fr-FR","@id":"https:\/\/www.hotellesseps.com\/fr\/#primaryimage","url":"https:\/\/www.hotellesseps.com\/wp-content\/uploads\/sites\/436\/2022\/09\/01-Terrasseta-de-Lesseps-02-HDR_thumb.jpg","contentUrl":"https:\/\/www.hotellesseps.com\/wp-content\/uploads\/sites\/436\/2022\/09\/01-Terrasseta-de-Lesseps-02-HDR_thumb.jpg","width":1200,"height":800,"caption":"image of the green terrace"},{"@type":"BreadcrumbList","@id":"https:\/\/www.hotellesseps.com\/fr\/#breadcrumb","itemListElement":[{"@type":"ListItem","position":1,"name":"Home","item":"https:\/\/www.hotellesseps.com\/fr\/"},{"@type":"ListItem","position":2,"name":"H\u00f4tel Ronda Lesseps"}]},{"@type":"WebSite","@id":"https:\/\/www.hotellesseps.com\/fr\/#website","url":"https:\/\/www.hotellesseps.com\/fr\/","name":"Hotel Ronda Lesseps","description":"Just another ms.decms.eu site","potentialAction":[{"@type":"SearchAction","target":{"@type":"EntryPoint","urlTemplate":"https:\/\/www.hotellesseps.com\/fr\/?s={search_term_string}"},"query-input":{"@type":"PropertyValueSpecification","valueRequired":true,"valueName":"search_term_string"}}],"inLanguage":"fr-FR"}]}},"acf":[],"_links":{"self":[{"href":"https:\/\/www.hotellesseps.com\/fr\/wp-json\/wp\/v2\/pages\/20","targetHints":{"allow":["GET"]}}],"collection":[{"href":"https:\/\/www.hotellesseps.com\/fr\/wp-json\/wp\/v2\/pages"}],"about":[{"href":"https:\/\/www.hotellesseps.com\/fr\/wp-json\/wp\/v2\/types\/page"}],"author":[{"embeddable":true,"href":"https:\/\/www.hotellesseps.com\/fr\/wp-json\/wp\/v2\/users\/4"}],"replies":[{"embeddable":true,"href":"https:\/\/www.hotellesseps.com\/fr\/wp-json\/wp\/v2\/comments?post=20"}],"version-history":[{"count":0,"href":"https:\/\/www.hotellesseps.com\/fr\/wp-json\/wp\/v2\/pages\/20\/revisions"}],"wp:featuredmedia":[{"embeddable":true,"href":"https:\/\/www.hotellesseps.com\/fr\/wp-json\/wp\/v2\/media\/940"}],"wp:attachment":[{"href":"https:\/\/www.hotellesseps.com\/fr\/wp-json\/wp\/v2\/media?parent=20"}],"curies":[{"name":"wp","href":"https:\/\/api.w.org\/{rel}","templated":true}]}}