{"id":521,"date":"2022-08-11T12:30:34","date_gmt":"2022-08-11T12:30:34","guid":{"rendered":"https:\/\/hotel-ronda-lesseps.ms.decms.eu\/superior-double-room\/"},"modified":"2024-05-05T15:16:20","modified_gmt":"2024-05-05T15:16:20","slug":"chambre-superieure","status":"publish","type":"page","link":"https:\/\/www.hotellesseps.com\/fr\/chambres\/chambre-superieure\/","title":{"rendered":"Chambre Sup\u00e9rieure"},"content":{"rendered":"<p>&nbsp;<\/p>\n<p>D\u00e9couvrez le confort moderne dans notre chambre d&rsquo;h\u00f4tel \u00e0 Barcelone.<\/p>\n<p>D\u00e9couvrez la tranquillit\u00e9 et la d\u00e9tente dans notre chambre sup\u00e9rieure, con\u00e7ue pour offrir un refuge paisible apr\u00e8s avoir explor\u00e9 les rues anim\u00e9es de Barcelone.<\/p>\n<p>Profitez du luxe d&rsquo;un matelas visco\u00e9lastique de 2 m\u00e8tres et d&rsquo;une douche d&rsquo;hydromassage rajeunissante. Restez connect\u00e9 gr\u00e2ce \u00e0 la connexion Wi-Fi haut d\u00e9bit gratuite et d\u00e9tendez-vous avec une t\u00e9l\u00e9vision \u00e0 \u00e9cran plat de 42 pouces proposant des cha\u00eenes premium. \u00c9tanchez votre soif avec de l&rsquo;eau gratuite fournie quotidiennement. Un r\u00e9frig\u00e9rateur est \u00e0 votre disposition pour votre confort, ainsi qu&rsquo;un chauffe-eau pour les amateurs de th\u00e9 et de caf\u00e9. Profitez de l&rsquo;atmosph\u00e8re rafra\u00eechissante de la climatisation, sachant que vos effets personnels sont en s\u00e9curit\u00e9 dans le coffre-fort de la chambre.<\/p>\n<p>\u00c9levez votre s\u00e9jour \u00e0 l\u2019H\u00f4tel Ronda Lesseps avec cette chambre \u00e9l\u00e9gante et confortable, offrant des \u00e9quipements modernes au c\u0153ur de Barcelone.<\/p>\n<p>R\u00e9servez votre h\u00e9bergement \u00e0 Barcelone avec nous et profitez d&rsquo;un d\u00e9licieux m\u00e9lange de modernit\u00e9 et de confort.<\/p>\n","protected":false},"excerpt":{"rendered":"<p>&nbsp; D\u00e9couvrez le confort moderne dans notre chambre d&rsquo;h\u00f4tel \u00e0 Barcelone. D\u00e9couvrez la tranquillit\u00e9 et la d\u00e9tente dans notre chambre sup\u00e9rieure, con\u00e7ue pour offrir un refuge paisible apr\u00e8s avoir explor\u00e9 les rues anim\u00e9es de Barcelone. Profitez du luxe d&rsquo;un matelas visco\u00e9lastique de 2 m\u00e8tres et d&rsquo;une douche d&rsquo;hydromassage rajeunissante. Restez connect\u00e9 gr\u00e2ce \u00e0 la connexion [&hellip;]<\/p>\n","protected":false},"author":4,"featured_media":0,"parent":553,"menu_order":10,"comment_status":"closed","ping_status":"closed","template":"template-single-room.php","meta":{"footnotes":""},"class_list":["post-521","page","type-page","status-publish","hentry"],"yoast_head":"<!-- This site is optimized with the Yoast SEO plugin v26.9 - https:\/\/yoast.com\/product\/yoast-seo-wordpress\/ -->\n<title>Chambre Sup\u00e9rieure - Hotel Ronda Lesseps -<\/title>\n<meta name=\"description\" content=\"&nbsp;  D\u00e9couvrez le confort moderne dans notre chambre d&#039;h\u00f4tel \u00e0 Barcelone.  D\u00e9couvrez la tranquillit\u00e9 et la d\u00e9tente dans notre chambre sup\u00e9rieure, con\u00e7ue pour offrir un refuge paisible apr\u00e8s avoir explor\u00e9 les rues anim\u00e9es de Barcelone.  Profitez du luxe d&#039;un matelas visco\u00e9lastique de 2 m\u00e8tres et d&#039;une douche d&#039;hydromassage rajeunissante. Restez connect\u00e9 gr\u00e2ce \u00e0 la connexion Wi-Fi haut d\u00e9bit gratuite et d\u00e9tendez-vous avec une t\u00e9l\u00e9vision \u00e0 \u00e9cran plat de 42 pouces proposant des cha\u00eenes premium\" \/>\n<meta name=\"robots\" content=\"index, follow, max-snippet:-1, max-image-preview:large, max-video-preview:-1\" \/>\n<link rel=\"canonical\" href=\"https:\/\/www.hotellesseps.com\/fr\/chambres\/chambre-superieure\/\" \/>\n<meta property=\"og:locale\" content=\"fr_FR\" \/>\n<meta property=\"og:type\" content=\"article\" \/>\n<meta property=\"og:title\" content=\"Chambre Sup\u00e9rieure - Hotel Ronda Lesseps -\" \/>\n<meta property=\"og:description\" content=\"&nbsp;  D\u00e9couvrez le confort moderne dans notre chambre d&#039;h\u00f4tel \u00e0 Barcelone.  D\u00e9couvrez la tranquillit\u00e9 et la d\u00e9tente dans notre chambre sup\u00e9rieure, con\u00e7ue pour offrir un refuge paisible apr\u00e8s avoir explor\u00e9 les rues anim\u00e9es de Barcelone.  Profitez du luxe d&#039;un matelas visco\u00e9lastique de 2 m\u00e8tres et d&#039;une douche d&#039;hydromassage rajeunissante. Restez connect\u00e9 gr\u00e2ce \u00e0 la connexion Wi-Fi haut d\u00e9bit gratuite et d\u00e9tendez-vous avec une t\u00e9l\u00e9vision \u00e0 \u00e9cran plat de 42 pouces proposant des cha\u00eenes premium\" \/>\n<meta property=\"og:url\" content=\"https:\/\/www.hotellesseps.com\/fr\/chambres\/chambre-superieure\/\" \/>\n<meta property=\"og:site_name\" content=\"Hotel Ronda Lesseps\" \/>\n<meta property=\"article:modified_time\" content=\"2024-05-05T15:16:20+00:00\" \/>\n<meta name=\"twitter:card\" content=\"summary_large_image\" \/>\n<meta name=\"twitter:label1\" content=\"Dur\u00e9e de lecture estim\u00e9e\" \/>\n\t<meta name=\"twitter:data1\" content=\"1 minute\" \/>\n<script type=\"application\/ld+json\" class=\"yoast-schema-graph\">{\"@context\":\"https:\/\/schema.org\",\"@graph\":[{\"@type\":\"WebPage\",\"@id\":\"https:\/\/www.hotellesseps.com\/fr\/chambres\/chambre-superieure\/\",\"url\":\"https:\/\/www.hotellesseps.com\/fr\/chambres\/chambre-superieure\/\",\"name\":\"Chambre Sup\u00e9rieure - Hotel Ronda Lesseps -\",\"isPartOf\":{\"@id\":\"https:\/\/www.hotellesseps.com\/fr\/#website\"},\"datePublished\":\"2022-08-11T12:30:34+00:00\",\"dateModified\":\"2024-05-05T15:16:20+00:00\",\"description\":\"&nbsp; D\u00e9couvrez le confort moderne dans notre chambre d'h\u00f4tel \u00e0 Barcelone. D\u00e9couvrez la tranquillit\u00e9 et la d\u00e9tente dans notre chambre sup\u00e9rieure, con\u00e7ue pour offrir un refuge paisible apr\u00e8s avoir explor\u00e9 les rues anim\u00e9es de Barcelone. Profitez du luxe d'un matelas visco\u00e9lastique de 2 m\u00e8tres et d'une douche d'hydromassage rajeunissante. Restez connect\u00e9 gr\u00e2ce \u00e0 la connexion Wi-Fi haut d\u00e9bit gratuite et d\u00e9tendez-vous avec une t\u00e9l\u00e9vision \u00e0 \u00e9cran plat de 42 pouces proposant des cha\u00eenes premium\",\"breadcrumb\":{\"@id\":\"https:\/\/www.hotellesseps.com\/fr\/chambres\/chambre-superieure\/#breadcrumb\"},\"inLanguage\":\"fr-FR\",\"potentialAction\":[{\"@type\":\"ReadAction\",\"target\":[\"https:\/\/www.hotellesseps.com\/fr\/chambres\/chambre-superieure\/\"]}]},{\"@type\":\"BreadcrumbList\",\"@id\":\"https:\/\/www.hotellesseps.com\/fr\/chambres\/chambre-superieure\/#breadcrumb\",\"itemListElement\":[{\"@type\":\"ListItem\",\"position\":1,\"name\":\"Home\",\"item\":\"https:\/\/www.hotellesseps.com\/fr\/\"},{\"@type\":\"ListItem\",\"position\":2,\"name\":\"Chambres\",\"item\":\"https:\/\/www.hotellesseps.com\/fr\/chambres\/\"},{\"@type\":\"ListItem\",\"position\":3,\"name\":\"Chambre Sup\u00e9rieure\"}]},{\"@type\":\"WebSite\",\"@id\":\"https:\/\/www.hotellesseps.com\/fr\/#website\",\"url\":\"https:\/\/www.hotellesseps.com\/fr\/\",\"name\":\"Hotel Ronda Lesseps\",\"description\":\"Just another ms.decms.eu site\",\"potentialAction\":[{\"@type\":\"SearchAction\",\"target\":{\"@type\":\"EntryPoint\",\"urlTemplate\":\"https:\/\/www.hotellesseps.com\/fr\/?s={search_term_string}\"},\"query-input\":{\"@type\":\"PropertyValueSpecification\",\"valueRequired\":true,\"valueName\":\"search_term_string\"}}],\"inLanguage\":\"fr-FR\"}]}<\/script>\n<!-- \/ Yoast SEO plugin. -->","yoast_head_json":{"title":"Chambre Sup\u00e9rieure - Hotel Ronda Lesseps -","description":"&nbsp;  D\u00e9couvrez le confort moderne dans notre chambre d'h\u00f4tel \u00e0 Barcelone.  D\u00e9couvrez la tranquillit\u00e9 et la d\u00e9tente dans notre chambre sup\u00e9rieure, con\u00e7ue pour offrir un refuge paisible apr\u00e8s avoir explor\u00e9 les rues anim\u00e9es de Barcelone.  Profitez du luxe d'un matelas visco\u00e9lastique de 2 m\u00e8tres et d'une douche d'hydromassage rajeunissante. Restez connect\u00e9 gr\u00e2ce \u00e0 la connexion Wi-Fi haut d\u00e9bit gratuite et d\u00e9tendez-vous avec une t\u00e9l\u00e9vision \u00e0 \u00e9cran plat de 42 pouces proposant des cha\u00eenes premium","robots":{"index":"index","follow":"follow","max-snippet":"max-snippet:-1","max-image-preview":"max-image-preview:large","max-video-preview":"max-video-preview:-1"},"canonical":"https:\/\/www.hotellesseps.com\/fr\/chambres\/chambre-superieure\/","og_locale":"fr_FR","og_type":"article","og_title":"Chambre Sup\u00e9rieure - Hotel Ronda Lesseps -","og_description":"&nbsp;  D\u00e9couvrez le confort moderne dans notre chambre d'h\u00f4tel \u00e0 Barcelone.  D\u00e9couvrez la tranquillit\u00e9 et la d\u00e9tente dans notre chambre sup\u00e9rieure, con\u00e7ue pour offrir un refuge paisible apr\u00e8s avoir explor\u00e9 les rues anim\u00e9es de Barcelone.  Profitez du luxe d'un matelas visco\u00e9lastique de 2 m\u00e8tres et d'une douche d'hydromassage rajeunissante. Restez connect\u00e9 gr\u00e2ce \u00e0 la connexion Wi-Fi haut d\u00e9bit gratuite et d\u00e9tendez-vous avec une t\u00e9l\u00e9vision \u00e0 \u00e9cran plat de 42 pouces proposant des cha\u00eenes premium","og_url":"https:\/\/www.hotellesseps.com\/fr\/chambres\/chambre-superieure\/","og_site_name":"Hotel Ronda Lesseps","article_modified_time":"2024-05-05T15:16:20+00:00","twitter_card":"summary_large_image","twitter_misc":{"Dur\u00e9e de lecture estim\u00e9e":"1 minute"},"schema":{"@context":"https:\/\/schema.org","@graph":[{"@type":"WebPage","@id":"https:\/\/www.hotellesseps.com\/fr\/chambres\/chambre-superieure\/","url":"https:\/\/www.hotellesseps.com\/fr\/chambres\/chambre-superieure\/","name":"Chambre Sup\u00e9rieure - Hotel Ronda Lesseps -","isPartOf":{"@id":"https:\/\/www.hotellesseps.com\/fr\/#website"},"datePublished":"2022-08-11T12:30:34+00:00","dateModified":"2024-05-05T15:16:20+00:00","description":"&nbsp; D\u00e9couvrez le confort moderne dans notre chambre d'h\u00f4tel \u00e0 Barcelone. D\u00e9couvrez la tranquillit\u00e9 et la d\u00e9tente dans notre chambre sup\u00e9rieure, con\u00e7ue pour offrir un refuge paisible apr\u00e8s avoir explor\u00e9 les rues anim\u00e9es de Barcelone. Profitez du luxe d'un matelas visco\u00e9lastique de 2 m\u00e8tres et d'une douche d'hydromassage rajeunissante. Restez connect\u00e9 gr\u00e2ce \u00e0 la connexion Wi-Fi haut d\u00e9bit gratuite et d\u00e9tendez-vous avec une t\u00e9l\u00e9vision \u00e0 \u00e9cran plat de 42 pouces proposant des cha\u00eenes premium","breadcrumb":{"@id":"https:\/\/www.hotellesseps.com\/fr\/chambres\/chambre-superieure\/#breadcrumb"},"inLanguage":"fr-FR","potentialAction":[{"@type":"ReadAction","target":["https:\/\/www.hotellesseps.com\/fr\/chambres\/chambre-superieure\/"]}]},{"@type":"BreadcrumbList","@id":"https:\/\/www.hotellesseps.com\/fr\/chambres\/chambre-superieure\/#breadcrumb","itemListElement":[{"@type":"ListItem","position":1,"name":"Home","item":"https:\/\/www.hotellesseps.com\/fr\/"},{"@type":"ListItem","position":2,"name":"Chambres","item":"https:\/\/www.hotellesseps.com\/fr\/chambres\/"},{"@type":"ListItem","position":3,"name":"Chambre Sup\u00e9rieure"}]},{"@type":"WebSite","@id":"https:\/\/www.hotellesseps.com\/fr\/#website","url":"https:\/\/www.hotellesseps.com\/fr\/","name":"Hotel Ronda Lesseps","description":"Just another ms.decms.eu site","potentialAction":[{"@type":"SearchAction","target":{"@type":"EntryPoint","urlTemplate":"https:\/\/www.hotellesseps.com\/fr\/?s={search_term_string}"},"query-input":{"@type":"PropertyValueSpecification","valueRequired":true,"valueName":"search_term_string"}}],"inLanguage":"fr-FR"}]}},"acf":[],"_links":{"self":[{"href":"https:\/\/www.hotellesseps.com\/fr\/wp-json\/wp\/v2\/pages\/521","targetHints":{"allow":["GET"]}}],"collection":[{"href":"https:\/\/www.hotellesseps.com\/fr\/wp-json\/wp\/v2\/pages"}],"about":[{"href":"https:\/\/www.hotellesseps.com\/fr\/wp-json\/wp\/v2\/types\/page"}],"author":[{"embeddable":true,"href":"https:\/\/www.hotellesseps.com\/fr\/wp-json\/wp\/v2\/users\/4"}],"replies":[{"embeddable":true,"href":"https:\/\/www.hotellesseps.com\/fr\/wp-json\/wp\/v2\/comments?post=521"}],"version-history":[{"count":0,"href":"https:\/\/www.hotellesseps.com\/fr\/wp-json\/wp\/v2\/pages\/521\/revisions"}],"up":[{"embeddable":true,"href":"https:\/\/www.hotellesseps.com\/fr\/wp-json\/wp\/v2\/pages\/553"}],"wp:attachment":[{"href":"https:\/\/www.hotellesseps.com\/fr\/wp-json\/wp\/v2\/media?parent=521"}],"curies":[{"name":"wp","href":"https:\/\/api.w.org\/{rel}","templated":true}]}}