{"id":529,"date":"2022-08-11T13:17:29","date_gmt":"2022-08-11T13:17:29","guid":{"rendered":"https:\/\/hotel-ronda-lesseps.ms.decms.eu\/superior-twin-room\/"},"modified":"2025-10-01T10:38:22","modified_gmt":"2025-10-01T10:38:22","slug":"chambre-twin-superieure","status":"publish","type":"page","link":"https:\/\/www.hotellesseps.com\/fr\/chambres\/chambre-twin-superieure\/","title":{"rendered":"Chambre Twin Sup\u00e9rieure"},"content":{"rendered":"<p>&nbsp;<\/p>\n<p>D\u00e9couvrez le confort moderne dans la chambre \u00e0 deux lits de notre h\u00f4tel de Barcelone.<\/p>\n<p>Plongez-vous dans une retraite moderne con\u00e7ue pour votre confort et votre d\u00e9tente, offrant s\u00e9r\u00e9nit\u00e9 apr\u00e8s avoir explor\u00e9 les rues anim\u00e9es de Barcelone.<\/p>\n<p>Profitez du luxe de deux matelas en mousse \u00e0 m\u00e9moire de forme de 2 m\u00e8tres et d&rsquo;une douche d&rsquo;hydromassage rajeunissante. Restez connect\u00e9 en toute transparence gr\u00e2ce \u00e0 la connexion Wi-Fi haut d\u00e9bit gratuite et d\u00e9tendez-vous avec une t\u00e9l\u00e9vision \u00e0 \u00e9cran plat de 42 pouces avec cha\u00eenes premium. \u00c9tanchez votre soif avec de l&rsquo;eau quotidienne gratuite et satisfaites vos envies de th\u00e9 et de caf\u00e9 avec un chauffe-eau et un r\u00e9frig\u00e9rateur. Profitez de l&rsquo;environnement frais et climatis\u00e9 et ayez l&rsquo;esprit tranquille en sachant que vos affaires sont en s\u00e9curit\u00e9 dans le coffre-fort de la chambre.<\/p>\n<p>Am\u00e9liorez votre exploration de Barcelone \u00e0 l&rsquo;H\u00f4tel Ronda Lesseps avec cette chambre double exclusive, qui offre une combinaison harmonieuse de modernit\u00e9 et de confort.<\/p>\n<p>R\u00e9servez votre h\u00e9bergement \u00e0 Barcelone avec nous et d\u00e9couvrez le meilleur du confort moderne.<\/p>\n","protected":false},"excerpt":{"rendered":"<p>&nbsp; D\u00e9couvrez le confort moderne dans la chambre \u00e0 deux lits de notre h\u00f4tel de Barcelone. Plongez-vous dans une retraite moderne con\u00e7ue pour votre confort et votre d\u00e9tente, offrant s\u00e9r\u00e9nit\u00e9 apr\u00e8s avoir explor\u00e9 les rues anim\u00e9es de Barcelone. Profitez du luxe de deux matelas en mousse \u00e0 m\u00e9moire de forme de 2 m\u00e8tres et d&rsquo;une [&hellip;]<\/p>\n","protected":false},"author":4,"featured_media":0,"parent":553,"menu_order":20,"comment_status":"closed","ping_status":"closed","template":"template-single-room.php","meta":{"footnotes":""},"class_list":["post-529","page","type-page","status-publish","hentry"],"yoast_head":"<!-- This site is optimized with the Yoast SEO plugin v26.9 - https:\/\/yoast.com\/product\/yoast-seo-wordpress\/ -->\n<title>Chambre Twin Sup\u00e9rieure - Hotel Ronda Lesseps -<\/title>\n<meta name=\"description\" content=\"D\u00e9couvrez le confort de notre chambre Sup\u00e9rieure avec deux lits \u00e0 Barcelone, id\u00e9ale pour partager un s\u00e9jour confortable et relaxant.\" \/>\n<meta name=\"robots\" content=\"index, follow, max-snippet:-1, max-image-preview:large, max-video-preview:-1\" \/>\n<link rel=\"canonical\" href=\"https:\/\/www.hotellesseps.com\/fr\/chambres\/chambre-twin-superieure\/\" \/>\n<meta property=\"og:locale\" content=\"fr_FR\" \/>\n<meta property=\"og:type\" content=\"article\" \/>\n<meta property=\"og:title\" content=\"Chambre Twin Sup\u00e9rieure - Hotel Ronda Lesseps -\" \/>\n<meta property=\"og:description\" content=\"D\u00e9couvrez le confort de notre chambre Sup\u00e9rieure avec deux lits \u00e0 Barcelone, id\u00e9ale pour partager un s\u00e9jour confortable et relaxant.\" \/>\n<meta property=\"og:url\" content=\"https:\/\/www.hotellesseps.com\/fr\/chambres\/chambre-twin-superieure\/\" \/>\n<meta property=\"og:site_name\" content=\"Hotel Ronda Lesseps\" \/>\n<meta property=\"article:modified_time\" content=\"2025-10-01T10:38:22+00:00\" \/>\n<meta name=\"twitter:card\" content=\"summary_large_image\" \/>\n<meta name=\"twitter:label1\" content=\"Dur\u00e9e de lecture estim\u00e9e\" \/>\n\t<meta name=\"twitter:data1\" content=\"1 minute\" \/>\n<script type=\"application\/ld+json\" class=\"yoast-schema-graph\">{\"@context\":\"https:\/\/schema.org\",\"@graph\":[{\"@type\":\"WebPage\",\"@id\":\"https:\/\/www.hotellesseps.com\/fr\/chambres\/chambre-twin-superieure\/\",\"url\":\"https:\/\/www.hotellesseps.com\/fr\/chambres\/chambre-twin-superieure\/\",\"name\":\"Chambre Twin Sup\u00e9rieure - Hotel Ronda Lesseps -\",\"isPartOf\":{\"@id\":\"https:\/\/www.hotellesseps.com\/fr\/#website\"},\"datePublished\":\"2022-08-11T13:17:29+00:00\",\"dateModified\":\"2025-10-01T10:38:22+00:00\",\"description\":\"D\u00e9couvrez le confort de notre chambre Sup\u00e9rieure avec deux lits \u00e0 Barcelone, id\u00e9ale pour partager un s\u00e9jour confortable et relaxant.\",\"breadcrumb\":{\"@id\":\"https:\/\/www.hotellesseps.com\/fr\/chambres\/chambre-twin-superieure\/#breadcrumb\"},\"inLanguage\":\"fr-FR\",\"potentialAction\":[{\"@type\":\"ReadAction\",\"target\":[\"https:\/\/www.hotellesseps.com\/fr\/chambres\/chambre-twin-superieure\/\"]}]},{\"@type\":\"BreadcrumbList\",\"@id\":\"https:\/\/www.hotellesseps.com\/fr\/chambres\/chambre-twin-superieure\/#breadcrumb\",\"itemListElement\":[{\"@type\":\"ListItem\",\"position\":1,\"name\":\"Home\",\"item\":\"https:\/\/www.hotellesseps.com\/fr\/\"},{\"@type\":\"ListItem\",\"position\":2,\"name\":\"Chambres\",\"item\":\"https:\/\/www.hotellesseps.com\/fr\/chambres\/\"},{\"@type\":\"ListItem\",\"position\":3,\"name\":\"Chambre Twin Sup\u00e9rieure\"}]},{\"@type\":\"WebSite\",\"@id\":\"https:\/\/www.hotellesseps.com\/fr\/#website\",\"url\":\"https:\/\/www.hotellesseps.com\/fr\/\",\"name\":\"Hotel Ronda Lesseps\",\"description\":\"Just another ms.decms.eu site\",\"potentialAction\":[{\"@type\":\"SearchAction\",\"target\":{\"@type\":\"EntryPoint\",\"urlTemplate\":\"https:\/\/www.hotellesseps.com\/fr\/?s={search_term_string}\"},\"query-input\":{\"@type\":\"PropertyValueSpecification\",\"valueRequired\":true,\"valueName\":\"search_term_string\"}}],\"inLanguage\":\"fr-FR\"}]}<\/script>\n<!-- \/ Yoast SEO plugin. -->","yoast_head_json":{"title":"Chambre Twin Sup\u00e9rieure - Hotel Ronda Lesseps -","description":"D\u00e9couvrez le confort de notre chambre Sup\u00e9rieure avec deux lits \u00e0 Barcelone, id\u00e9ale pour partager un s\u00e9jour confortable et relaxant.","robots":{"index":"index","follow":"follow","max-snippet":"max-snippet:-1","max-image-preview":"max-image-preview:large","max-video-preview":"max-video-preview:-1"},"canonical":"https:\/\/www.hotellesseps.com\/fr\/chambres\/chambre-twin-superieure\/","og_locale":"fr_FR","og_type":"article","og_title":"Chambre Twin Sup\u00e9rieure - Hotel Ronda Lesseps -","og_description":"D\u00e9couvrez le confort de notre chambre Sup\u00e9rieure avec deux lits \u00e0 Barcelone, id\u00e9ale pour partager un s\u00e9jour confortable et relaxant.","og_url":"https:\/\/www.hotellesseps.com\/fr\/chambres\/chambre-twin-superieure\/","og_site_name":"Hotel Ronda Lesseps","article_modified_time":"2025-10-01T10:38:22+00:00","twitter_card":"summary_large_image","twitter_misc":{"Dur\u00e9e de lecture estim\u00e9e":"1 minute"},"schema":{"@context":"https:\/\/schema.org","@graph":[{"@type":"WebPage","@id":"https:\/\/www.hotellesseps.com\/fr\/chambres\/chambre-twin-superieure\/","url":"https:\/\/www.hotellesseps.com\/fr\/chambres\/chambre-twin-superieure\/","name":"Chambre Twin Sup\u00e9rieure - Hotel Ronda Lesseps -","isPartOf":{"@id":"https:\/\/www.hotellesseps.com\/fr\/#website"},"datePublished":"2022-08-11T13:17:29+00:00","dateModified":"2025-10-01T10:38:22+00:00","description":"D\u00e9couvrez le confort de notre chambre Sup\u00e9rieure avec deux lits \u00e0 Barcelone, id\u00e9ale pour partager un s\u00e9jour confortable et relaxant.","breadcrumb":{"@id":"https:\/\/www.hotellesseps.com\/fr\/chambres\/chambre-twin-superieure\/#breadcrumb"},"inLanguage":"fr-FR","potentialAction":[{"@type":"ReadAction","target":["https:\/\/www.hotellesseps.com\/fr\/chambres\/chambre-twin-superieure\/"]}]},{"@type":"BreadcrumbList","@id":"https:\/\/www.hotellesseps.com\/fr\/chambres\/chambre-twin-superieure\/#breadcrumb","itemListElement":[{"@type":"ListItem","position":1,"name":"Home","item":"https:\/\/www.hotellesseps.com\/fr\/"},{"@type":"ListItem","position":2,"name":"Chambres","item":"https:\/\/www.hotellesseps.com\/fr\/chambres\/"},{"@type":"ListItem","position":3,"name":"Chambre Twin Sup\u00e9rieure"}]},{"@type":"WebSite","@id":"https:\/\/www.hotellesseps.com\/fr\/#website","url":"https:\/\/www.hotellesseps.com\/fr\/","name":"Hotel Ronda Lesseps","description":"Just another ms.decms.eu site","potentialAction":[{"@type":"SearchAction","target":{"@type":"EntryPoint","urlTemplate":"https:\/\/www.hotellesseps.com\/fr\/?s={search_term_string}"},"query-input":{"@type":"PropertyValueSpecification","valueRequired":true,"valueName":"search_term_string"}}],"inLanguage":"fr-FR"}]}},"acf":[],"_links":{"self":[{"href":"https:\/\/www.hotellesseps.com\/fr\/wp-json\/wp\/v2\/pages\/529","targetHints":{"allow":["GET"]}}],"collection":[{"href":"https:\/\/www.hotellesseps.com\/fr\/wp-json\/wp\/v2\/pages"}],"about":[{"href":"https:\/\/www.hotellesseps.com\/fr\/wp-json\/wp\/v2\/types\/page"}],"author":[{"embeddable":true,"href":"https:\/\/www.hotellesseps.com\/fr\/wp-json\/wp\/v2\/users\/4"}],"replies":[{"embeddable":true,"href":"https:\/\/www.hotellesseps.com\/fr\/wp-json\/wp\/v2\/comments?post=529"}],"version-history":[{"count":0,"href":"https:\/\/www.hotellesseps.com\/fr\/wp-json\/wp\/v2\/pages\/529\/revisions"}],"up":[{"embeddable":true,"href":"https:\/\/www.hotellesseps.com\/fr\/wp-json\/wp\/v2\/pages\/553"}],"wp:attachment":[{"href":"https:\/\/www.hotellesseps.com\/fr\/wp-json\/wp\/v2\/media?parent=529"}],"curies":[{"name":"wp","href":"https:\/\/api.w.org\/{rel}","templated":true}]}}