{"id":537,"date":"2022-04-27T12:45:18","date_gmt":"2022-04-27T12:45:18","guid":{"rendered":"https:\/\/hotel-ronda-lesseps.ms.decms.eu\/deluxe-family-room\/"},"modified":"2025-10-01T10:42:54","modified_gmt":"2025-10-01T10:42:54","slug":"chambre-familiale-deluxe","status":"publish","type":"page","link":"https:\/\/www.hotellesseps.com\/fr\/chambres\/chambre-familiale-deluxe\/","title":{"rendered":"Chambre Familiale Deluxe"},"content":{"rendered":"<p>&nbsp;<\/p>\n<p>H\u00e9bergement familial de luxe \u00e0 Barcelone \u2013 Intimit\u00e9 et confort pour les familles ou les amis.<\/p>\n<p>D\u00e9couvrez le confort ultime dans notre chambre la plus spacieuse, con\u00e7ue avec deux espaces distincts pour offrir plus d&rsquo;intimit\u00e9 et de d\u00e9tente aux familles ou amis voyageant ensemble. Id\u00e9alement situ\u00e9e \u00e0 proximit\u00e9 du Parc G\u00fcell et du quartier de Gr\u00e0cia, notre Chambre Familiale Deluxe offre une base exceptionnelle pour d\u00e9couvrir Barcelone.<\/p>\n<p>Profitez du confort in\u00e9gal\u00e9 de deux matelas visco\u00e9lastiques de 2 m\u00e8tres, et offrez-vous le luxe d&rsquo;une douche hydromassante. Restez connect\u00e9 gr\u00e2ce \u00e0 la connexion Wi-Fi haut d\u00e9bit gratuite et divertissez-vous gr\u00e2ce \u00e0 deux t\u00e9l\u00e9visions \u00e0 \u00e9cran plat de 42 pouces avec cha\u00eenes premium. La chambre comprend un r\u00e9frig\u00e9rateur et une bouilloire d&rsquo;eau chaude pour vos besoins en th\u00e9 et caf\u00e9, ainsi que la climatisation pour votre confort. Un coffre-fort s\u00e9curis\u00e9 est \u00e9galement fourni pour prot\u00e9ger vos objets de valeur.<\/p>\n<p>R\u00e9servez votre s\u00e9jour dans notre Chambre Familiale Deluxe de l&rsquo;H\u00f4tel Ronda Lesseps et d\u00e9couvrez un m\u00e9lange parfait d&rsquo;espace, de modernit\u00e9 et de confort, pour que votre visite \u00e0 Barcelone soit inoubliable.<\/p>\n","protected":false},"excerpt":{"rendered":"<p>&nbsp; H\u00e9bergement familial de luxe \u00e0 Barcelone \u2013 Intimit\u00e9 et confort pour les familles ou les amis. D\u00e9couvrez le confort ultime dans notre chambre la plus spacieuse, con\u00e7ue avec deux espaces distincts pour offrir plus d&rsquo;intimit\u00e9 et de d\u00e9tente aux familles ou amis voyageant ensemble. Id\u00e9alement situ\u00e9e \u00e0 proximit\u00e9 du Parc G\u00fcell et du quartier [&hellip;]<\/p>\n","protected":false},"author":4,"featured_media":0,"parent":553,"menu_order":70,"comment_status":"closed","ping_status":"closed","template":"template-single-room.php","meta":{"footnotes":""},"class_list":["post-537","page","type-page","status-publish","hentry"],"yoast_head":"<!-- This site is optimized with the Yoast SEO plugin v26.9 - https:\/\/yoast.com\/product\/yoast-seo-wordpress\/ -->\n<title>Chambre Familiale Deluxe - Hotel Ronda Lesseps -<\/title>\n<meta name=\"description\" content=\"Chambre familiale \u00e0 Barcelone pouvant accueillir jusqu&#039;\u00e0 4 personnes, pr\u00e8s du Park G\u00fcell et du quartier de Gr\u00e0cia. Id\u00e9ale pour familles ou groupes d&#039;amis.\" \/>\n<meta name=\"robots\" content=\"index, follow, max-snippet:-1, max-image-preview:large, max-video-preview:-1\" \/>\n<link rel=\"canonical\" href=\"https:\/\/www.hotellesseps.com\/fr\/chambres\/chambre-familiale-deluxe\/\" \/>\n<meta property=\"og:locale\" content=\"fr_FR\" \/>\n<meta property=\"og:type\" content=\"article\" \/>\n<meta property=\"og:title\" content=\"Chambre Familiale Deluxe - Hotel Ronda Lesseps -\" \/>\n<meta property=\"og:description\" content=\"Chambre familiale \u00e0 Barcelone pouvant accueillir jusqu&#039;\u00e0 4 personnes, pr\u00e8s du Park G\u00fcell et du quartier de Gr\u00e0cia. Id\u00e9ale pour familles ou groupes d&#039;amis.\" \/>\n<meta property=\"og:url\" content=\"https:\/\/www.hotellesseps.com\/fr\/chambres\/chambre-familiale-deluxe\/\" \/>\n<meta property=\"og:site_name\" content=\"Hotel Ronda Lesseps\" \/>\n<meta property=\"article:modified_time\" content=\"2025-10-01T10:42:54+00:00\" \/>\n<meta name=\"twitter:card\" content=\"summary_large_image\" \/>\n<meta name=\"twitter:label1\" content=\"Dur\u00e9e de lecture estim\u00e9e\" \/>\n\t<meta name=\"twitter:data1\" content=\"1 minute\" \/>\n<script type=\"application\/ld+json\" class=\"yoast-schema-graph\">{\"@context\":\"https:\/\/schema.org\",\"@graph\":[{\"@type\":\"WebPage\",\"@id\":\"https:\/\/www.hotellesseps.com\/fr\/chambres\/chambre-familiale-deluxe\/\",\"url\":\"https:\/\/www.hotellesseps.com\/fr\/chambres\/chambre-familiale-deluxe\/\",\"name\":\"Chambre Familiale Deluxe - Hotel Ronda Lesseps -\",\"isPartOf\":{\"@id\":\"https:\/\/www.hotellesseps.com\/fr\/#website\"},\"datePublished\":\"2022-04-27T12:45:18+00:00\",\"dateModified\":\"2025-10-01T10:42:54+00:00\",\"description\":\"Chambre familiale \u00e0 Barcelone pouvant accueillir jusqu'\u00e0 4 personnes, pr\u00e8s du Park G\u00fcell et du quartier de Gr\u00e0cia. Id\u00e9ale pour familles ou groupes d'amis.\",\"breadcrumb\":{\"@id\":\"https:\/\/www.hotellesseps.com\/fr\/chambres\/chambre-familiale-deluxe\/#breadcrumb\"},\"inLanguage\":\"fr-FR\",\"potentialAction\":[{\"@type\":\"ReadAction\",\"target\":[\"https:\/\/www.hotellesseps.com\/fr\/chambres\/chambre-familiale-deluxe\/\"]}]},{\"@type\":\"BreadcrumbList\",\"@id\":\"https:\/\/www.hotellesseps.com\/fr\/chambres\/chambre-familiale-deluxe\/#breadcrumb\",\"itemListElement\":[{\"@type\":\"ListItem\",\"position\":1,\"name\":\"Home\",\"item\":\"https:\/\/www.hotellesseps.com\/fr\/\"},{\"@type\":\"ListItem\",\"position\":2,\"name\":\"Chambres\",\"item\":\"https:\/\/www.hotellesseps.com\/fr\/chambres\/\"},{\"@type\":\"ListItem\",\"position\":3,\"name\":\"Chambre Familiale Deluxe\"}]},{\"@type\":\"WebSite\",\"@id\":\"https:\/\/www.hotellesseps.com\/fr\/#website\",\"url\":\"https:\/\/www.hotellesseps.com\/fr\/\",\"name\":\"Hotel Ronda Lesseps\",\"description\":\"Just another ms.decms.eu site\",\"potentialAction\":[{\"@type\":\"SearchAction\",\"target\":{\"@type\":\"EntryPoint\",\"urlTemplate\":\"https:\/\/www.hotellesseps.com\/fr\/?s={search_term_string}\"},\"query-input\":{\"@type\":\"PropertyValueSpecification\",\"valueRequired\":true,\"valueName\":\"search_term_string\"}}],\"inLanguage\":\"fr-FR\"}]}<\/script>\n<!-- \/ Yoast SEO plugin. -->","yoast_head_json":{"title":"Chambre Familiale Deluxe - Hotel Ronda Lesseps -","description":"Chambre familiale \u00e0 Barcelone pouvant accueillir jusqu'\u00e0 4 personnes, pr\u00e8s du Park G\u00fcell et du quartier de Gr\u00e0cia. Id\u00e9ale pour familles ou groupes d'amis.","robots":{"index":"index","follow":"follow","max-snippet":"max-snippet:-1","max-image-preview":"max-image-preview:large","max-video-preview":"max-video-preview:-1"},"canonical":"https:\/\/www.hotellesseps.com\/fr\/chambres\/chambre-familiale-deluxe\/","og_locale":"fr_FR","og_type":"article","og_title":"Chambre Familiale Deluxe - Hotel Ronda Lesseps -","og_description":"Chambre familiale \u00e0 Barcelone pouvant accueillir jusqu'\u00e0 4 personnes, pr\u00e8s du Park G\u00fcell et du quartier de Gr\u00e0cia. Id\u00e9ale pour familles ou groupes d'amis.","og_url":"https:\/\/www.hotellesseps.com\/fr\/chambres\/chambre-familiale-deluxe\/","og_site_name":"Hotel Ronda Lesseps","article_modified_time":"2025-10-01T10:42:54+00:00","twitter_card":"summary_large_image","twitter_misc":{"Dur\u00e9e de lecture estim\u00e9e":"1 minute"},"schema":{"@context":"https:\/\/schema.org","@graph":[{"@type":"WebPage","@id":"https:\/\/www.hotellesseps.com\/fr\/chambres\/chambre-familiale-deluxe\/","url":"https:\/\/www.hotellesseps.com\/fr\/chambres\/chambre-familiale-deluxe\/","name":"Chambre Familiale Deluxe - Hotel Ronda Lesseps -","isPartOf":{"@id":"https:\/\/www.hotellesseps.com\/fr\/#website"},"datePublished":"2022-04-27T12:45:18+00:00","dateModified":"2025-10-01T10:42:54+00:00","description":"Chambre familiale \u00e0 Barcelone pouvant accueillir jusqu'\u00e0 4 personnes, pr\u00e8s du Park G\u00fcell et du quartier de Gr\u00e0cia. Id\u00e9ale pour familles ou groupes d'amis.","breadcrumb":{"@id":"https:\/\/www.hotellesseps.com\/fr\/chambres\/chambre-familiale-deluxe\/#breadcrumb"},"inLanguage":"fr-FR","potentialAction":[{"@type":"ReadAction","target":["https:\/\/www.hotellesseps.com\/fr\/chambres\/chambre-familiale-deluxe\/"]}]},{"@type":"BreadcrumbList","@id":"https:\/\/www.hotellesseps.com\/fr\/chambres\/chambre-familiale-deluxe\/#breadcrumb","itemListElement":[{"@type":"ListItem","position":1,"name":"Home","item":"https:\/\/www.hotellesseps.com\/fr\/"},{"@type":"ListItem","position":2,"name":"Chambres","item":"https:\/\/www.hotellesseps.com\/fr\/chambres\/"},{"@type":"ListItem","position":3,"name":"Chambre Familiale Deluxe"}]},{"@type":"WebSite","@id":"https:\/\/www.hotellesseps.com\/fr\/#website","url":"https:\/\/www.hotellesseps.com\/fr\/","name":"Hotel Ronda Lesseps","description":"Just another ms.decms.eu site","potentialAction":[{"@type":"SearchAction","target":{"@type":"EntryPoint","urlTemplate":"https:\/\/www.hotellesseps.com\/fr\/?s={search_term_string}"},"query-input":{"@type":"PropertyValueSpecification","valueRequired":true,"valueName":"search_term_string"}}],"inLanguage":"fr-FR"}]}},"acf":[],"_links":{"self":[{"href":"https:\/\/www.hotellesseps.com\/fr\/wp-json\/wp\/v2\/pages\/537","targetHints":{"allow":["GET"]}}],"collection":[{"href":"https:\/\/www.hotellesseps.com\/fr\/wp-json\/wp\/v2\/pages"}],"about":[{"href":"https:\/\/www.hotellesseps.com\/fr\/wp-json\/wp\/v2\/types\/page"}],"author":[{"embeddable":true,"href":"https:\/\/www.hotellesseps.com\/fr\/wp-json\/wp\/v2\/users\/4"}],"replies":[{"embeddable":true,"href":"https:\/\/www.hotellesseps.com\/fr\/wp-json\/wp\/v2\/comments?post=537"}],"version-history":[{"count":0,"href":"https:\/\/www.hotellesseps.com\/fr\/wp-json\/wp\/v2\/pages\/537\/revisions"}],"up":[{"embeddable":true,"href":"https:\/\/www.hotellesseps.com\/fr\/wp-json\/wp\/v2\/pages\/553"}],"wp:attachment":[{"href":"https:\/\/www.hotellesseps.com\/fr\/wp-json\/wp\/v2\/media?parent=537"}],"curies":[{"name":"wp","href":"https:\/\/api.w.org\/{rel}","templated":true}]}}