{"id":567,"date":"2022-08-12T14:58:07","date_gmt":"2022-08-12T14:58:07","guid":{"rendered":"https:\/\/hotel-ronda-lesseps.ms.decms.eu\/chambres\/small-ground-floor-double-room\/"},"modified":"2025-10-01T09:31:30","modified_gmt":"2025-10-01T09:31:30","slug":"chambre-petite-au-rez-de-chaussee","status":"publish","type":"page","link":"https:\/\/www.hotellesseps.com\/fr\/chambres\/chambre-petite-au-rez-de-chaussee\/","title":{"rendered":"Chambre Petite au Rez-de-Chauss\u00e9e"},"content":{"rendered":"<p>&nbsp;<\/p>\n<p>D\u00e9couvrez notre h\u00e9bergement au rez-de-chauss\u00e9e \u00e0 Barcelone \u2013 abordable et accessible.<\/p>\n<p>Id\u00e9ale pour le voyageur avis\u00e9 \u00e0 la recherche d&rsquo;un rapport qualit\u00e9-prix exceptionnel, notre petite chambre au rez-de-chauss\u00e9e allie commodit\u00e9 et rentabilit\u00e9, en plein c\u0153ur de Barcelone.<\/p>\n<p>Profitez du confort d&rsquo;un matelas visco\u00e9lastique de 2 m\u00e8tres et offrez-vous le luxe d&rsquo;une douche hydromassante. Restez connect\u00e9 gr\u00e2ce \u00e0 la connexion Wi-Fi haut d\u00e9bit gratuite et divertissez-vous avec une t\u00e9l\u00e9vision \u00e0 \u00e9cran plat de 42 pouces proposant des cha\u00eenes premium. La chambre comprend un r\u00e9frig\u00e9rateur, une bouilloire d&rsquo;eau chaude pour vos besoins en th\u00e9 et caf\u00e9, la climatisation et un coffre-fort s\u00e9curis\u00e9 pour votre tranquillit\u00e9 d&rsquo;esprit.<\/p>\n<p>Id\u00e9alement situ\u00e9e au rez-de-chauss\u00e9e pour un acc\u00e8s facile, cette chambre offre un espace confortable et compact sans compromettre les commodit\u00e9s de nos chambres sup\u00e9rieures.<\/p>\n<p>Choisissez l&rsquo;H\u00f4tel Ronda Lesseps pour un s\u00e9jour \u00e9conomique qui d\u00e9passe vos attentes, garantissant que votre visite \u00e0 Barcelone soit \u00e0 la fois confortable et \u00e9conomique.<\/p>\n","protected":false},"excerpt":{"rendered":"<p>&nbsp; D\u00e9couvrez notre h\u00e9bergement au rez-de-chauss\u00e9e \u00e0 Barcelone \u2013 abordable et accessible. Id\u00e9ale pour le voyageur avis\u00e9 \u00e0 la recherche d&rsquo;un rapport qualit\u00e9-prix exceptionnel, notre petite chambre au rez-de-chauss\u00e9e allie commodit\u00e9 et rentabilit\u00e9, en plein c\u0153ur de Barcelone. Profitez du confort d&rsquo;un matelas visco\u00e9lastique de 2 m\u00e8tres et offrez-vous le luxe d&rsquo;une douche hydromassante. Restez [&hellip;]<\/p>\n","protected":false},"author":4,"featured_media":0,"parent":553,"menu_order":40,"comment_status":"closed","ping_status":"closed","template":"template-single-room.php","meta":{"footnotes":""},"class_list":["post-567","page","type-page","status-publish","hentry"],"yoast_head":"<!-- This site is optimized with the Yoast SEO plugin v26.9 - https:\/\/yoast.com\/product\/yoast-seo-wordpress\/ -->\n<title>Chambre Petite au Rez-de-Chauss\u00e9e - Hotel Ronda Lesseps -<\/title>\n<meta name=\"description\" content=\"Petite chambre au rez-de-chauss\u00e9e pour 2 personnes, dans un quartier calme de Barcelone, enti\u00e8rement \u00e9quip\u00e9e pour un s\u00e9jour confortable. R\u00e9servez !\" \/>\n<meta name=\"robots\" content=\"index, follow, max-snippet:-1, max-image-preview:large, max-video-preview:-1\" \/>\n<link rel=\"canonical\" href=\"https:\/\/www.hotellesseps.com\/fr\/chambres\/chambre-petite-au-rez-de-chaussee\/\" \/>\n<meta property=\"og:locale\" content=\"fr_FR\" \/>\n<meta property=\"og:type\" content=\"article\" \/>\n<meta property=\"og:title\" content=\"Chambre Petite au Rez-de-Chauss\u00e9e - Hotel Ronda Lesseps -\" \/>\n<meta property=\"og:description\" content=\"Petite chambre au rez-de-chauss\u00e9e pour 2 personnes, dans un quartier calme de Barcelone, enti\u00e8rement \u00e9quip\u00e9e pour un s\u00e9jour confortable. R\u00e9servez !\" \/>\n<meta property=\"og:url\" content=\"https:\/\/www.hotellesseps.com\/fr\/chambres\/chambre-petite-au-rez-de-chaussee\/\" \/>\n<meta property=\"og:site_name\" content=\"Hotel Ronda Lesseps\" \/>\n<meta property=\"article:modified_time\" content=\"2025-10-01T09:31:30+00:00\" \/>\n<meta name=\"twitter:card\" content=\"summary_large_image\" \/>\n<meta name=\"twitter:label1\" content=\"Dur\u00e9e de lecture estim\u00e9e\" \/>\n\t<meta name=\"twitter:data1\" content=\"1 minute\" \/>\n<script type=\"application\/ld+json\" class=\"yoast-schema-graph\">{\"@context\":\"https:\/\/schema.org\",\"@graph\":[{\"@type\":\"WebPage\",\"@id\":\"https:\/\/www.hotellesseps.com\/fr\/chambres\/chambre-petite-au-rez-de-chaussee\/\",\"url\":\"https:\/\/www.hotellesseps.com\/fr\/chambres\/chambre-petite-au-rez-de-chaussee\/\",\"name\":\"Chambre Petite au Rez-de-Chauss\u00e9e - Hotel Ronda Lesseps -\",\"isPartOf\":{\"@id\":\"https:\/\/www.hotellesseps.com\/fr\/#website\"},\"datePublished\":\"2022-08-12T14:58:07+00:00\",\"dateModified\":\"2025-10-01T09:31:30+00:00\",\"description\":\"Petite chambre au rez-de-chauss\u00e9e pour 2 personnes, dans un quartier calme de Barcelone, enti\u00e8rement \u00e9quip\u00e9e pour un s\u00e9jour confortable. R\u00e9servez !\",\"breadcrumb\":{\"@id\":\"https:\/\/www.hotellesseps.com\/fr\/chambres\/chambre-petite-au-rez-de-chaussee\/#breadcrumb\"},\"inLanguage\":\"fr-FR\",\"potentialAction\":[{\"@type\":\"ReadAction\",\"target\":[\"https:\/\/www.hotellesseps.com\/fr\/chambres\/chambre-petite-au-rez-de-chaussee\/\"]}]},{\"@type\":\"BreadcrumbList\",\"@id\":\"https:\/\/www.hotellesseps.com\/fr\/chambres\/chambre-petite-au-rez-de-chaussee\/#breadcrumb\",\"itemListElement\":[{\"@type\":\"ListItem\",\"position\":1,\"name\":\"Home\",\"item\":\"https:\/\/www.hotellesseps.com\/fr\/\"},{\"@type\":\"ListItem\",\"position\":2,\"name\":\"Chambres\",\"item\":\"https:\/\/www.hotellesseps.com\/fr\/chambres\/\"},{\"@type\":\"ListItem\",\"position\":3,\"name\":\"Chambre Petite au Rez-de-Chauss\u00e9e\"}]},{\"@type\":\"WebSite\",\"@id\":\"https:\/\/www.hotellesseps.com\/fr\/#website\",\"url\":\"https:\/\/www.hotellesseps.com\/fr\/\",\"name\":\"Hotel Ronda Lesseps\",\"description\":\"Just another ms.decms.eu site\",\"potentialAction\":[{\"@type\":\"SearchAction\",\"target\":{\"@type\":\"EntryPoint\",\"urlTemplate\":\"https:\/\/www.hotellesseps.com\/fr\/?s={search_term_string}\"},\"query-input\":{\"@type\":\"PropertyValueSpecification\",\"valueRequired\":true,\"valueName\":\"search_term_string\"}}],\"inLanguage\":\"fr-FR\"}]}<\/script>\n<!-- \/ Yoast SEO plugin. -->","yoast_head_json":{"title":"Chambre Petite au Rez-de-Chauss\u00e9e - Hotel Ronda Lesseps -","description":"Petite chambre au rez-de-chauss\u00e9e pour 2 personnes, dans un quartier calme de Barcelone, enti\u00e8rement \u00e9quip\u00e9e pour un s\u00e9jour confortable. R\u00e9servez !","robots":{"index":"index","follow":"follow","max-snippet":"max-snippet:-1","max-image-preview":"max-image-preview:large","max-video-preview":"max-video-preview:-1"},"canonical":"https:\/\/www.hotellesseps.com\/fr\/chambres\/chambre-petite-au-rez-de-chaussee\/","og_locale":"fr_FR","og_type":"article","og_title":"Chambre Petite au Rez-de-Chauss\u00e9e - Hotel Ronda Lesseps -","og_description":"Petite chambre au rez-de-chauss\u00e9e pour 2 personnes, dans un quartier calme de Barcelone, enti\u00e8rement \u00e9quip\u00e9e pour un s\u00e9jour confortable. R\u00e9servez !","og_url":"https:\/\/www.hotellesseps.com\/fr\/chambres\/chambre-petite-au-rez-de-chaussee\/","og_site_name":"Hotel Ronda Lesseps","article_modified_time":"2025-10-01T09:31:30+00:00","twitter_card":"summary_large_image","twitter_misc":{"Dur\u00e9e de lecture estim\u00e9e":"1 minute"},"schema":{"@context":"https:\/\/schema.org","@graph":[{"@type":"WebPage","@id":"https:\/\/www.hotellesseps.com\/fr\/chambres\/chambre-petite-au-rez-de-chaussee\/","url":"https:\/\/www.hotellesseps.com\/fr\/chambres\/chambre-petite-au-rez-de-chaussee\/","name":"Chambre Petite au Rez-de-Chauss\u00e9e - Hotel Ronda Lesseps -","isPartOf":{"@id":"https:\/\/www.hotellesseps.com\/fr\/#website"},"datePublished":"2022-08-12T14:58:07+00:00","dateModified":"2025-10-01T09:31:30+00:00","description":"Petite chambre au rez-de-chauss\u00e9e pour 2 personnes, dans un quartier calme de Barcelone, enti\u00e8rement \u00e9quip\u00e9e pour un s\u00e9jour confortable. R\u00e9servez !","breadcrumb":{"@id":"https:\/\/www.hotellesseps.com\/fr\/chambres\/chambre-petite-au-rez-de-chaussee\/#breadcrumb"},"inLanguage":"fr-FR","potentialAction":[{"@type":"ReadAction","target":["https:\/\/www.hotellesseps.com\/fr\/chambres\/chambre-petite-au-rez-de-chaussee\/"]}]},{"@type":"BreadcrumbList","@id":"https:\/\/www.hotellesseps.com\/fr\/chambres\/chambre-petite-au-rez-de-chaussee\/#breadcrumb","itemListElement":[{"@type":"ListItem","position":1,"name":"Home","item":"https:\/\/www.hotellesseps.com\/fr\/"},{"@type":"ListItem","position":2,"name":"Chambres","item":"https:\/\/www.hotellesseps.com\/fr\/chambres\/"},{"@type":"ListItem","position":3,"name":"Chambre Petite au Rez-de-Chauss\u00e9e"}]},{"@type":"WebSite","@id":"https:\/\/www.hotellesseps.com\/fr\/#website","url":"https:\/\/www.hotellesseps.com\/fr\/","name":"Hotel Ronda Lesseps","description":"Just another ms.decms.eu site","potentialAction":[{"@type":"SearchAction","target":{"@type":"EntryPoint","urlTemplate":"https:\/\/www.hotellesseps.com\/fr\/?s={search_term_string}"},"query-input":{"@type":"PropertyValueSpecification","valueRequired":true,"valueName":"search_term_string"}}],"inLanguage":"fr-FR"}]}},"acf":[],"_links":{"self":[{"href":"https:\/\/www.hotellesseps.com\/fr\/wp-json\/wp\/v2\/pages\/567","targetHints":{"allow":["GET"]}}],"collection":[{"href":"https:\/\/www.hotellesseps.com\/fr\/wp-json\/wp\/v2\/pages"}],"about":[{"href":"https:\/\/www.hotellesseps.com\/fr\/wp-json\/wp\/v2\/types\/page"}],"author":[{"embeddable":true,"href":"https:\/\/www.hotellesseps.com\/fr\/wp-json\/wp\/v2\/users\/4"}],"replies":[{"embeddable":true,"href":"https:\/\/www.hotellesseps.com\/fr\/wp-json\/wp\/v2\/comments?post=567"}],"version-history":[{"count":0,"href":"https:\/\/www.hotellesseps.com\/fr\/wp-json\/wp\/v2\/pages\/567\/revisions"}],"up":[{"embeddable":true,"href":"https:\/\/www.hotellesseps.com\/fr\/wp-json\/wp\/v2\/pages\/553"}],"wp:attachment":[{"href":"https:\/\/www.hotellesseps.com\/fr\/wp-json\/wp\/v2\/media?parent=567"}],"curies":[{"name":"wp","href":"https:\/\/api.w.org\/{rel}","templated":true}]}}