{"id":1134,"date":"2024-01-27T07:22:30","date_gmt":"2024-01-27T07:22:30","guid":{"rendered":"https:\/\/www.hotellesseps.com\/petit-dejeuner-buffet\/"},"modified":"2026-03-31T16:08:13","modified_gmt":"2026-03-31T16:08:13","slug":"buffet-di-colazione","status":"publish","type":"page","link":"https:\/\/www.hotellesseps.com\/it\/buffet-di-colazione\/","title":{"rendered":"Colazione"},"content":{"rendered":"<p>&nbsp;<\/p>\n<p>Concedetevi la nostra colazione mediterranea a buffet in uno dei migliori posti in cui soggiornare a Barcellona. Una deliziosa selezione di piatti caldi, salumi e insalate, perfettamente integrati dalla ricchezza di latte, yogurt e frutta di stagione. Sorseggia un succo mentre esplori una variet\u00e0 di cereali, formaggi spagnoli, pasticcini e marmellate, il tutto assaporando un assortimento di pane appena sfornato.<\/p>\n<p>Per completare la tua mattinata nel nostro hotel, scegli tra una gamma di caff\u00e8 Nespresso e miscele di caff\u00e8 locali per iniziare la giornata con gusto.<\/p>\n<p>Disponibile dal luned\u00ec al venerd\u00ec dalle 7 alle 10:30, e il sabato e la domenica dalle 8 alle 11 nel nostro hotel nel quartiere di Gr\u00e0cia, per assicurarti l&#8217;energia necessaria per esplorare la vivace citt\u00e0 o fare una breve gita alle attrazioni vicine come il Parco G\u00fcell.<\/p>\n","protected":false},"excerpt":{"rendered":"<p>&nbsp; Concedetevi la nostra colazione mediterranea a buffet in uno dei migliori posti in cui soggiornare a Barcellona. Una deliziosa selezione di piatti caldi, salumi e insalate, perfettamente integrati dalla ricchezza di latte, yogurt e frutta di stagione. Sorseggia un succo mentre esplori una variet\u00e0 di cereali, formaggi spagnoli, pasticcini e marmellate, il tutto assaporando [&hellip;]<\/p>\n","protected":false},"author":504,"featured_media":0,"parent":0,"menu_order":21,"comment_status":"closed","ping_status":"closed","template":"template-single-restaurant.php","meta":{"footnotes":""},"class_list":["post-1134","page","type-page","status-publish","hentry"],"yoast_head":"<!-- This site is optimized with the Yoast SEO plugin v26.9 - https:\/\/yoast.com\/product\/yoast-seo-wordpress\/ -->\n<title>Colazione - Hotel Ronda Lesseps -<\/title>\n<meta name=\"description\" content=\"Goditi la nostra colazione a buffet mediterranea con piatti caldi, salumi, insalate, yogurt e frutta fresca di stagione. Da non perdere!\" \/>\n<meta name=\"robots\" content=\"index, follow, max-snippet:-1, max-image-preview:large, max-video-preview:-1\" \/>\n<link rel=\"canonical\" href=\"https:\/\/www.hotellesseps.com\/it\/buffet-di-colazione\/\" \/>\n<meta property=\"og:locale\" content=\"it_IT\" \/>\n<meta property=\"og:type\" content=\"article\" \/>\n<meta property=\"og:title\" content=\"Colazione - Hotel Ronda Lesseps -\" \/>\n<meta property=\"og:description\" content=\"Goditi la nostra colazione a buffet mediterranea con piatti caldi, salumi, insalate, yogurt e frutta fresca di stagione. Da non perdere!\" \/>\n<meta property=\"og:url\" content=\"https:\/\/www.hotellesseps.com\/it\/buffet-di-colazione\/\" \/>\n<meta property=\"og:site_name\" content=\"Hotel Ronda Lesseps\" \/>\n<meta property=\"article:modified_time\" content=\"2026-03-31T16:08:13+00:00\" \/>\n<meta name=\"twitter:card\" content=\"summary_large_image\" \/>\n<meta name=\"twitter:label1\" content=\"Tempo di lettura stimato\" \/>\n\t<meta name=\"twitter:data1\" content=\"1 minuto\" \/>\n<script type=\"application\/ld+json\" class=\"yoast-schema-graph\">{\"@context\":\"https:\/\/schema.org\",\"@graph\":[{\"@type\":\"WebPage\",\"@id\":\"https:\/\/www.hotellesseps.com\/it\/buffet-di-colazione\/\",\"url\":\"https:\/\/www.hotellesseps.com\/it\/buffet-di-colazione\/\",\"name\":\"Colazione - Hotel Ronda Lesseps -\",\"isPartOf\":{\"@id\":\"https:\/\/www.hotellesseps.com\/it\/#website\"},\"datePublished\":\"2024-01-27T07:22:30+00:00\",\"dateModified\":\"2026-03-31T16:08:13+00:00\",\"description\":\"Goditi la nostra colazione a buffet mediterranea con piatti caldi, salumi, insalate, yogurt e frutta fresca di stagione. Da non perdere!\",\"breadcrumb\":{\"@id\":\"https:\/\/www.hotellesseps.com\/it\/buffet-di-colazione\/#breadcrumb\"},\"inLanguage\":\"it-IT\",\"potentialAction\":[{\"@type\":\"ReadAction\",\"target\":[\"https:\/\/www.hotellesseps.com\/it\/buffet-di-colazione\/\"]}]},{\"@type\":\"BreadcrumbList\",\"@id\":\"https:\/\/www.hotellesseps.com\/it\/buffet-di-colazione\/#breadcrumb\",\"itemListElement\":[{\"@type\":\"ListItem\",\"position\":1,\"name\":\"Home\",\"item\":\"https:\/\/www.hotellesseps.com\/it\/\"},{\"@type\":\"ListItem\",\"position\":2,\"name\":\"Colazione\"}]},{\"@type\":\"WebSite\",\"@id\":\"https:\/\/www.hotellesseps.com\/it\/#website\",\"url\":\"https:\/\/www.hotellesseps.com\/it\/\",\"name\":\"Hotel Ronda Lesseps\",\"description\":\"Just another ms.decms.eu site\",\"potentialAction\":[{\"@type\":\"SearchAction\",\"target\":{\"@type\":\"EntryPoint\",\"urlTemplate\":\"https:\/\/www.hotellesseps.com\/it\/?s={search_term_string}\"},\"query-input\":{\"@type\":\"PropertyValueSpecification\",\"valueRequired\":true,\"valueName\":\"search_term_string\"}}],\"inLanguage\":\"it-IT\"}]}<\/script>\n<!-- \/ Yoast SEO plugin. -->","yoast_head_json":{"title":"Colazione - Hotel Ronda Lesseps -","description":"Goditi la nostra colazione a buffet mediterranea con piatti caldi, salumi, insalate, yogurt e frutta fresca di stagione. Da non perdere!","robots":{"index":"index","follow":"follow","max-snippet":"max-snippet:-1","max-image-preview":"max-image-preview:large","max-video-preview":"max-video-preview:-1"},"canonical":"https:\/\/www.hotellesseps.com\/it\/buffet-di-colazione\/","og_locale":"it_IT","og_type":"article","og_title":"Colazione - Hotel Ronda Lesseps -","og_description":"Goditi la nostra colazione a buffet mediterranea con piatti caldi, salumi, insalate, yogurt e frutta fresca di stagione. Da non perdere!","og_url":"https:\/\/www.hotellesseps.com\/it\/buffet-di-colazione\/","og_site_name":"Hotel Ronda Lesseps","article_modified_time":"2026-03-31T16:08:13+00:00","twitter_card":"summary_large_image","twitter_misc":{"Tempo di lettura stimato":"1 minuto"},"schema":{"@context":"https:\/\/schema.org","@graph":[{"@type":"WebPage","@id":"https:\/\/www.hotellesseps.com\/it\/buffet-di-colazione\/","url":"https:\/\/www.hotellesseps.com\/it\/buffet-di-colazione\/","name":"Colazione - Hotel Ronda Lesseps -","isPartOf":{"@id":"https:\/\/www.hotellesseps.com\/it\/#website"},"datePublished":"2024-01-27T07:22:30+00:00","dateModified":"2026-03-31T16:08:13+00:00","description":"Goditi la nostra colazione a buffet mediterranea con piatti caldi, salumi, insalate, yogurt e frutta fresca di stagione. Da non perdere!","breadcrumb":{"@id":"https:\/\/www.hotellesseps.com\/it\/buffet-di-colazione\/#breadcrumb"},"inLanguage":"it-IT","potentialAction":[{"@type":"ReadAction","target":["https:\/\/www.hotellesseps.com\/it\/buffet-di-colazione\/"]}]},{"@type":"BreadcrumbList","@id":"https:\/\/www.hotellesseps.com\/it\/buffet-di-colazione\/#breadcrumb","itemListElement":[{"@type":"ListItem","position":1,"name":"Home","item":"https:\/\/www.hotellesseps.com\/it\/"},{"@type":"ListItem","position":2,"name":"Colazione"}]},{"@type":"WebSite","@id":"https:\/\/www.hotellesseps.com\/it\/#website","url":"https:\/\/www.hotellesseps.com\/it\/","name":"Hotel Ronda Lesseps","description":"Just another ms.decms.eu site","potentialAction":[{"@type":"SearchAction","target":{"@type":"EntryPoint","urlTemplate":"https:\/\/www.hotellesseps.com\/it\/?s={search_term_string}"},"query-input":{"@type":"PropertyValueSpecification","valueRequired":true,"valueName":"search_term_string"}}],"inLanguage":"it-IT"}]}},"acf":[],"_links":{"self":[{"href":"https:\/\/www.hotellesseps.com\/it\/wp-json\/wp\/v2\/pages\/1134","targetHints":{"allow":["GET"]}}],"collection":[{"href":"https:\/\/www.hotellesseps.com\/it\/wp-json\/wp\/v2\/pages"}],"about":[{"href":"https:\/\/www.hotellesseps.com\/it\/wp-json\/wp\/v2\/types\/page"}],"author":[{"embeddable":true,"href":"https:\/\/www.hotellesseps.com\/it\/wp-json\/wp\/v2\/users\/504"}],"replies":[{"embeddable":true,"href":"https:\/\/www.hotellesseps.com\/it\/wp-json\/wp\/v2\/comments?post=1134"}],"version-history":[{"count":0,"href":"https:\/\/www.hotellesseps.com\/it\/wp-json\/wp\/v2\/pages\/1134\/revisions"}],"wp:attachment":[{"href":"https:\/\/www.hotellesseps.com\/it\/wp-json\/wp\/v2\/media?parent=1134"}],"curies":[{"name":"wp","href":"https:\/\/api.w.org\/{rel}","templated":true}]}}