{"id":522,"date":"2022-08-11T12:30:34","date_gmt":"2022-08-11T12:30:34","guid":{"rendered":"https:\/\/hotel-ronda-lesseps.ms.decms.eu\/superior-double-room\/"},"modified":"2024-05-05T15:16:50","modified_gmt":"2024-05-05T15:16:50","slug":"camera-superior","status":"publish","type":"page","link":"https:\/\/www.hotellesseps.com\/it\/camere\/camera-superior\/","title":{"rendered":"Camera Superior"},"content":{"rendered":"<p>&nbsp;<\/p>\n<p>Scopri il comfort moderno nella nostra camera d&#8217;albergo a Barcellona.<\/p>\n<p>Sperimenta tranquillit\u00e0 e relax nella nostra camera Superior, progettata per offrire un rifugio tranquillo dopo aver esplorato le vivaci strade di Barcellona.<\/p>\n<p>Godetevi il lusso di un materasso viscoelastico di 2 metri e di una doccia idromassaggio rigenerante. Rimani connesso grazie al Wi-Fi ad alta velocit\u00e0 gratuito e rilassati con una TV a schermo piatto da 42 pollici con canali premium. Dissetati con l&#8217;acqua gratuita fornita ogni giorno. Un frigorifero \u00e8 disponibile per la vostra comodit\u00e0, insieme a uno scaldabagno per gli appassionati di t\u00e8 e caff\u00e8. Concedetevi l&#8217;atmosfera rinfrescante dell&#8217;aria condizionata, sapendo che i vostri effetti personali sono al sicuro nella cassaforte della camera.<\/p>\n<p>Migliora il tuo soggiorno all&#8217;Hotel Ronda Lesseps con questa camera elegante e confortevole, che offre servizi moderni nel cuore di Barcellona.<\/p>\n<p>Prenota con noi il tuo alloggio a Barcellona e goditi un delizioso mix di modernit\u00e0 e comfort.<\/p>\n","protected":false},"excerpt":{"rendered":"<p>&nbsp; Scopri il comfort moderno nella nostra camera d&#8217;albergo a Barcellona. Sperimenta tranquillit\u00e0 e relax nella nostra camera Superior, progettata per offrire un rifugio tranquillo dopo aver esplorato le vivaci strade di Barcellona. Godetevi il lusso di un materasso viscoelastico di 2 metri e di una doccia idromassaggio rigenerante. Rimani connesso grazie al Wi-Fi ad [&hellip;]<\/p>\n","protected":false},"author":4,"featured_media":0,"parent":554,"menu_order":10,"comment_status":"closed","ping_status":"closed","template":"template-single-room.php","meta":{"footnotes":""},"class_list":["post-522","page","type-page","status-publish","hentry"],"yoast_head":"<!-- This site is optimized with the Yoast SEO plugin v26.9 - https:\/\/yoast.com\/product\/yoast-seo-wordpress\/ -->\n<title>Camera Superior - Hotel Ronda Lesseps -<\/title>\n<meta name=\"description\" content=\"&nbsp;  Scopri il comfort moderno nella nostra camera d&#039;albergo a Barcellona.  Sperimenta tranquillit\u00e0 e relax nella nostra camera Superior, progettata per offrire un rifugio tranquillo dopo aver esplorato le vivaci strade di Barcellona.  Godetevi il lusso di un materasso viscoelastico di 2 metri e di una doccia idromassaggio rigenerante. Rimani connesso grazie al Wi-Fi ad alta velocit\u00e0 gratuito e rilassati con una TV a schermo piatto da 42 pollici con canali premium\" \/>\n<meta name=\"robots\" content=\"index, follow, max-snippet:-1, max-image-preview:large, max-video-preview:-1\" \/>\n<link rel=\"canonical\" href=\"https:\/\/www.hotellesseps.com\/it\/camere\/camera-superior\/\" \/>\n<meta property=\"og:locale\" content=\"it_IT\" \/>\n<meta property=\"og:type\" content=\"article\" \/>\n<meta property=\"og:title\" content=\"Camera Superior - Hotel Ronda Lesseps -\" \/>\n<meta property=\"og:description\" content=\"&nbsp;  Scopri il comfort moderno nella nostra camera d&#039;albergo a Barcellona.  Sperimenta tranquillit\u00e0 e relax nella nostra camera Superior, progettata per offrire un rifugio tranquillo dopo aver esplorato le vivaci strade di Barcellona.  Godetevi il lusso di un materasso viscoelastico di 2 metri e di una doccia idromassaggio rigenerante. Rimani connesso grazie al Wi-Fi ad alta velocit\u00e0 gratuito e rilassati con una TV a schermo piatto da 42 pollici con canali premium\" \/>\n<meta property=\"og:url\" content=\"https:\/\/www.hotellesseps.com\/it\/camere\/camera-superior\/\" \/>\n<meta property=\"og:site_name\" content=\"Hotel Ronda Lesseps\" \/>\n<meta property=\"article:modified_time\" content=\"2024-05-05T15:16:50+00:00\" \/>\n<meta name=\"twitter:card\" content=\"summary_large_image\" \/>\n<meta name=\"twitter:label1\" content=\"Tempo di lettura stimato\" \/>\n\t<meta name=\"twitter:data1\" content=\"1 minuto\" \/>\n<script type=\"application\/ld+json\" class=\"yoast-schema-graph\">{\"@context\":\"https:\/\/schema.org\",\"@graph\":[{\"@type\":\"WebPage\",\"@id\":\"https:\/\/www.hotellesseps.com\/it\/camere\/camera-superior\/\",\"url\":\"https:\/\/www.hotellesseps.com\/it\/camere\/camera-superior\/\",\"name\":\"Camera Superior - Hotel Ronda Lesseps -\",\"isPartOf\":{\"@id\":\"https:\/\/www.hotellesseps.com\/it\/#website\"},\"datePublished\":\"2022-08-11T12:30:34+00:00\",\"dateModified\":\"2024-05-05T15:16:50+00:00\",\"description\":\"&nbsp; Scopri il comfort moderno nella nostra camera d'albergo a Barcellona. Sperimenta tranquillit\u00e0 e relax nella nostra camera Superior, progettata per offrire un rifugio tranquillo dopo aver esplorato le vivaci strade di Barcellona. Godetevi il lusso di un materasso viscoelastico di 2 metri e di una doccia idromassaggio rigenerante. Rimani connesso grazie al Wi-Fi ad alta velocit\u00e0 gratuito e rilassati con una TV a schermo piatto da 42 pollici con canali premium\",\"breadcrumb\":{\"@id\":\"https:\/\/www.hotellesseps.com\/it\/camere\/camera-superior\/#breadcrumb\"},\"inLanguage\":\"it-IT\",\"potentialAction\":[{\"@type\":\"ReadAction\",\"target\":[\"https:\/\/www.hotellesseps.com\/it\/camere\/camera-superior\/\"]}]},{\"@type\":\"BreadcrumbList\",\"@id\":\"https:\/\/www.hotellesseps.com\/it\/camere\/camera-superior\/#breadcrumb\",\"itemListElement\":[{\"@type\":\"ListItem\",\"position\":1,\"name\":\"Home\",\"item\":\"https:\/\/www.hotellesseps.com\/it\/\"},{\"@type\":\"ListItem\",\"position\":2,\"name\":\"Camere\",\"item\":\"https:\/\/www.hotellesseps.com\/it\/camere\/\"},{\"@type\":\"ListItem\",\"position\":3,\"name\":\"Camera Superior\"}]},{\"@type\":\"WebSite\",\"@id\":\"https:\/\/www.hotellesseps.com\/it\/#website\",\"url\":\"https:\/\/www.hotellesseps.com\/it\/\",\"name\":\"Hotel Ronda Lesseps\",\"description\":\"Just another ms.decms.eu site\",\"potentialAction\":[{\"@type\":\"SearchAction\",\"target\":{\"@type\":\"EntryPoint\",\"urlTemplate\":\"https:\/\/www.hotellesseps.com\/it\/?s={search_term_string}\"},\"query-input\":{\"@type\":\"PropertyValueSpecification\",\"valueRequired\":true,\"valueName\":\"search_term_string\"}}],\"inLanguage\":\"it-IT\"}]}<\/script>\n<!-- \/ Yoast SEO plugin. -->","yoast_head_json":{"title":"Camera Superior - Hotel Ronda Lesseps -","description":"&nbsp;  Scopri il comfort moderno nella nostra camera d'albergo a Barcellona.  Sperimenta tranquillit\u00e0 e relax nella nostra camera Superior, progettata per offrire un rifugio tranquillo dopo aver esplorato le vivaci strade di Barcellona.  Godetevi il lusso di un materasso viscoelastico di 2 metri e di una doccia idromassaggio rigenerante. Rimani connesso grazie al Wi-Fi ad alta velocit\u00e0 gratuito e rilassati con una TV a schermo piatto da 42 pollici con canali premium","robots":{"index":"index","follow":"follow","max-snippet":"max-snippet:-1","max-image-preview":"max-image-preview:large","max-video-preview":"max-video-preview:-1"},"canonical":"https:\/\/www.hotellesseps.com\/it\/camere\/camera-superior\/","og_locale":"it_IT","og_type":"article","og_title":"Camera Superior - Hotel Ronda Lesseps -","og_description":"&nbsp;  Scopri il comfort moderno nella nostra camera d'albergo a Barcellona.  Sperimenta tranquillit\u00e0 e relax nella nostra camera Superior, progettata per offrire un rifugio tranquillo dopo aver esplorato le vivaci strade di Barcellona.  Godetevi il lusso di un materasso viscoelastico di 2 metri e di una doccia idromassaggio rigenerante. Rimani connesso grazie al Wi-Fi ad alta velocit\u00e0 gratuito e rilassati con una TV a schermo piatto da 42 pollici con canali premium","og_url":"https:\/\/www.hotellesseps.com\/it\/camere\/camera-superior\/","og_site_name":"Hotel Ronda Lesseps","article_modified_time":"2024-05-05T15:16:50+00:00","twitter_card":"summary_large_image","twitter_misc":{"Tempo di lettura stimato":"1 minuto"},"schema":{"@context":"https:\/\/schema.org","@graph":[{"@type":"WebPage","@id":"https:\/\/www.hotellesseps.com\/it\/camere\/camera-superior\/","url":"https:\/\/www.hotellesseps.com\/it\/camere\/camera-superior\/","name":"Camera Superior - Hotel Ronda Lesseps -","isPartOf":{"@id":"https:\/\/www.hotellesseps.com\/it\/#website"},"datePublished":"2022-08-11T12:30:34+00:00","dateModified":"2024-05-05T15:16:50+00:00","description":"&nbsp; Scopri il comfort moderno nella nostra camera d'albergo a Barcellona. Sperimenta tranquillit\u00e0 e relax nella nostra camera Superior, progettata per offrire un rifugio tranquillo dopo aver esplorato le vivaci strade di Barcellona. Godetevi il lusso di un materasso viscoelastico di 2 metri e di una doccia idromassaggio rigenerante. Rimani connesso grazie al Wi-Fi ad alta velocit\u00e0 gratuito e rilassati con una TV a schermo piatto da 42 pollici con canali premium","breadcrumb":{"@id":"https:\/\/www.hotellesseps.com\/it\/camere\/camera-superior\/#breadcrumb"},"inLanguage":"it-IT","potentialAction":[{"@type":"ReadAction","target":["https:\/\/www.hotellesseps.com\/it\/camere\/camera-superior\/"]}]},{"@type":"BreadcrumbList","@id":"https:\/\/www.hotellesseps.com\/it\/camere\/camera-superior\/#breadcrumb","itemListElement":[{"@type":"ListItem","position":1,"name":"Home","item":"https:\/\/www.hotellesseps.com\/it\/"},{"@type":"ListItem","position":2,"name":"Camere","item":"https:\/\/www.hotellesseps.com\/it\/camere\/"},{"@type":"ListItem","position":3,"name":"Camera Superior"}]},{"@type":"WebSite","@id":"https:\/\/www.hotellesseps.com\/it\/#website","url":"https:\/\/www.hotellesseps.com\/it\/","name":"Hotel Ronda Lesseps","description":"Just another ms.decms.eu site","potentialAction":[{"@type":"SearchAction","target":{"@type":"EntryPoint","urlTemplate":"https:\/\/www.hotellesseps.com\/it\/?s={search_term_string}"},"query-input":{"@type":"PropertyValueSpecification","valueRequired":true,"valueName":"search_term_string"}}],"inLanguage":"it-IT"}]}},"acf":[],"_links":{"self":[{"href":"https:\/\/www.hotellesseps.com\/it\/wp-json\/wp\/v2\/pages\/522","targetHints":{"allow":["GET"]}}],"collection":[{"href":"https:\/\/www.hotellesseps.com\/it\/wp-json\/wp\/v2\/pages"}],"about":[{"href":"https:\/\/www.hotellesseps.com\/it\/wp-json\/wp\/v2\/types\/page"}],"author":[{"embeddable":true,"href":"https:\/\/www.hotellesseps.com\/it\/wp-json\/wp\/v2\/users\/4"}],"replies":[{"embeddable":true,"href":"https:\/\/www.hotellesseps.com\/it\/wp-json\/wp\/v2\/comments?post=522"}],"version-history":[{"count":0,"href":"https:\/\/www.hotellesseps.com\/it\/wp-json\/wp\/v2\/pages\/522\/revisions"}],"up":[{"embeddable":true,"href":"https:\/\/www.hotellesseps.com\/it\/wp-json\/wp\/v2\/pages\/554"}],"wp:attachment":[{"href":"https:\/\/www.hotellesseps.com\/it\/wp-json\/wp\/v2\/media?parent=522"}],"curies":[{"name":"wp","href":"https:\/\/api.w.org\/{rel}","templated":true}]}}