{"id":554,"date":"2022-04-26T09:59:44","date_gmt":"2022-04-26T09:59:44","guid":{"rendered":"https:\/\/hotel-ronda-lesseps.ms.decms.eu\/rooms\/"},"modified":"2025-10-01T09:53:09","modified_gmt":"2025-10-01T09:53:09","slug":"camere","status":"publish","type":"page","link":"https:\/\/www.hotellesseps.com\/it\/camere\/","title":{"rendered":"Camere"},"content":{"rendered":"<p>L&#8217;Hotel Ronda Lesseps offre un&#8217;ampia gamma di camere progettate per soddisfare le esigenze di ogni viaggiatore, garantendo comfort e comodit\u00e0 durante il vostro soggiorno a Barcellona. Scegli dalla nostra selezione di camere splendidamente decorate, ognuna progettata per migliorare la tua esperienza in questa vibrante citt\u00e0.<\/p>\n<p>Scopri l&#8217;eleganza e il comfort delle nostre camere Superior, ideali per i viaggiatori pi\u00f9 esigenti che cercano un soggiorno di lusso vicino al Parco G\u00fcell. Per chi cerca praticit\u00e0 e fascino, le nostre camere Junior al piano terra offrono facile accessibilit\u00e0 e comfort, rendendoci la migliore opzione tra gli hotel vicino al Parco G\u00fcell.<\/p>\n<p>Se preferisci un&#8217;atmosfera accogliente e intima, le nostre camere singole ti offrono il rifugio perfetto dopo una giornata trascorsa esplorando il quartiere di Gr\u00e0cia. L&#8217;Hotel Ronda Lesseps \u00e8 il vostro hotel ideale nel quartiere Gr\u00e0cia, offrendo una posizione comoda vicino a questo quartiere storico.<\/p>\n<p>Famiglie e gruppi troveranno le nostre Camere Triple e Camere Familiari Deluxe spaziose e accoglienti, perfette per creare ricordi indelebili insieme durante la loro visita a Barcellona.<\/p>\n<p>Esplora Barcellona dal comfort dell&#8217;Hotel Ronda Lesseps, strategicamente situato vicino al Parco G\u00fcell e all&#8217;incantevole quartiere di Gr\u00e0cia. Scopri con noi le migliori opzioni di alloggio a Barcellona!<\/p>\n","protected":false},"excerpt":{"rendered":"<p>L&#8217;Hotel Ronda Lesseps offre un&#8217;ampia gamma di camere progettate per soddisfare le esigenze di ogni viaggiatore, garantendo comfort e comodit\u00e0 durante il vostro soggiorno a Barcellona. Scegli dalla nostra selezione di camere splendidamente decorate, ognuna progettata per migliorare la tua esperienza in questa vibrante citt\u00e0. Scopri l&#8217;eleganza e il comfort delle nostre camere Superior, ideali [&hellip;]<\/p>\n","protected":false},"author":4,"featured_media":0,"parent":0,"menu_order":10,"comment_status":"closed","ping_status":"closed","template":"template-rooms.php","meta":{"footnotes":""},"class_list":["post-554","page","type-page","status-publish","hentry"],"yoast_head":"<!-- This site is optimized with the Yoast SEO plugin v26.9 - https:\/\/yoast.com\/product\/yoast-seo-wordpress\/ -->\n<title>Camere - Hotel Ronda Lesseps -<\/title>\n<meta name=\"description\" content=\"Scopri le confortevoli camere dell&#039;Hotel Ronda Lesseps a Barcellona, tra cui le Camere Superior vicino al Park G\u00fcell, per un soggiorno rilassante.\" \/>\n<meta name=\"robots\" content=\"index, follow, max-snippet:-1, max-image-preview:large, max-video-preview:-1\" \/>\n<link rel=\"canonical\" href=\"https:\/\/www.hotellesseps.com\/it\/camere\/\" \/>\n<meta property=\"og:locale\" content=\"it_IT\" \/>\n<meta property=\"og:type\" content=\"article\" \/>\n<meta property=\"og:title\" content=\"Camere - Hotel Ronda Lesseps -\" \/>\n<meta property=\"og:description\" content=\"Scopri le confortevoli camere dell&#039;Hotel Ronda Lesseps a Barcellona, tra cui le Camere Superior vicino al Park G\u00fcell, per un soggiorno rilassante.\" \/>\n<meta property=\"og:url\" content=\"https:\/\/www.hotellesseps.com\/it\/camere\/\" \/>\n<meta property=\"og:site_name\" content=\"Hotel Ronda Lesseps\" \/>\n<meta property=\"article:modified_time\" content=\"2025-10-01T09:53:09+00:00\" \/>\n<meta name=\"twitter:card\" content=\"summary_large_image\" \/>\n<meta name=\"twitter:label1\" content=\"Tempo di lettura stimato\" \/>\n\t<meta name=\"twitter:data1\" content=\"1 minuto\" \/>\n<script type=\"application\/ld+json\" class=\"yoast-schema-graph\">{\"@context\":\"https:\/\/schema.org\",\"@graph\":[{\"@type\":\"WebPage\",\"@id\":\"https:\/\/www.hotellesseps.com\/it\/camere\/\",\"url\":\"https:\/\/www.hotellesseps.com\/it\/camere\/\",\"name\":\"Camere - Hotel Ronda Lesseps -\",\"isPartOf\":{\"@id\":\"https:\/\/www.hotellesseps.com\/it\/#website\"},\"datePublished\":\"2022-04-26T09:59:44+00:00\",\"dateModified\":\"2025-10-01T09:53:09+00:00\",\"description\":\"Scopri le confortevoli camere dell'Hotel Ronda Lesseps a Barcellona, tra cui le Camere Superior vicino al Park G\u00fcell, per un soggiorno rilassante.\",\"breadcrumb\":{\"@id\":\"https:\/\/www.hotellesseps.com\/it\/camere\/#breadcrumb\"},\"inLanguage\":\"it-IT\",\"potentialAction\":[{\"@type\":\"ReadAction\",\"target\":[\"https:\/\/www.hotellesseps.com\/it\/camere\/\"]}]},{\"@type\":\"BreadcrumbList\",\"@id\":\"https:\/\/www.hotellesseps.com\/it\/camere\/#breadcrumb\",\"itemListElement\":[{\"@type\":\"ListItem\",\"position\":1,\"name\":\"Home\",\"item\":\"https:\/\/www.hotellesseps.com\/it\/\"},{\"@type\":\"ListItem\",\"position\":2,\"name\":\"Camere\"}]},{\"@type\":\"WebSite\",\"@id\":\"https:\/\/www.hotellesseps.com\/it\/#website\",\"url\":\"https:\/\/www.hotellesseps.com\/it\/\",\"name\":\"Hotel Ronda Lesseps\",\"description\":\"Just another ms.decms.eu site\",\"potentialAction\":[{\"@type\":\"SearchAction\",\"target\":{\"@type\":\"EntryPoint\",\"urlTemplate\":\"https:\/\/www.hotellesseps.com\/it\/?s={search_term_string}\"},\"query-input\":{\"@type\":\"PropertyValueSpecification\",\"valueRequired\":true,\"valueName\":\"search_term_string\"}}],\"inLanguage\":\"it-IT\"}]}<\/script>\n<!-- \/ Yoast SEO plugin. -->","yoast_head_json":{"title":"Camere - Hotel Ronda Lesseps -","description":"Scopri le confortevoli camere dell'Hotel Ronda Lesseps a Barcellona, tra cui le Camere Superior vicino al Park G\u00fcell, per un soggiorno rilassante.","robots":{"index":"index","follow":"follow","max-snippet":"max-snippet:-1","max-image-preview":"max-image-preview:large","max-video-preview":"max-video-preview:-1"},"canonical":"https:\/\/www.hotellesseps.com\/it\/camere\/","og_locale":"it_IT","og_type":"article","og_title":"Camere - Hotel Ronda Lesseps -","og_description":"Scopri le confortevoli camere dell'Hotel Ronda Lesseps a Barcellona, tra cui le Camere Superior vicino al Park G\u00fcell, per un soggiorno rilassante.","og_url":"https:\/\/www.hotellesseps.com\/it\/camere\/","og_site_name":"Hotel Ronda Lesseps","article_modified_time":"2025-10-01T09:53:09+00:00","twitter_card":"summary_large_image","twitter_misc":{"Tempo di lettura stimato":"1 minuto"},"schema":{"@context":"https:\/\/schema.org","@graph":[{"@type":"WebPage","@id":"https:\/\/www.hotellesseps.com\/it\/camere\/","url":"https:\/\/www.hotellesseps.com\/it\/camere\/","name":"Camere - Hotel Ronda Lesseps -","isPartOf":{"@id":"https:\/\/www.hotellesseps.com\/it\/#website"},"datePublished":"2022-04-26T09:59:44+00:00","dateModified":"2025-10-01T09:53:09+00:00","description":"Scopri le confortevoli camere dell'Hotel Ronda Lesseps a Barcellona, tra cui le Camere Superior vicino al Park G\u00fcell, per un soggiorno rilassante.","breadcrumb":{"@id":"https:\/\/www.hotellesseps.com\/it\/camere\/#breadcrumb"},"inLanguage":"it-IT","potentialAction":[{"@type":"ReadAction","target":["https:\/\/www.hotellesseps.com\/it\/camere\/"]}]},{"@type":"BreadcrumbList","@id":"https:\/\/www.hotellesseps.com\/it\/camere\/#breadcrumb","itemListElement":[{"@type":"ListItem","position":1,"name":"Home","item":"https:\/\/www.hotellesseps.com\/it\/"},{"@type":"ListItem","position":2,"name":"Camere"}]},{"@type":"WebSite","@id":"https:\/\/www.hotellesseps.com\/it\/#website","url":"https:\/\/www.hotellesseps.com\/it\/","name":"Hotel Ronda Lesseps","description":"Just another ms.decms.eu site","potentialAction":[{"@type":"SearchAction","target":{"@type":"EntryPoint","urlTemplate":"https:\/\/www.hotellesseps.com\/it\/?s={search_term_string}"},"query-input":{"@type":"PropertyValueSpecification","valueRequired":true,"valueName":"search_term_string"}}],"inLanguage":"it-IT"}]}},"acf":[],"_links":{"self":[{"href":"https:\/\/www.hotellesseps.com\/it\/wp-json\/wp\/v2\/pages\/554","targetHints":{"allow":["GET"]}}],"collection":[{"href":"https:\/\/www.hotellesseps.com\/it\/wp-json\/wp\/v2\/pages"}],"about":[{"href":"https:\/\/www.hotellesseps.com\/it\/wp-json\/wp\/v2\/types\/page"}],"author":[{"embeddable":true,"href":"https:\/\/www.hotellesseps.com\/it\/wp-json\/wp\/v2\/users\/4"}],"replies":[{"embeddable":true,"href":"https:\/\/www.hotellesseps.com\/it\/wp-json\/wp\/v2\/comments?post=554"}],"version-history":[{"count":0,"href":"https:\/\/www.hotellesseps.com\/it\/wp-json\/wp\/v2\/pages\/554\/revisions"}],"wp:attachment":[{"href":"https:\/\/www.hotellesseps.com\/it\/wp-json\/wp\/v2\/media?parent=554"}],"curies":[{"name":"wp","href":"https:\/\/api.w.org\/{rel}","templated":true}]}}