{"id":568,"date":"2022-08-12T14:58:07","date_gmt":"2022-08-12T14:58:07","guid":{"rendered":"https:\/\/hotel-ronda-lesseps.ms.decms.eu\/camere\/small-ground-floor-double-room\/"},"modified":"2025-10-01T09:31:55","modified_gmt":"2025-10-01T09:31:55","slug":"camera-piccola-al-piano-terra","status":"publish","type":"page","link":"https:\/\/www.hotellesseps.com\/it\/camere\/camera-piccola-al-piano-terra\/","title":{"rendered":"Camera Piccola al Piano Terra"},"content":{"rendered":"<p>&nbsp;<\/p>\n<p>Scopri il nostro alloggio al piano terra a Barcellona: conveniente e accessibile.<\/p>\n<p>Ideale per i viaggiatori esperti alla ricerca di un valore eccezionale, la nostra camera piccola al piano terra unisce comodit\u00e0 ed efficienza dei costi, proprio nel cuore di Barcellona.<\/p>\n<p>Goditi il \u200b\u200bcomfort di un materasso viscoelastico da 2 metri e concediti il \u200b\u200blusso di una doccia idromassaggio. Rimani connesso con la connessione Wi-Fi ad alta velocit\u00e0 gratuita e divertiti con una TV a schermo piatto da 42 pollici con canali premium. La camera \u00e8 dotata di frigorifero, bollitore per acqua calda per le vostre esigenze di t\u00e8 e caff\u00e8, aria condizionata e cassaforte per la vostra tranquillit\u00e0.<\/p>\n<p>Situata convenientemente al piano terra per un facile accesso, questa camera offre uno spazio accogliente e compatto senza compromettere i comfort delle nostre camere Superior.<\/p>\n<p>Scegli l&#8217;Hotel Ronda Lesseps per un soggiorno economico che supera le aspettative, assicurandoti che la tua visita a Barcellona sia confortevole ed economica.<\/p>\n","protected":false},"excerpt":{"rendered":"<p>&nbsp; Scopri il nostro alloggio al piano terra a Barcellona: conveniente e accessibile. Ideale per i viaggiatori esperti alla ricerca di un valore eccezionale, la nostra camera piccola al piano terra unisce comodit\u00e0 ed efficienza dei costi, proprio nel cuore di Barcellona. Goditi il \u200b\u200bcomfort di un materasso viscoelastico da 2 metri e concediti il [&hellip;]<\/p>\n","protected":false},"author":4,"featured_media":0,"parent":554,"menu_order":40,"comment_status":"closed","ping_status":"closed","template":"template-single-room.php","meta":{"footnotes":""},"class_list":["post-568","page","type-page","status-publish","hentry"],"yoast_head":"<!-- This site is optimized with the Yoast SEO plugin v26.9 - https:\/\/yoast.com\/product\/yoast-seo-wordpress\/ -->\n<title>Camera Piccola al Piano Terra - Hotel Ronda Lesseps -<\/title>\n<meta name=\"description\" content=\"Piccola camera al piano terra per 2 ospiti, in una zona tranquilla di Barcellona, completamente attrezzata per un soggiorno confortevole. Prenota ora!\" \/>\n<meta name=\"robots\" content=\"index, follow, max-snippet:-1, max-image-preview:large, max-video-preview:-1\" \/>\n<link rel=\"canonical\" href=\"https:\/\/www.hotellesseps.com\/it\/camere\/camera-piccola-al-piano-terra\/\" \/>\n<meta property=\"og:locale\" content=\"it_IT\" \/>\n<meta property=\"og:type\" content=\"article\" \/>\n<meta property=\"og:title\" content=\"Camera Piccola al Piano Terra - Hotel Ronda Lesseps -\" \/>\n<meta property=\"og:description\" content=\"Piccola camera al piano terra per 2 ospiti, in una zona tranquilla di Barcellona, completamente attrezzata per un soggiorno confortevole. Prenota ora!\" \/>\n<meta property=\"og:url\" content=\"https:\/\/www.hotellesseps.com\/it\/camere\/camera-piccola-al-piano-terra\/\" \/>\n<meta property=\"og:site_name\" content=\"Hotel Ronda Lesseps\" \/>\n<meta property=\"article:modified_time\" content=\"2025-10-01T09:31:55+00:00\" \/>\n<meta name=\"twitter:card\" content=\"summary_large_image\" \/>\n<meta name=\"twitter:label1\" content=\"Tempo di lettura stimato\" \/>\n\t<meta name=\"twitter:data1\" content=\"1 minuto\" \/>\n<script type=\"application\/ld+json\" class=\"yoast-schema-graph\">{\"@context\":\"https:\/\/schema.org\",\"@graph\":[{\"@type\":\"WebPage\",\"@id\":\"https:\/\/www.hotellesseps.com\/it\/camere\/camera-piccola-al-piano-terra\/\",\"url\":\"https:\/\/www.hotellesseps.com\/it\/camere\/camera-piccola-al-piano-terra\/\",\"name\":\"Camera Piccola al Piano Terra - Hotel Ronda Lesseps -\",\"isPartOf\":{\"@id\":\"https:\/\/www.hotellesseps.com\/it\/#website\"},\"datePublished\":\"2022-08-12T14:58:07+00:00\",\"dateModified\":\"2025-10-01T09:31:55+00:00\",\"description\":\"Piccola camera al piano terra per 2 ospiti, in una zona tranquilla di Barcellona, completamente attrezzata per un soggiorno confortevole. Prenota ora!\",\"breadcrumb\":{\"@id\":\"https:\/\/www.hotellesseps.com\/it\/camere\/camera-piccola-al-piano-terra\/#breadcrumb\"},\"inLanguage\":\"it-IT\",\"potentialAction\":[{\"@type\":\"ReadAction\",\"target\":[\"https:\/\/www.hotellesseps.com\/it\/camere\/camera-piccola-al-piano-terra\/\"]}]},{\"@type\":\"BreadcrumbList\",\"@id\":\"https:\/\/www.hotellesseps.com\/it\/camere\/camera-piccola-al-piano-terra\/#breadcrumb\",\"itemListElement\":[{\"@type\":\"ListItem\",\"position\":1,\"name\":\"Home\",\"item\":\"https:\/\/www.hotellesseps.com\/it\/\"},{\"@type\":\"ListItem\",\"position\":2,\"name\":\"Camere\",\"item\":\"https:\/\/www.hotellesseps.com\/it\/camere\/\"},{\"@type\":\"ListItem\",\"position\":3,\"name\":\"Camera Piccola al Piano Terra\"}]},{\"@type\":\"WebSite\",\"@id\":\"https:\/\/www.hotellesseps.com\/it\/#website\",\"url\":\"https:\/\/www.hotellesseps.com\/it\/\",\"name\":\"Hotel Ronda Lesseps\",\"description\":\"Just another ms.decms.eu site\",\"potentialAction\":[{\"@type\":\"SearchAction\",\"target\":{\"@type\":\"EntryPoint\",\"urlTemplate\":\"https:\/\/www.hotellesseps.com\/it\/?s={search_term_string}\"},\"query-input\":{\"@type\":\"PropertyValueSpecification\",\"valueRequired\":true,\"valueName\":\"search_term_string\"}}],\"inLanguage\":\"it-IT\"}]}<\/script>\n<!-- \/ Yoast SEO plugin. -->","yoast_head_json":{"title":"Camera Piccola al Piano Terra - Hotel Ronda Lesseps -","description":"Piccola camera al piano terra per 2 ospiti, in una zona tranquilla di Barcellona, completamente attrezzata per un soggiorno confortevole. Prenota ora!","robots":{"index":"index","follow":"follow","max-snippet":"max-snippet:-1","max-image-preview":"max-image-preview:large","max-video-preview":"max-video-preview:-1"},"canonical":"https:\/\/www.hotellesseps.com\/it\/camere\/camera-piccola-al-piano-terra\/","og_locale":"it_IT","og_type":"article","og_title":"Camera Piccola al Piano Terra - Hotel Ronda Lesseps -","og_description":"Piccola camera al piano terra per 2 ospiti, in una zona tranquilla di Barcellona, completamente attrezzata per un soggiorno confortevole. Prenota ora!","og_url":"https:\/\/www.hotellesseps.com\/it\/camere\/camera-piccola-al-piano-terra\/","og_site_name":"Hotel Ronda Lesseps","article_modified_time":"2025-10-01T09:31:55+00:00","twitter_card":"summary_large_image","twitter_misc":{"Tempo di lettura stimato":"1 minuto"},"schema":{"@context":"https:\/\/schema.org","@graph":[{"@type":"WebPage","@id":"https:\/\/www.hotellesseps.com\/it\/camere\/camera-piccola-al-piano-terra\/","url":"https:\/\/www.hotellesseps.com\/it\/camere\/camera-piccola-al-piano-terra\/","name":"Camera Piccola al Piano Terra - Hotel Ronda Lesseps -","isPartOf":{"@id":"https:\/\/www.hotellesseps.com\/it\/#website"},"datePublished":"2022-08-12T14:58:07+00:00","dateModified":"2025-10-01T09:31:55+00:00","description":"Piccola camera al piano terra per 2 ospiti, in una zona tranquilla di Barcellona, completamente attrezzata per un soggiorno confortevole. Prenota ora!","breadcrumb":{"@id":"https:\/\/www.hotellesseps.com\/it\/camere\/camera-piccola-al-piano-terra\/#breadcrumb"},"inLanguage":"it-IT","potentialAction":[{"@type":"ReadAction","target":["https:\/\/www.hotellesseps.com\/it\/camere\/camera-piccola-al-piano-terra\/"]}]},{"@type":"BreadcrumbList","@id":"https:\/\/www.hotellesseps.com\/it\/camere\/camera-piccola-al-piano-terra\/#breadcrumb","itemListElement":[{"@type":"ListItem","position":1,"name":"Home","item":"https:\/\/www.hotellesseps.com\/it\/"},{"@type":"ListItem","position":2,"name":"Camere","item":"https:\/\/www.hotellesseps.com\/it\/camere\/"},{"@type":"ListItem","position":3,"name":"Camera Piccola al Piano Terra"}]},{"@type":"WebSite","@id":"https:\/\/www.hotellesseps.com\/it\/#website","url":"https:\/\/www.hotellesseps.com\/it\/","name":"Hotel Ronda Lesseps","description":"Just another ms.decms.eu site","potentialAction":[{"@type":"SearchAction","target":{"@type":"EntryPoint","urlTemplate":"https:\/\/www.hotellesseps.com\/it\/?s={search_term_string}"},"query-input":{"@type":"PropertyValueSpecification","valueRequired":true,"valueName":"search_term_string"}}],"inLanguage":"it-IT"}]}},"acf":[],"_links":{"self":[{"href":"https:\/\/www.hotellesseps.com\/it\/wp-json\/wp\/v2\/pages\/568","targetHints":{"allow":["GET"]}}],"collection":[{"href":"https:\/\/www.hotellesseps.com\/it\/wp-json\/wp\/v2\/pages"}],"about":[{"href":"https:\/\/www.hotellesseps.com\/it\/wp-json\/wp\/v2\/types\/page"}],"author":[{"embeddable":true,"href":"https:\/\/www.hotellesseps.com\/it\/wp-json\/wp\/v2\/users\/4"}],"replies":[{"embeddable":true,"href":"https:\/\/www.hotellesseps.com\/it\/wp-json\/wp\/v2\/comments?post=568"}],"version-history":[{"count":0,"href":"https:\/\/www.hotellesseps.com\/it\/wp-json\/wp\/v2\/pages\/568\/revisions"}],"up":[{"embeddable":true,"href":"https:\/\/www.hotellesseps.com\/it\/wp-json\/wp\/v2\/pages\/554"}],"wp:attachment":[{"href":"https:\/\/www.hotellesseps.com\/it\/wp-json\/wp\/v2\/media?parent=568"}],"curies":[{"name":"wp","href":"https:\/\/api.w.org\/{rel}","templated":true}]}}