{"id":576,"date":"2022-08-12T15:16:19","date_gmt":"2022-08-12T15:16:19","guid":{"rendered":"https:\/\/hotel-ronda-lesseps.ms.decms.eu\/camere\/small-ground-floor-triple-room\/"},"modified":"2025-10-01T10:07:46","modified_gmt":"2025-10-01T10:07:46","slug":"camera-tripla-al-piano-terra","status":"publish","type":"page","link":"https:\/\/www.hotellesseps.com\/it\/camere\/camera-tripla-al-piano-terra\/","title":{"rendered":"Camera Tripla al Piano Terra"},"content":{"rendered":"<p>&nbsp;<\/p>\n<p>Spazioso alloggio per famiglie a Barcellona \u2013 Ideale per famiglie.<\/p>\n<p>La nostra Camera Tripla al Piano Terra offre ampio spazio ed \u00e8 perfettamente attrezzata per ospitare un gruppo di tre persone o una piccola famiglia, rendendola la scelta ideale per chi visita il vivace quartiere Gr\u00e0cia di Barcellona.<\/p>\n<p>Questa camera dispone di due materassi viscoelastici da 2 metri e un divano letto aggiuntivo per accogliere comodamente tutti. Goditi il \u200b\u200blusso rivitalizzante di una doccia idromassaggio, completato dalla connessione Wi-Fi ad alta velocit\u00e0 gratuita, una TV a schermo piatto da 42 pollici con accesso a canali premium, un frigorifero e uno scaldabagno per le tue esigenze di t\u00e8 e caff\u00e8. La camera \u00e8 inoltre dotata di aria condizionata e cassaforte per la vostra tranquillit\u00e0.<\/p>\n<p>Scegli la nostra camera tripla al piano terra per il tuo soggiorno all&#8217;Hotel Ronda Lesseps per garantire un soggiorno memorabile e confortevole per il tuo gruppo o famiglia, proprio nel cuore della zona pi\u00f9 affascinante di Barcellona.<\/p>\n","protected":false},"excerpt":{"rendered":"<p>&nbsp; Spazioso alloggio per famiglie a Barcellona \u2013 Ideale per famiglie. La nostra Camera Tripla al Piano Terra offre ampio spazio ed \u00e8 perfettamente attrezzata per ospitare un gruppo di tre persone o una piccola famiglia, rendendola la scelta ideale per chi visita il vivace quartiere Gr\u00e0cia di Barcellona. Questa camera dispone di due materassi [&hellip;]<\/p>\n","protected":false},"author":4,"featured_media":0,"parent":554,"menu_order":60,"comment_status":"closed","ping_status":"closed","template":"template-single-room.php","meta":{"footnotes":""},"class_list":["post-576","page","type-page","status-publish","hentry"],"yoast_head":"<!-- This site is optimized with the Yoast SEO plugin v26.9 - https:\/\/yoast.com\/product\/yoast-seo-wordpress\/ -->\n<title>Camera Tripla al Piano Terra - Hotel Ronda Lesseps -<\/title>\n<meta name=\"description\" content=\"Camera tripla al piano terra a Barcellona, ideale per famiglie, dotata di tutti i comfort e situata in una posizione tranquilla vicino al centro.\" \/>\n<meta name=\"robots\" content=\"index, follow, max-snippet:-1, max-image-preview:large, max-video-preview:-1\" \/>\n<link rel=\"canonical\" href=\"https:\/\/www.hotellesseps.com\/it\/camere\/camera-tripla-al-piano-terra\/\" \/>\n<meta property=\"og:locale\" content=\"it_IT\" \/>\n<meta property=\"og:type\" content=\"article\" \/>\n<meta property=\"og:title\" content=\"Camera Tripla al Piano Terra - Hotel Ronda Lesseps -\" \/>\n<meta property=\"og:description\" content=\"Camera tripla al piano terra a Barcellona, ideale per famiglie, dotata di tutti i comfort e situata in una posizione tranquilla vicino al centro.\" \/>\n<meta property=\"og:url\" content=\"https:\/\/www.hotellesseps.com\/it\/camere\/camera-tripla-al-piano-terra\/\" \/>\n<meta property=\"og:site_name\" content=\"Hotel Ronda Lesseps\" \/>\n<meta property=\"article:modified_time\" content=\"2025-10-01T10:07:46+00:00\" \/>\n<meta name=\"twitter:card\" content=\"summary_large_image\" \/>\n<meta name=\"twitter:label1\" content=\"Tempo di lettura stimato\" \/>\n\t<meta name=\"twitter:data1\" content=\"1 minuto\" \/>\n<script type=\"application\/ld+json\" class=\"yoast-schema-graph\">{\"@context\":\"https:\/\/schema.org\",\"@graph\":[{\"@type\":\"WebPage\",\"@id\":\"https:\/\/www.hotellesseps.com\/it\/camere\/camera-tripla-al-piano-terra\/\",\"url\":\"https:\/\/www.hotellesseps.com\/it\/camere\/camera-tripla-al-piano-terra\/\",\"name\":\"Camera Tripla al Piano Terra - Hotel Ronda Lesseps -\",\"isPartOf\":{\"@id\":\"https:\/\/www.hotellesseps.com\/it\/#website\"},\"datePublished\":\"2022-08-12T15:16:19+00:00\",\"dateModified\":\"2025-10-01T10:07:46+00:00\",\"description\":\"Camera tripla al piano terra a Barcellona, ideale per famiglie, dotata di tutti i comfort e situata in una posizione tranquilla vicino al centro.\",\"breadcrumb\":{\"@id\":\"https:\/\/www.hotellesseps.com\/it\/camere\/camera-tripla-al-piano-terra\/#breadcrumb\"},\"inLanguage\":\"it-IT\",\"potentialAction\":[{\"@type\":\"ReadAction\",\"target\":[\"https:\/\/www.hotellesseps.com\/it\/camere\/camera-tripla-al-piano-terra\/\"]}]},{\"@type\":\"BreadcrumbList\",\"@id\":\"https:\/\/www.hotellesseps.com\/it\/camere\/camera-tripla-al-piano-terra\/#breadcrumb\",\"itemListElement\":[{\"@type\":\"ListItem\",\"position\":1,\"name\":\"Home\",\"item\":\"https:\/\/www.hotellesseps.com\/it\/\"},{\"@type\":\"ListItem\",\"position\":2,\"name\":\"Camere\",\"item\":\"https:\/\/www.hotellesseps.com\/it\/camere\/\"},{\"@type\":\"ListItem\",\"position\":3,\"name\":\"Camera Tripla al Piano Terra\"}]},{\"@type\":\"WebSite\",\"@id\":\"https:\/\/www.hotellesseps.com\/it\/#website\",\"url\":\"https:\/\/www.hotellesseps.com\/it\/\",\"name\":\"Hotel Ronda Lesseps\",\"description\":\"Just another ms.decms.eu site\",\"potentialAction\":[{\"@type\":\"SearchAction\",\"target\":{\"@type\":\"EntryPoint\",\"urlTemplate\":\"https:\/\/www.hotellesseps.com\/it\/?s={search_term_string}\"},\"query-input\":{\"@type\":\"PropertyValueSpecification\",\"valueRequired\":true,\"valueName\":\"search_term_string\"}}],\"inLanguage\":\"it-IT\"}]}<\/script>\n<!-- \/ Yoast SEO plugin. -->","yoast_head_json":{"title":"Camera Tripla al Piano Terra - Hotel Ronda Lesseps -","description":"Camera tripla al piano terra a Barcellona, ideale per famiglie, dotata di tutti i comfort e situata in una posizione tranquilla vicino al centro.","robots":{"index":"index","follow":"follow","max-snippet":"max-snippet:-1","max-image-preview":"max-image-preview:large","max-video-preview":"max-video-preview:-1"},"canonical":"https:\/\/www.hotellesseps.com\/it\/camere\/camera-tripla-al-piano-terra\/","og_locale":"it_IT","og_type":"article","og_title":"Camera Tripla al Piano Terra - Hotel Ronda Lesseps -","og_description":"Camera tripla al piano terra a Barcellona, ideale per famiglie, dotata di tutti i comfort e situata in una posizione tranquilla vicino al centro.","og_url":"https:\/\/www.hotellesseps.com\/it\/camere\/camera-tripla-al-piano-terra\/","og_site_name":"Hotel Ronda Lesseps","article_modified_time":"2025-10-01T10:07:46+00:00","twitter_card":"summary_large_image","twitter_misc":{"Tempo di lettura stimato":"1 minuto"},"schema":{"@context":"https:\/\/schema.org","@graph":[{"@type":"WebPage","@id":"https:\/\/www.hotellesseps.com\/it\/camere\/camera-tripla-al-piano-terra\/","url":"https:\/\/www.hotellesseps.com\/it\/camere\/camera-tripla-al-piano-terra\/","name":"Camera Tripla al Piano Terra - Hotel Ronda Lesseps -","isPartOf":{"@id":"https:\/\/www.hotellesseps.com\/it\/#website"},"datePublished":"2022-08-12T15:16:19+00:00","dateModified":"2025-10-01T10:07:46+00:00","description":"Camera tripla al piano terra a Barcellona, ideale per famiglie, dotata di tutti i comfort e situata in una posizione tranquilla vicino al centro.","breadcrumb":{"@id":"https:\/\/www.hotellesseps.com\/it\/camere\/camera-tripla-al-piano-terra\/#breadcrumb"},"inLanguage":"it-IT","potentialAction":[{"@type":"ReadAction","target":["https:\/\/www.hotellesseps.com\/it\/camere\/camera-tripla-al-piano-terra\/"]}]},{"@type":"BreadcrumbList","@id":"https:\/\/www.hotellesseps.com\/it\/camere\/camera-tripla-al-piano-terra\/#breadcrumb","itemListElement":[{"@type":"ListItem","position":1,"name":"Home","item":"https:\/\/www.hotellesseps.com\/it\/"},{"@type":"ListItem","position":2,"name":"Camere","item":"https:\/\/www.hotellesseps.com\/it\/camere\/"},{"@type":"ListItem","position":3,"name":"Camera Tripla al Piano Terra"}]},{"@type":"WebSite","@id":"https:\/\/www.hotellesseps.com\/it\/#website","url":"https:\/\/www.hotellesseps.com\/it\/","name":"Hotel Ronda Lesseps","description":"Just another ms.decms.eu site","potentialAction":[{"@type":"SearchAction","target":{"@type":"EntryPoint","urlTemplate":"https:\/\/www.hotellesseps.com\/it\/?s={search_term_string}"},"query-input":{"@type":"PropertyValueSpecification","valueRequired":true,"valueName":"search_term_string"}}],"inLanguage":"it-IT"}]}},"acf":[],"_links":{"self":[{"href":"https:\/\/www.hotellesseps.com\/it\/wp-json\/wp\/v2\/pages\/576","targetHints":{"allow":["GET"]}}],"collection":[{"href":"https:\/\/www.hotellesseps.com\/it\/wp-json\/wp\/v2\/pages"}],"about":[{"href":"https:\/\/www.hotellesseps.com\/it\/wp-json\/wp\/v2\/types\/page"}],"author":[{"embeddable":true,"href":"https:\/\/www.hotellesseps.com\/it\/wp-json\/wp\/v2\/users\/4"}],"replies":[{"embeddable":true,"href":"https:\/\/www.hotellesseps.com\/it\/wp-json\/wp\/v2\/comments?post=576"}],"version-history":[{"count":0,"href":"https:\/\/www.hotellesseps.com\/it\/wp-json\/wp\/v2\/pages\/576\/revisions"}],"up":[{"embeddable":true,"href":"https:\/\/www.hotellesseps.com\/it\/wp-json\/wp\/v2\/pages\/554"}],"wp:attachment":[{"href":"https:\/\/www.hotellesseps.com\/it\/wp-json\/wp\/v2\/media?parent=576"}],"curies":[{"name":"wp","href":"https:\/\/api.w.org\/{rel}","templated":true}]}}