{"id":596,"date":"2022-04-28T14:10:32","date_gmt":"2022-04-28T14:10:32","guid":{"rendered":"https:\/\/hotel-ronda-lesseps.ms.decms.eu\/location-contact\/"},"modified":"2025-10-01T10:44:32","modified_gmt":"2025-10-01T10:44:32","slug":"posizione-contatti","status":"publish","type":"page","link":"https:\/\/www.hotellesseps.com\/it\/posizione-contatti\/","title":{"rendered":"Posizione &amp; Contatti"},"content":{"rendered":"<p style=\"text-align: center\">Perfettamente posizionato nel cuore di Barcellona, il nostro hotel offre un accesso diretto alle attrazioni pi\u00f9 affascinanti della citt\u00e0, grazie agli ottimi collegamenti con i trasporti pubblici. Abbraccia lo spirito del viaggiatore mentre esplori il vicino quartiere storico di Gr\u00e0cia, pieno di fascino e carattere.<\/p>\n<p style=\"text-align: center\">E non \u00e8 tutto: il famoso Parco G\u00fcell, realizzato dal visionario architetto Antoni Gaud\u00ed, \u00e8 a soli dieci minuti di piacevole passeggiata. Preparati ad essere incantato dalla sua bellezza maestosa e dalla sua brillantezza creativa.<\/p>\n","protected":false},"excerpt":{"rendered":"<p>Perfettamente posizionato nel cuore di Barcellona, il nostro hotel offre un accesso diretto alle attrazioni pi\u00f9 affascinanti della citt\u00e0, grazie agli ottimi collegamenti con i trasporti pubblici. Abbraccia lo spirito del viaggiatore mentre esplori il vicino quartiere storico di Gr\u00e0cia, pieno di fascino e carattere. E non \u00e8 tutto: il famoso Parco G\u00fcell, realizzato dal [&hellip;]<\/p>\n","protected":false},"author":4,"featured_media":0,"parent":0,"menu_order":70,"comment_status":"closed","ping_status":"closed","template":"template-location.php","meta":{"footnotes":""},"class_list":["post-596","page","type-page","status-publish","hentry"],"yoast_head":"<!-- This site is optimized with the Yoast SEO plugin v26.9 - https:\/\/yoast.com\/product\/yoast-seo-wordpress\/ -->\n<title>Posizione &amp; Contatti - Hotel Ronda Lesseps -<\/title>\n<meta name=\"description\" content=\"Hotel situato nel cuore di Barcellona, vicino a Gr\u00e0cia e a 10 minuti a piedi dal Park G\u00fcell, con ottimi collegamenti con i mezzi pubblici.\" \/>\n<meta name=\"robots\" content=\"index, follow, max-snippet:-1, max-image-preview:large, max-video-preview:-1\" \/>\n<link rel=\"canonical\" href=\"https:\/\/www.hotellesseps.com\/it\/posizione-contatti\/\" \/>\n<meta property=\"og:locale\" content=\"it_IT\" \/>\n<meta property=\"og:type\" content=\"article\" \/>\n<meta property=\"og:title\" content=\"Posizione &amp; Contatti - Hotel Ronda Lesseps -\" \/>\n<meta property=\"og:description\" content=\"Hotel situato nel cuore di Barcellona, vicino a Gr\u00e0cia e a 10 minuti a piedi dal Park G\u00fcell, con ottimi collegamenti con i mezzi pubblici.\" \/>\n<meta property=\"og:url\" content=\"https:\/\/www.hotellesseps.com\/it\/posizione-contatti\/\" \/>\n<meta property=\"og:site_name\" content=\"Hotel Ronda Lesseps\" \/>\n<meta property=\"article:modified_time\" content=\"2025-10-01T10:44:32+00:00\" \/>\n<meta name=\"twitter:card\" content=\"summary_large_image\" \/>\n<meta name=\"twitter:label1\" content=\"Tempo di lettura stimato\" \/>\n\t<meta name=\"twitter:data1\" content=\"1 minuto\" \/>\n<script type=\"application\/ld+json\" class=\"yoast-schema-graph\">{\"@context\":\"https:\/\/schema.org\",\"@graph\":[{\"@type\":\"WebPage\",\"@id\":\"https:\/\/www.hotellesseps.com\/it\/posizione-contatti\/\",\"url\":\"https:\/\/www.hotellesseps.com\/it\/posizione-contatti\/\",\"name\":\"Posizione &amp; Contatti - Hotel Ronda Lesseps -\",\"isPartOf\":{\"@id\":\"https:\/\/www.hotellesseps.com\/it\/#website\"},\"datePublished\":\"2022-04-28T14:10:32+00:00\",\"dateModified\":\"2025-10-01T10:44:32+00:00\",\"description\":\"Hotel situato nel cuore di Barcellona, vicino a Gr\u00e0cia e a 10 minuti a piedi dal Park G\u00fcell, con ottimi collegamenti con i mezzi pubblici.\",\"breadcrumb\":{\"@id\":\"https:\/\/www.hotellesseps.com\/it\/posizione-contatti\/#breadcrumb\"},\"inLanguage\":\"it-IT\",\"potentialAction\":[{\"@type\":\"ReadAction\",\"target\":[\"https:\/\/www.hotellesseps.com\/it\/posizione-contatti\/\"]}]},{\"@type\":\"BreadcrumbList\",\"@id\":\"https:\/\/www.hotellesseps.com\/it\/posizione-contatti\/#breadcrumb\",\"itemListElement\":[{\"@type\":\"ListItem\",\"position\":1,\"name\":\"Home\",\"item\":\"https:\/\/www.hotellesseps.com\/it\/\"},{\"@type\":\"ListItem\",\"position\":2,\"name\":\"Posizione &amp; Contatti\"}]},{\"@type\":\"WebSite\",\"@id\":\"https:\/\/www.hotellesseps.com\/it\/#website\",\"url\":\"https:\/\/www.hotellesseps.com\/it\/\",\"name\":\"Hotel Ronda Lesseps\",\"description\":\"Just another ms.decms.eu site\",\"potentialAction\":[{\"@type\":\"SearchAction\",\"target\":{\"@type\":\"EntryPoint\",\"urlTemplate\":\"https:\/\/www.hotellesseps.com\/it\/?s={search_term_string}\"},\"query-input\":{\"@type\":\"PropertyValueSpecification\",\"valueRequired\":true,\"valueName\":\"search_term_string\"}}],\"inLanguage\":\"it-IT\"}]}<\/script>\n<!-- \/ Yoast SEO plugin. -->","yoast_head_json":{"title":"Posizione &amp; Contatti - Hotel Ronda Lesseps -","description":"Hotel situato nel cuore di Barcellona, vicino a Gr\u00e0cia e a 10 minuti a piedi dal Park G\u00fcell, con ottimi collegamenti con i mezzi pubblici.","robots":{"index":"index","follow":"follow","max-snippet":"max-snippet:-1","max-image-preview":"max-image-preview:large","max-video-preview":"max-video-preview:-1"},"canonical":"https:\/\/www.hotellesseps.com\/it\/posizione-contatti\/","og_locale":"it_IT","og_type":"article","og_title":"Posizione &amp; Contatti - Hotel Ronda Lesseps -","og_description":"Hotel situato nel cuore di Barcellona, vicino a Gr\u00e0cia e a 10 minuti a piedi dal Park G\u00fcell, con ottimi collegamenti con i mezzi pubblici.","og_url":"https:\/\/www.hotellesseps.com\/it\/posizione-contatti\/","og_site_name":"Hotel Ronda Lesseps","article_modified_time":"2025-10-01T10:44:32+00:00","twitter_card":"summary_large_image","twitter_misc":{"Tempo di lettura stimato":"1 minuto"},"schema":{"@context":"https:\/\/schema.org","@graph":[{"@type":"WebPage","@id":"https:\/\/www.hotellesseps.com\/it\/posizione-contatti\/","url":"https:\/\/www.hotellesseps.com\/it\/posizione-contatti\/","name":"Posizione &amp; Contatti - Hotel Ronda Lesseps -","isPartOf":{"@id":"https:\/\/www.hotellesseps.com\/it\/#website"},"datePublished":"2022-04-28T14:10:32+00:00","dateModified":"2025-10-01T10:44:32+00:00","description":"Hotel situato nel cuore di Barcellona, vicino a Gr\u00e0cia e a 10 minuti a piedi dal Park G\u00fcell, con ottimi collegamenti con i mezzi pubblici.","breadcrumb":{"@id":"https:\/\/www.hotellesseps.com\/it\/posizione-contatti\/#breadcrumb"},"inLanguage":"it-IT","potentialAction":[{"@type":"ReadAction","target":["https:\/\/www.hotellesseps.com\/it\/posizione-contatti\/"]}]},{"@type":"BreadcrumbList","@id":"https:\/\/www.hotellesseps.com\/it\/posizione-contatti\/#breadcrumb","itemListElement":[{"@type":"ListItem","position":1,"name":"Home","item":"https:\/\/www.hotellesseps.com\/it\/"},{"@type":"ListItem","position":2,"name":"Posizione &amp; Contatti"}]},{"@type":"WebSite","@id":"https:\/\/www.hotellesseps.com\/it\/#website","url":"https:\/\/www.hotellesseps.com\/it\/","name":"Hotel Ronda Lesseps","description":"Just another ms.decms.eu site","potentialAction":[{"@type":"SearchAction","target":{"@type":"EntryPoint","urlTemplate":"https:\/\/www.hotellesseps.com\/it\/?s={search_term_string}"},"query-input":{"@type":"PropertyValueSpecification","valueRequired":true,"valueName":"search_term_string"}}],"inLanguage":"it-IT"}]}},"acf":[],"_links":{"self":[{"href":"https:\/\/www.hotellesseps.com\/it\/wp-json\/wp\/v2\/pages\/596","targetHints":{"allow":["GET"]}}],"collection":[{"href":"https:\/\/www.hotellesseps.com\/it\/wp-json\/wp\/v2\/pages"}],"about":[{"href":"https:\/\/www.hotellesseps.com\/it\/wp-json\/wp\/v2\/types\/page"}],"author":[{"embeddable":true,"href":"https:\/\/www.hotellesseps.com\/it\/wp-json\/wp\/v2\/users\/4"}],"replies":[{"embeddable":true,"href":"https:\/\/www.hotellesseps.com\/it\/wp-json\/wp\/v2\/comments?post=596"}],"version-history":[{"count":0,"href":"https:\/\/www.hotellesseps.com\/it\/wp-json\/wp\/v2\/pages\/596\/revisions"}],"wp:attachment":[{"href":"https:\/\/www.hotellesseps.com\/it\/wp-json\/wp\/v2\/media?parent=596"}],"curies":[{"name":"wp","href":"https:\/\/api.w.org\/{rel}","templated":true}]}}